{"id":19,"date":"2025-05-16T17:17:48","date_gmt":"2025-05-16T15:17:48","guid":{"rendered":"http:\/\/stadt-leipzig.htwk-leipzig.de\/zentrum-ost\/?page_id=19"},"modified":"2025-06-25T14:57:06","modified_gmt":"2025-06-25T12:57:06","slug":"natur","status":"publish","type":"page","link":"https:\/\/stadt-leipzig.htwk-leipzig.de\/zentrum-ost\/?page_id=19","title":{"rendered":"Natur"},"content":{"rendered":"\n<h3 class=\"wp-block-heading\"><strong>Marienplatz<\/strong><\/h3>\n\n\n\n<div class=\"wp-block-stackable-columns stk-block-columns stk-block stk-7f3a531\" data-block-id=\"7f3a531\"><style>.stk-7f3a531-column{--stk-columns-spacing:var(--stk--preset--spacing--none, 0px) !important;--stk-column-gap:var(--stk--preset--spacing--40, 1rem) !important;}<\/style><div class=\"stk-row stk-inner-blocks stk-block-content stk-content-align stk-7f3a531-column\">\n<div class=\"wp-block-stackable-column stk-block-column stk-column stk-block stk-b0df0b7\" data-v=\"4\" data-block-id=\"b0df0b7\"><style>@media screen and (min-width:690px){.stk-b0df0b7 {flex:var(--stk-flex-grow, 1) 1 66.7% !important;}}<\/style><div class=\"stk-column-wrapper stk-block-column__content stk-container stk-b0df0b7-container stk--no-background stk--no-padding\"><div class=\"stk-block-content stk-inner-blocks stk-b0df0b7-inner-blocks\">\n<p>Der Marienplatz ist ein sogenannter Schmuckplatz im Leipziger Stadtteil Zentrum\u2011Ost und z\u00e4hlt zu den ersten begr\u00fcn\u00adten Stadtpl\u00e4tzen der Stadt. Er steht unter Denkmalschutz.<br><br>Angelegt wurde der Platz um 1850 und im Jahr 1993 historisch wiederhergestellt. Der rechteckige Platz ist etwa 120\u202fMeter lang und 50\u202fMeter breit. Er wird von Doppelreihen aus Linden ges\u00e4umt und in der Mitte steht ein bepflanztes Rondell mit einem Springbrunnen in einem rund\u202f8\u2011Meter\u2011Becken.&nbsp;Rund um die Gr\u00fcnanlage verlaufen befestigte Wege mit Parkb\u00e4nken. An der \u00f6stlichen Seite zur Langen Stra\u00dfe ist eine historische Handschwengelpumpe erhalten und restauriert.<br><br>Im 19.\u202fJahrhundert entstand der Platz im Zuge der Stadterweiterung nach Osten, als in der Marienvorstadt gro\u00dfz\u00fcgige Wohnvillen gebaut wurden. Die heutige Ausstattung geht auf das Werk des Ratsg\u00e4rtners Otto Wittenberg (1878\u201379) zur\u00fcck, insbesondere das Rondell-Layout mit angrenzenden Wiesenfl\u00e4chen.&nbsp;W\u00e4hrend des Zweiten Weltkriegs wurde das umliegende Viertel stark besch\u00e4digt, die Gr\u00fcnanlage blieb jedoch weitgehend erhalten.<br><br>In den 1990er Jahren wurden der Springbrunnen rekonstruiert, Parkb\u00e4nke nach historischem Vorbild erg\u00e4nzt und das Rondell mit Gittern eingefasst. Seitdem dient der Platz als \u00f6ffentlich zug\u00e4ngliche, begr\u00fcnte Erholungsfl\u00e4che im urbanen Umfeld.<\/p>\n<\/div><\/div><\/div>\n\n\n\n<div class=\"wp-block-stackable-column stk-block-column stk-column stk-block stk-9a6b640\" data-v=\"4\" data-block-id=\"9a6b640\"><style>@media screen and (min-width:690px){.stk-9a6b640 {flex:var(--stk-flex-grow, 1) 1 33.3% !important;}}<\/style><div class=\"stk-column-wrapper stk-block-column__content stk-container stk-9a6b640-container stk--no-background stk--no-padding\"><div class=\"stk-block-content stk-inner-blocks stk-9a6b640-inner-blocks\">\n<div class=\"wp-block-stackable-image stk-block-image stk-block stk-eeba209\" data-block-id=\"eeba209\"><style>.stk-eeba209 .stk-img-figcaption{text-align:center !important;font-size:10px !important;}@media screen and (max-width:999px){.stk-eeba209 .stk-img-figcaption{font-size:10px !important;}}<\/style><figure><span class=\"stk-img-wrapper stk-image--shape-stretch stk--has-lightbox\"><img loading=\"lazy\" decoding=\"async\" class=\"stk-img wp-image-71\" src=\"http:\/\/stadt-leipzig.htwk-leipzig.de\/zentrum-ost\/wp-content\/uploads\/2025\/06\/IMG_3944-scaled.jpg\" width=\"1707\" height=\"2560\" alt=\"Marienplatz\" srcset=\"https:\/\/stadt-leipzig.htwk-leipzig.de\/zentrum-ost\/wp-content\/uploads\/2025\/06\/IMG_3944-scaled.jpg 1707w, https:\/\/stadt-leipzig.htwk-leipzig.de\/zentrum-ost\/wp-content\/uploads\/2025\/06\/IMG_3944-200x300.jpg 200w, https:\/\/stadt-leipzig.htwk-leipzig.de\/zentrum-ost\/wp-content\/uploads\/2025\/06\/IMG_3944-683x1024.jpg 683w, https:\/\/stadt-leipzig.htwk-leipzig.de\/zentrum-ost\/wp-content\/uploads\/2025\/06\/IMG_3944-768x1152.jpg 768w, https:\/\/stadt-leipzig.htwk-leipzig.de\/zentrum-ost\/wp-content\/uploads\/2025\/06\/IMG_3944-1024x1536.jpg 1024w, https:\/\/stadt-leipzig.htwk-leipzig.de\/zentrum-ost\/wp-content\/uploads\/2025\/06\/IMG_3944-1365x2048.jpg 1365w\" sizes=\"auto, (max-width: 1707px) 100vw, 1707px\" \/><\/span><figcaption class=\"stk-img-figcaption\">Teresa Urban, 2025<\/figcaption><\/figure><\/div>\n<\/div><\/div><\/div>\n<\/div><\/div>\n","protected":false},"excerpt":{"rendered":"<p>Marienplatz Der Marienplatz ist ein sogenannter Schmuckplatz im Leipziger Stadtteil Zentrum\u2011Ost und z\u00e4hlt zu den ersten begr\u00fcn\u00adten Stadtpl\u00e4tzen der Stadt. Er steht unter Denkmalschutz. Angelegt wurde der Platz um 1850 und im Jahr 1993 historisch wiederhergestellt. Der rechteckige Platz ist etwa 120\u202fMeter lang und 50\u202fMeter breit. Er wird von Doppelreihen aus Linden ges\u00e4umt und in [&hellip;]<\/p>\n","protected":false},"author":1,"featured_media":0,"parent":0,"menu_order":0,"comment_status":"closed","ping_status":"closed","template":"","meta":{"footnotes":""},"class_list":["post-19","page","type-page","status-publish","hentry"],"blocksy_meta":[],"_links":{"self":[{"href":"https:\/\/stadt-leipzig.htwk-leipzig.de\/zentrum-ost\/index.php?rest_route=\/wp\/v2\/pages\/19","targetHints":{"allow":["GET"]}}],"collection":[{"href":"https:\/\/stadt-leipzig.htwk-leipzig.de\/zentrum-ost\/index.php?rest_route=\/wp\/v2\/pages"}],"about":[{"href":"https:\/\/stadt-leipzig.htwk-leipzig.de\/zentrum-ost\/index.php?rest_route=\/wp\/v2\/types\/page"}],"author":[{"embeddable":true,"href":"https:\/\/stadt-leipzig.htwk-leipzig.de\/zentrum-ost\/index.php?rest_route=\/wp\/v2\/users\/1"}],"replies":[{"embeddable":true,"href":"https:\/\/stadt-leipzig.htwk-leipzig.de\/zentrum-ost\/index.php?rest_route=%2Fwp%2Fv2%2Fcomments&post=19"}],"version-history":[{"count":5,"href":"https:\/\/stadt-leipzig.htwk-leipzig.de\/zentrum-ost\/index.php?rest_route=\/wp\/v2\/pages\/19\/revisions"}],"predecessor-version":[{"id":263,"href":"https:\/\/stadt-leipzig.htwk-leipzig.de\/zentrum-ost\/index.php?rest_route=\/wp\/v2\/pages\/19\/revisions\/263"}],"wp:attachment":[{"href":"https:\/\/stadt-leipzig.htwk-leipzig.de\/zentrum-ost\/index.php?rest_route=%2Fwp%2Fv2%2Fmedia&parent=19"}],"curies":[{"name":"wp","href":"https:\/\/api.w.org\/{rel}","templated":true}]}}