{"id":19,"date":"2025-05-16T17:17:48","date_gmt":"2025-05-16T15:17:48","guid":{"rendered":"http:\/\/localhost\/Wahren\/?page_id=19"},"modified":"2025-07-09T15:35:20","modified_gmt":"2025-07-09T13:35:20","slug":"natur","status":"publish","type":"page","link":"https:\/\/stadt-leipzig.htwk-leipzig.de\/wahren\/?page_id=19","title":{"rendered":"Natur"},"content":{"rendered":"\n<div id=\"auensee\" class=\"wp-block-group is-layout-constrained wp-block-group-is-layout-constrained\">\n<h3 class=\"wp-block-heading\">Der Auensee<\/h3>\n\n\n\n<p>Im Westen von Leipzig, eingebettet zwischen Auwald und Wohngebiet, liegt der Auensee \u2013 eines der beliebtesten Naherholungsgebiete der Stadt und ein echtes Wahrzeichen von Wahren. Entstanden ist der See in den 1910er-Jahren durch den Abbau von Kies f\u00fcr den Bau des Leipziger Hauptbahnhofs. Heute pr\u00e4sentiert sich das ehemalige Tagebauloch als gr\u00fcne Oase mit vielf\u00e4ltigen Freizeit- und Naturerlebnissen.<br><br>Der rund 12 Hektar gro\u00dfe See ist von einem park\u00e4hnlichen Gel\u00e4nde umgeben, das zum Spazieren, Radfahren oder Verweilen einl\u00e4dt. Ein Rundweg f\u00fchrt in etwa 1,5 Kilometern um das Gew\u00e4sser und bietet immer wieder sch\u00f6ne Ausblicke aufs Wasser. Besonders beliebt ist der See bei Familien, denn hier befindet sich auch die\u00a0<a href=\"http:\/\/stadt-leipzig.htwk-leipzig.de\/wahren\/?page_id=21#parkeisenbahn\" data-type=\"page\" data-id=\"21\">Parkeisenbahn Auensee<\/a>, eine kleine Schmalspurbahn, die seit Jahrzehnten Kinder und Erwachsene begeistert.<br><br>Auch f\u00fcr Naturfreunde ist der Auensee ein lohnendes Ziel. In den umliegenden Auwaldfl\u00e4chen und Feuchtgebieten leben zahlreiche Vogelarten, Amphibien und Insekten. Der See selbst ist Lebensraum f\u00fcr Wasserv\u00f6gel wie Enten, Blessh\u00fchner oder Reiher. Wer genau hinsieht, entdeckt Libellen, Eichh\u00f6rnchen oder gelegentlich sogar einen Eisvogel.<br><br><strong>Tipp:<\/strong>\u00a0Der Auensee ist gut mit dem Fahrrad erreichbar, und auch mit \u00f6ffentlichen Verkehrsmitteln gelangt man bequem dorthin. In den Sommermonaten laden Kioske und Imbisse zum Verweilen ein \u2013 ideal f\u00fcr einen Tagesausflug oder eine entspannte Pause im Gr\u00fcnen.<br><br>Ob Naturbeobachtung, Familienausflug oder einfach ein Moment der Ruhe am Wasser: Der Auensee verbindet st\u00e4dtisches Leben mit Naturerlebnis auf besonders charmante Weise.<\/p>\n\n\n\n<div class=\"wp-block-stackable-columns stk-block-columns stk-block stk-975401f\" data-block-id=\"975401f\"><style>.stk-975401f-column{--stk-columns-spacing:var(--stk--preset--spacing--none, 0px) !important;--stk-column-gap:var(--stk--preset--spacing--40, 1rem) !important;}<\/style><div class=\"stk-row stk-inner-blocks stk-block-content stk-content-align stk-975401f-column\">\n<div class=\"wp-block-stackable-column stk-block-column stk-column stk-block stk-5e6fcbd\" data-v=\"4\" data-block-id=\"5e6fcbd\"><div class=\"stk-column-wrapper stk-block-column__content stk-container stk-5e6fcbd-container stk--no-background stk--no-padding\"><div class=\"stk-block-content stk-inner-blocks stk-5e6fcbd-inner-blocks\">\n<div class=\"wp-block-stackable-image stk-block-image stk-block stk-fa174d3\" data-block-id=\"fa174d3\"><style>.stk-fa174d3 .stk-img-figcaption{text-align:center !important;font-size:10px !important;}@media screen and (max-width:999px){.stk-fa174d3 .stk-img-figcaption{font-size:10px !important;}}<\/style><figure><span class=\"stk-img-wrapper stk-image--shape-stretch stk--has-lightbox\"><img loading=\"lazy\" decoding=\"async\" class=\"stk-img wp-image-202\" src=\"http:\/\/stadt-leipzig.htwk-leipzig.de\/wahren\/wp-content\/uploads\/2025\/07\/Auensee1-scaled.jpg\" width=\"2560\" height=\"1707\" alt=\"Auensee\" srcset=\"https:\/\/stadt-leipzig.htwk-leipzig.de\/wahren\/wp-content\/uploads\/2025\/07\/Auensee1-scaled.jpg 2560w, https:\/\/stadt-leipzig.htwk-leipzig.de\/wahren\/wp-content\/uploads\/2025\/07\/Auensee1-300x200.jpg 300w, https:\/\/stadt-leipzig.htwk-leipzig.de\/wahren\/wp-content\/uploads\/2025\/07\/Auensee1-1024x683.jpg 1024w, https:\/\/stadt-leipzig.htwk-leipzig.de\/wahren\/wp-content\/uploads\/2025\/07\/Auensee1-768x512.jpg 768w, https:\/\/stadt-leipzig.htwk-leipzig.de\/wahren\/wp-content\/uploads\/2025\/07\/Auensee1-1536x1024.jpg 1536w, https:\/\/stadt-leipzig.htwk-leipzig.de\/wahren\/wp-content\/uploads\/2025\/07\/Auensee1-2048x1365.jpg 2048w\" sizes=\"auto, (max-width: 2560px) 100vw, 2560px\" \/><\/span><figcaption class=\"stk-img-figcaption\">Zoe Krug, 2025<\/figcaption><\/figure><\/div>\n<\/div><\/div><\/div>\n\n\n\n<div class=\"wp-block-stackable-column stk-block-column stk-column stk-block stk-c853535\" data-v=\"4\" data-block-id=\"c853535\"><div class=\"stk-column-wrapper stk-block-column__content stk-container stk-c853535-container stk--no-background stk--no-padding\"><div class=\"stk-block-content stk-inner-blocks stk-c853535-inner-blocks\">\n<div class=\"wp-block-stackable-image stk-block-image stk-block stk-5197d79\" data-block-id=\"5197d79\"><style>.stk-5197d79 .stk-img-figcaption{text-align:center !important;font-size:10px !important;}@media screen and (max-width:999px){.stk-5197d79 .stk-img-figcaption{font-size:10px !important;}}<\/style><figure><span class=\"stk-img-wrapper stk-image--shape-stretch stk--has-lightbox\"><img loading=\"lazy\" decoding=\"async\" class=\"stk-img wp-image-203\" src=\"http:\/\/stadt-leipzig.htwk-leipzig.de\/wahren\/wp-content\/uploads\/2025\/07\/Auensee2-scaled.jpg\" width=\"2560\" height=\"1707\" alt=\"Auensee\" srcset=\"https:\/\/stadt-leipzig.htwk-leipzig.de\/wahren\/wp-content\/uploads\/2025\/07\/Auensee2-scaled.jpg 2560w, https:\/\/stadt-leipzig.htwk-leipzig.de\/wahren\/wp-content\/uploads\/2025\/07\/Auensee2-300x200.jpg 300w, https:\/\/stadt-leipzig.htwk-leipzig.de\/wahren\/wp-content\/uploads\/2025\/07\/Auensee2-1024x683.jpg 1024w, https:\/\/stadt-leipzig.htwk-leipzig.de\/wahren\/wp-content\/uploads\/2025\/07\/Auensee2-768x512.jpg 768w, https:\/\/stadt-leipzig.htwk-leipzig.de\/wahren\/wp-content\/uploads\/2025\/07\/Auensee2-1536x1024.jpg 1536w, https:\/\/stadt-leipzig.htwk-leipzig.de\/wahren\/wp-content\/uploads\/2025\/07\/Auensee2-2048x1365.jpg 2048w\" sizes=\"auto, (max-width: 2560px) 100vw, 2560px\" \/><\/span><figcaption class=\"stk-img-figcaption\">Zoe Krug, 2025<\/figcaption><\/figure><\/div>\n<\/div><\/div><\/div>\n\n\n\n<div class=\"wp-block-stackable-column stk-block-column stk-column stk-block stk-c1d5987\" data-v=\"4\" data-block-id=\"c1d5987\"><div class=\"stk-column-wrapper stk-block-column__content stk-container stk-c1d5987-container stk--no-background stk--no-padding\"><div class=\"stk-block-content stk-inner-blocks stk-c1d5987-inner-blocks\">\n<div class=\"wp-block-stackable-image stk-block-image stk-block stk-7949b51\" data-block-id=\"7949b51\"><style>.stk-7949b51 .stk-img-figcaption{text-align:center !important;font-size:10px !important;}@media screen and (max-width:999px){.stk-7949b51 .stk-img-figcaption{font-size:10px !important;}}<\/style><figure><span class=\"stk-img-wrapper stk-image--shape-stretch stk--has-lightbox\"><img loading=\"lazy\" decoding=\"async\" class=\"stk-img wp-image-204\" src=\"http:\/\/stadt-leipzig.htwk-leipzig.de\/wahren\/wp-content\/uploads\/2025\/07\/Auensee3-scaled.jpg\" width=\"2560\" height=\"1707\" alt=\"Auensee\" srcset=\"https:\/\/stadt-leipzig.htwk-leipzig.de\/wahren\/wp-content\/uploads\/2025\/07\/Auensee3-scaled.jpg 2560w, https:\/\/stadt-leipzig.htwk-leipzig.de\/wahren\/wp-content\/uploads\/2025\/07\/Auensee3-300x200.jpg 300w, https:\/\/stadt-leipzig.htwk-leipzig.de\/wahren\/wp-content\/uploads\/2025\/07\/Auensee3-1024x683.jpg 1024w, https:\/\/stadt-leipzig.htwk-leipzig.de\/wahren\/wp-content\/uploads\/2025\/07\/Auensee3-768x512.jpg 768w, https:\/\/stadt-leipzig.htwk-leipzig.de\/wahren\/wp-content\/uploads\/2025\/07\/Auensee3-1536x1024.jpg 1536w, https:\/\/stadt-leipzig.htwk-leipzig.de\/wahren\/wp-content\/uploads\/2025\/07\/Auensee3-2048x1365.jpg 2048w\" sizes=\"auto, (max-width: 2560px) 100vw, 2560px\" \/><\/span><figcaption class=\"stk-img-figcaption\">Zoe Krug, 2025<\/figcaption><\/figure><\/div>\n<\/div><\/div><\/div>\n<\/div><\/div>\n<\/div>\n\n\n\n<div class=\"wp-block-stackable-divider stk-block-divider stk-block stk-30dc545\" data-block-id=\"30dc545\"><style>.stk-30dc545 hr.stk-block-divider__hr{height:3px !important;width:90% !important;}<\/style><hr class=\"stk-block-divider__hr\"\/><\/div>\n\n\n\n<div id=\"auenwald\" class=\"wp-block-group is-layout-constrained wp-block-group-is-layout-constrained\">\n<h3 class=\"wp-block-heading\">Der Auenwald<\/h3>\n\n\n\n<p>Der Leipziger Auenwald ist eines der gr\u00f6\u00dften erhaltenen Auwaldgebiete Mitteleuropas \u2013 und Wahren liegt direkt an seinem n\u00f6rdlichen Rand. F\u00fcr viele ist der Auenwald das gr\u00fcne Herz der Stadt, doch in Wahren zeigt er sich besonders urspr\u00fcnglich: wild, geheimnisvoll und voller Leben.<br><br>Dieses einzigartige Waldgebiet, das sich entlang der Wei\u00dfen Elster, Luppe und Nahle erstreckt, ist ein artenreiches Naturparadies. Alte Eichen, Eschen, Ulmen und Silberweiden bilden ein dichtes Bl\u00e4tterdach, unter dem zahlreiche Tiere heimisch sind \u2013 darunter Spechte, Eisv\u00f6gel, F\u00fcchse, Flederm\u00e4use und seltene Amphibien. In Fr\u00fchjahr und Herbst verwandelt sich der Wald in ein Konzert aus Vogelstimmen und raschelndem Laub.<br><br>Die Wege durch den Auenwald in Wahren sind ideal f\u00fcr ausgedehnte Spazierg\u00e4nge, Laufrunden oder Fahrradtouren. Besonders sch\u00f6n sind die Pfade entlang der Nahle oder die schmalen Trampelpfade, die sich zwischen urw\u00fcchsigem Gr\u00fcn hindurchschl\u00e4ngeln. Immer wieder bieten sich stille Pl\u00e4tze, an denen man die Natur beobachten oder einfach zur Ruhe kommen kann.<br><br><strong>Natur erleben \u2013 direkt vor der Haust\u00fcr<br><\/strong>F\u00fcr Naturfreunde, Familien und Erholungssuchende ist der Auenwald ein echtes Highlight. Wer mit offenen Augen unterwegs ist, entdeckt Spuren von Bibern, farbenfrohe Pilze oder seltene Pflanzen wie den Aronstab oder Waldmeister.<\/p>\n\n\n\n<div class=\"wp-block-stackable-columns stk-block-columns stk-block stk-01fdc79\" data-block-id=\"01fdc79\"><style>.stk-01fdc79-column{--stk-columns-spacing:var(--stk--preset--spacing--none, 0px) !important;--stk-column-gap:var(--stk--preset--spacing--40, 1rem) !important;}<\/style><div class=\"stk-row stk-inner-blocks stk-block-content stk-content-align stk-01fdc79-column\">\n<div class=\"wp-block-stackable-column stk-block-column stk-column stk-block stk-3fdf3fc\" data-v=\"4\" data-block-id=\"3fdf3fc\"><div class=\"stk-column-wrapper stk-block-column__content stk-container stk-3fdf3fc-container stk--no-background stk--no-padding\"><div class=\"stk-block-content stk-inner-blocks stk-3fdf3fc-inner-blocks\">\n<div class=\"wp-block-stackable-image stk-block-image stk-block stk-43ce848\" data-block-id=\"43ce848\"><style>.stk-43ce848 .stk-img-figcaption{text-align:center !important;font-size:10px !important;}@media screen and (max-width:999px){.stk-43ce848 .stk-img-figcaption{font-size:10px !important;}}<\/style><figure><span class=\"stk-img-wrapper stk-image--shape-stretch stk--has-lightbox\"><img loading=\"lazy\" decoding=\"async\" class=\"stk-img wp-image-212\" src=\"http:\/\/stadt-leipzig.htwk-leipzig.de\/wahren\/wp-content\/uploads\/2025\/07\/Auenwald1-scaled.jpg\" width=\"2560\" height=\"1707\" alt=\"Auenwald\" srcset=\"https:\/\/stadt-leipzig.htwk-leipzig.de\/wahren\/wp-content\/uploads\/2025\/07\/Auenwald1-scaled.jpg 2560w, https:\/\/stadt-leipzig.htwk-leipzig.de\/wahren\/wp-content\/uploads\/2025\/07\/Auenwald1-300x200.jpg 300w, https:\/\/stadt-leipzig.htwk-leipzig.de\/wahren\/wp-content\/uploads\/2025\/07\/Auenwald1-1024x683.jpg 1024w, https:\/\/stadt-leipzig.htwk-leipzig.de\/wahren\/wp-content\/uploads\/2025\/07\/Auenwald1-768x512.jpg 768w, https:\/\/stadt-leipzig.htwk-leipzig.de\/wahren\/wp-content\/uploads\/2025\/07\/Auenwald1-1536x1024.jpg 1536w, https:\/\/stadt-leipzig.htwk-leipzig.de\/wahren\/wp-content\/uploads\/2025\/07\/Auenwald1-2048x1365.jpg 2048w\" sizes=\"auto, (max-width: 2560px) 100vw, 2560px\" \/><\/span><figcaption class=\"stk-img-figcaption\">Zoe Krug,2025<\/figcaption><\/figure><\/div>\n<\/div><\/div><\/div>\n\n\n\n<div class=\"wp-block-stackable-column stk-block-column stk-column stk-block stk-0c82449\" data-v=\"4\" data-block-id=\"0c82449\"><div class=\"stk-column-wrapper stk-block-column__content stk-container stk-0c82449-container stk--no-background stk--no-padding\"><div class=\"stk-block-content stk-inner-blocks stk-0c82449-inner-blocks\">\n<div class=\"wp-block-stackable-image stk-block-image stk-block stk-100c542\" data-block-id=\"100c542\"><style>.stk-100c542 .stk-img-figcaption{text-align:center !important;font-size:10px !important;}@media screen and (max-width:999px){.stk-100c542 .stk-img-figcaption{font-size:10px !important;}}<\/style><figure><span class=\"stk-img-wrapper stk-image--shape-stretch stk--has-lightbox\"><img loading=\"lazy\" decoding=\"async\" class=\"stk-img wp-image-213\" src=\"http:\/\/stadt-leipzig.htwk-leipzig.de\/wahren\/wp-content\/uploads\/2025\/07\/Auenwald2-scaled.jpg\" width=\"2560\" height=\"1707\" alt=\"Auenwald\" srcset=\"https:\/\/stadt-leipzig.htwk-leipzig.de\/wahren\/wp-content\/uploads\/2025\/07\/Auenwald2-scaled.jpg 2560w, https:\/\/stadt-leipzig.htwk-leipzig.de\/wahren\/wp-content\/uploads\/2025\/07\/Auenwald2-300x200.jpg 300w, https:\/\/stadt-leipzig.htwk-leipzig.de\/wahren\/wp-content\/uploads\/2025\/07\/Auenwald2-1024x683.jpg 1024w, https:\/\/stadt-leipzig.htwk-leipzig.de\/wahren\/wp-content\/uploads\/2025\/07\/Auenwald2-768x512.jpg 768w, https:\/\/stadt-leipzig.htwk-leipzig.de\/wahren\/wp-content\/uploads\/2025\/07\/Auenwald2-1536x1024.jpg 1536w, https:\/\/stadt-leipzig.htwk-leipzig.de\/wahren\/wp-content\/uploads\/2025\/07\/Auenwald2-2048x1365.jpg 2048w\" sizes=\"auto, (max-width: 2560px) 100vw, 2560px\" \/><\/span><figcaption class=\"stk-img-figcaption\">Zoe Krug,2025<\/figcaption><\/figure><\/div>\n<\/div><\/div><\/div>\n\n\n\n<div class=\"wp-block-stackable-column stk-block-column stk-column stk-block stk-1924785\" data-v=\"4\" data-block-id=\"1924785\"><div class=\"stk-column-wrapper stk-block-column__content stk-container stk-1924785-container stk--no-background stk--no-padding\"><div class=\"stk-block-content stk-inner-blocks stk-1924785-inner-blocks\">\n<div class=\"wp-block-stackable-image stk-block-image stk-block stk-014b83b\" data-block-id=\"014b83b\"><style>.stk-014b83b .stk-img-figcaption{text-align:center !important;font-size:10px !important;}@media screen and (max-width:999px){.stk-014b83b .stk-img-figcaption{font-size:10px !important;}}<\/style><figure><span class=\"stk-img-wrapper stk-image--shape-stretch stk--has-lightbox\"><img loading=\"lazy\" decoding=\"async\" class=\"stk-img wp-image-215\" src=\"http:\/\/stadt-leipzig.htwk-leipzig.de\/wahren\/wp-content\/uploads\/2025\/07\/Auenwald3-scaled.jpg\" width=\"2560\" height=\"1707\" alt=\"Auenwald\" srcset=\"https:\/\/stadt-leipzig.htwk-leipzig.de\/wahren\/wp-content\/uploads\/2025\/07\/Auenwald3-scaled.jpg 2560w, https:\/\/stadt-leipzig.htwk-leipzig.de\/wahren\/wp-content\/uploads\/2025\/07\/Auenwald3-300x200.jpg 300w, https:\/\/stadt-leipzig.htwk-leipzig.de\/wahren\/wp-content\/uploads\/2025\/07\/Auenwald3-1024x683.jpg 1024w, https:\/\/stadt-leipzig.htwk-leipzig.de\/wahren\/wp-content\/uploads\/2025\/07\/Auenwald3-768x512.jpg 768w, https:\/\/stadt-leipzig.htwk-leipzig.de\/wahren\/wp-content\/uploads\/2025\/07\/Auenwald3-1536x1024.jpg 1536w, https:\/\/stadt-leipzig.htwk-leipzig.de\/wahren\/wp-content\/uploads\/2025\/07\/Auenwald3-2048x1365.jpg 2048w\" sizes=\"auto, (max-width: 2560px) 100vw, 2560px\" \/><\/span><figcaption class=\"stk-img-figcaption\">Zoe Krug,2025<\/figcaption><\/figure><\/div>\n<\/div><\/div><\/div>\n<\/div><\/div>\n<\/div>\n\n\n\n<div class=\"wp-block-stackable-divider stk-block-divider stk-block stk-121f1b4\" data-block-id=\"121f1b4\"><style>.stk-121f1b4 hr.stk-block-divider__hr{height:3px !important;width:90% !important;}<\/style><hr class=\"stk-block-divider__hr\"\/><\/div>\n\n\n\n<div id=\"neue-luppe\" class=\"wp-block-group is-layout-constrained wp-block-group-is-layout-constrained\">\n<h3 class=\"wp-block-heading\">Neue Luppe<\/h3>\n\n\n\n<p>Die\u00a0Neue Luppe\u00a0ist ein pr\u00e4gendes Element der Auenlandschaft im Leipziger Nordwesten und verl\u00e4uft auch durch Wahren. Sie wurde ab den 1930er-Jahren als k\u00fcnstlich angelegter Flussarm gebaut, um den Hochwasserschutz f\u00fcr Leipzig zu verbessern und dient bis heute der Wasserregulierung und Entlastung der Wei\u00dfen Elster.<br><br>Neben ihrer wasserwirtschaftlichen Funktion bereichert die Neue Luppe die Natur- und Erholungslandschaft rund um Wahren. Entlang ihrer Deiche und Uferwege k\u00f6nnen Spazierg\u00e4nger und Radfahrer die weite Auenlandschaft mit ihren Wiesen, Baumgruppen und kleinen Altarmen erkunden. Hier lassen sich zahlreiche Vogelarten, Insekten und gelegentlich sogar Biber beobachten, die die naturnahen Bereiche der Luppe als Lebensraum nutzen.<br><br>Die Neue Luppe verbindet funktionale Wasserf\u00fchrung mit landschaftlicher Sch\u00f6nheit und ist Teil des gr\u00fcnen Bandes, das Wahren mit dem Leipziger Auwald und dem Auensee verbindet. Sie bietet nicht nur Schutz vor Hochwasser, sondern auch einen Ort der Ruhe, an dem man Natur direkt vor der Haust\u00fcr erleben kann.<\/p>\n\n\n\n<div class=\"wp-block-stackable-columns stk-block-columns stk-block stk-8e747cc\" data-block-id=\"8e747cc\"><style>.stk-8e747cc-column{--stk-columns-spacing:var(--stk--preset--spacing--none, 0px) !important;--stk-column-gap:var(--stk--preset--spacing--40, 1rem) !important;}<\/style><div class=\"stk-row stk-inner-blocks stk-block-content stk-content-align stk-8e747cc-column\">\n<div class=\"wp-block-stackable-column stk-block-column stk-column stk-block stk-93558c5\" data-v=\"4\" data-block-id=\"93558c5\"><style>@media screen and (min-width:690px){.stk-93558c5 {flex:var(--stk-flex-grow, 1) 1 calc(34% - var(--stk-column-gap, 0px) * 1 \/ 2 ) !important;}}<\/style><div class=\"stk-column-wrapper stk-block-column__content stk-container stk-93558c5-container stk--no-background stk--no-padding\"><div class=\"stk-block-content stk-inner-blocks stk-93558c5-inner-blocks\">\n<div class=\"wp-block-stackable-image stk-block-image stk-block stk-9f838d9\" data-block-id=\"9f838d9\"><style>.stk-9f838d9 .stk-img-figcaption{text-align:center !important;font-size:10px !important;}.stk-9f838d9 .stk-img-wrapper{width:70% !important;}@media screen and (max-width:999px){.stk-9f838d9 .stk-img-figcaption{font-size:10px !important;}}<\/style><figure><span class=\"stk-img-wrapper stk-image--shape-stretch stk--has-lightbox\"><img loading=\"lazy\" decoding=\"async\" class=\"stk-img wp-image-219\" src=\"http:\/\/stadt-leipzig.htwk-leipzig.de\/wahren\/wp-content\/uploads\/2025\/07\/NeueLuppe1-scaled.jpg\" width=\"1707\" height=\"2560\" alt=\"Neue Luppe\" srcset=\"https:\/\/stadt-leipzig.htwk-leipzig.de\/wahren\/wp-content\/uploads\/2025\/07\/NeueLuppe1-scaled.jpg 1707w, https:\/\/stadt-leipzig.htwk-leipzig.de\/wahren\/wp-content\/uploads\/2025\/07\/NeueLuppe1-200x300.jpg 200w, https:\/\/stadt-leipzig.htwk-leipzig.de\/wahren\/wp-content\/uploads\/2025\/07\/NeueLuppe1-683x1024.jpg 683w, https:\/\/stadt-leipzig.htwk-leipzig.de\/wahren\/wp-content\/uploads\/2025\/07\/NeueLuppe1-768x1152.jpg 768w, https:\/\/stadt-leipzig.htwk-leipzig.de\/wahren\/wp-content\/uploads\/2025\/07\/NeueLuppe1-1024x1536.jpg 1024w, https:\/\/stadt-leipzig.htwk-leipzig.de\/wahren\/wp-content\/uploads\/2025\/07\/NeueLuppe1-1365x2048.jpg 1365w\" sizes=\"auto, (max-width: 1707px) 100vw, 1707px\" \/><\/span><figcaption class=\"stk-img-figcaption\">Zoe Krug, 2025<\/figcaption><\/figure><\/div>\n<\/div><\/div><\/div>\n\n\n\n<div class=\"wp-block-stackable-column stk-block-column stk-column stk-block stk-15123af\" data-v=\"4\" data-block-id=\"15123af\"><style>@media screen and (min-width:690px){.stk-15123af {flex:var(--stk-flex-grow, 1) 1 calc(66% - var(--stk-column-gap, 0px) * 1 \/ 2 ) !important;}}<\/style><div class=\"stk-column-wrapper stk-block-column__content stk-container stk-15123af-container stk--no-background stk--no-padding\"><div class=\"stk-block-content stk-inner-blocks stk-15123af-inner-blocks\">\n<div class=\"wp-block-stackable-image stk-block-image stk-block stk-c50b981\" data-block-id=\"c50b981\"><style>.stk-c50b981 .stk-img-figcaption{text-align:center !important;font-size:10px !important;}.stk-c50b981 .stk-img-wrapper{width:80% !important;}@media screen and (max-width:999px){.stk-c50b981 .stk-img-figcaption{font-size:10px !important;}}<\/style><figure><span class=\"stk-img-wrapper stk-image--shape-stretch stk--has-lightbox\"><img loading=\"lazy\" decoding=\"async\" class=\"stk-img wp-image-220\" src=\"http:\/\/stadt-leipzig.htwk-leipzig.de\/wahren\/wp-content\/uploads\/2025\/07\/NeueLuppe2-scaled.jpg\" width=\"2560\" height=\"1707\" alt=\"Neue Luppe\" srcset=\"https:\/\/stadt-leipzig.htwk-leipzig.de\/wahren\/wp-content\/uploads\/2025\/07\/NeueLuppe2-scaled.jpg 2560w, https:\/\/stadt-leipzig.htwk-leipzig.de\/wahren\/wp-content\/uploads\/2025\/07\/NeueLuppe2-300x200.jpg 300w, https:\/\/stadt-leipzig.htwk-leipzig.de\/wahren\/wp-content\/uploads\/2025\/07\/NeueLuppe2-1024x683.jpg 1024w, https:\/\/stadt-leipzig.htwk-leipzig.de\/wahren\/wp-content\/uploads\/2025\/07\/NeueLuppe2-768x512.jpg 768w, https:\/\/stadt-leipzig.htwk-leipzig.de\/wahren\/wp-content\/uploads\/2025\/07\/NeueLuppe2-1536x1024.jpg 1536w, https:\/\/stadt-leipzig.htwk-leipzig.de\/wahren\/wp-content\/uploads\/2025\/07\/NeueLuppe2-2048x1365.jpg 2048w\" sizes=\"auto, (max-width: 2560px) 100vw, 2560px\" \/><\/span><figcaption class=\"stk-img-figcaption\">Zoe Krug, 2025<\/figcaption><\/figure><\/div>\n<\/div><\/div><\/div>\n<\/div><\/div>\n<\/div>\n","protected":false},"excerpt":{"rendered":"<p>Der Auensee Im Westen von Leipzig, eingebettet zwischen Auwald und Wohngebiet, liegt der Auensee \u2013 eines der beliebtesten Naherholungsgebiete der Stadt und ein echtes Wahrzeichen von Wahren. Entstanden ist der See in den 1910er-Jahren durch den Abbau von Kies f\u00fcr den Bau des Leipziger Hauptbahnhofs. Heute pr\u00e4sentiert sich das ehemalige Tagebauloch als gr\u00fcne Oase mit [&hellip;]<\/p>\n","protected":false},"author":1,"featured_media":0,"parent":0,"menu_order":0,"comment_status":"closed","ping_status":"closed","template":"","meta":{"footnotes":""},"class_list":["post-19","page","type-page","status-publish","hentry"],"blocksy_meta":[],"_links":{"self":[{"href":"https:\/\/stadt-leipzig.htwk-leipzig.de\/wahren\/index.php?rest_route=\/wp\/v2\/pages\/19","targetHints":{"allow":["GET"]}}],"collection":[{"href":"https:\/\/stadt-leipzig.htwk-leipzig.de\/wahren\/index.php?rest_route=\/wp\/v2\/pages"}],"about":[{"href":"https:\/\/stadt-leipzig.htwk-leipzig.de\/wahren\/index.php?rest_route=\/wp\/v2\/types\/page"}],"author":[{"embeddable":true,"href":"https:\/\/stadt-leipzig.htwk-leipzig.de\/wahren\/index.php?rest_route=\/wp\/v2\/users\/1"}],"replies":[{"embeddable":true,"href":"https:\/\/stadt-leipzig.htwk-leipzig.de\/wahren\/index.php?rest_route=%2Fwp%2Fv2%2Fcomments&post=19"}],"version-history":[{"count":26,"href":"https:\/\/stadt-leipzig.htwk-leipzig.de\/wahren\/index.php?rest_route=\/wp\/v2\/pages\/19\/revisions"}],"predecessor-version":[{"id":227,"href":"https:\/\/stadt-leipzig.htwk-leipzig.de\/wahren\/index.php?rest_route=\/wp\/v2\/pages\/19\/revisions\/227"}],"wp:attachment":[{"href":"https:\/\/stadt-leipzig.htwk-leipzig.de\/wahren\/index.php?rest_route=%2Fwp%2Fv2%2Fmedia&parent=19"}],"curies":[{"name":"wp","href":"https:\/\/api.w.org\/{rel}","templated":true}]}}