{"id":17,"date":"2025-05-16T17:17:37","date_gmt":"2025-05-16T15:17:37","guid":{"rendered":"http:\/\/localhost\/Wahren\/?page_id=17"},"modified":"2025-07-10T11:15:25","modified_gmt":"2025-07-10T09:15:25","slug":"sehenswuerdigkeiten","status":"publish","type":"page","link":"https:\/\/stadt-leipzig.htwk-leipzig.de\/wahren\/?page_id=17","title":{"rendered":"Wahrzeichen"},"content":{"rendered":"\n<div class=\"wp-block-stackable-columns stk-block-columns stk-block stk-2876294\" id=\"wasserturm\" data-block-id=\"2876294\"><style>.stk-2876294-column{--stk-columns-spacing:var(--stk--preset--spacing--none, 0px) !important;--stk-column-gap:var(--stk--preset--spacing--30, 0.67rem) !important;}<\/style><div class=\"stk-row stk-inner-blocks stk-block-content stk-content-align stk-2876294-column\">\n<div class=\"wp-block-stackable-column stk-block-column stk-column stk-block stk-bdb5c8e stk-block-background stk--has-background-overlay\" data-v=\"4\" data-block-id=\"bdb5c8e\"><style>.stk-bdb5c8e-inner-blocks{justify-content:center !important;}.stk-bdb5c8e {background-color:linear-gradient(to top, #dad4ec 0%, #dad4ec 1%, #f3e7e9 100%) !important;border-top-left-radius:var(--stk--preset--border-radius--medium, 8px) !important;border-top-right-radius:var(--stk--preset--border-radius--medium, 8px) !important;border-bottom-right-radius:var(--stk--preset--border-radius--medium, 8px) !important;border-bottom-left-radius:var(--stk--preset--border-radius--medium, 8px) !important;overflow:hidden !important;box-shadow:0px 2px 20px #99999933 !important;}.stk-bdb5c8e:before{background-image:linear-gradient(to top, #dad4ec 0%, #dad4ec 1%, #f3e7e9 100%) !important;}<\/style><div class=\"stk-column-wrapper stk-block-column__content stk-container stk-bdb5c8e-container stk--no-background stk--no-padding\"><div class=\"stk--column-flex stk-block-content stk-inner-blocks stk-bdb5c8e-inner-blocks\">\n<h4 class=\"wp-block-heading has-text-align-center\"><strong>Der Wasserturm Wahren&nbsp;<\/strong><\/h4>\n\n\n\n<p>Der Wasserturm z\u00e4hlt zu den markantesten Bauwerken des Stadtteils. Er wurde im Jahr 1911 erbaut und diente urspr\u00fcnglich der Wasserversorgung des nahegelegenen Bahnbetriebswerks sowie des Stadtteils selbst.<br><br>Mit seiner auff\u00e4lligen, historisierenden Architektur und der beeindruckenden H\u00f6he ist der Turm bis heute ein Blickfang. Auch wenn er heute nicht mehr in Betrieb ist, erinnert er an die industrielle Entwicklung Wahrens im fr\u00fchen 20. Jahrhundert \u2013 insbesondere im Zusammenhang mit dem damaligen Rangierbahnhof, einem der gr\u00f6\u00dften Europas.<br><br>Der Wasserturm ist nicht \u00f6ffentlich zug\u00e4nglich, doch als technisches Denkmal und stiller Zeitzeuge bleibt er ein fester Bestandteil des Wahrener Stadtbilds.<\/p>\n<\/div><\/div><\/div>\n\n\n\n<div class=\"wp-block-stackable-column stk-block-column stk-column stk-block stk-0a297a1\" data-v=\"4\" data-block-id=\"0a297a1\"><div class=\"stk-column-wrapper stk-block-column__content stk-container stk-0a297a1-container stk--no-background stk--no-padding\"><div class=\"stk-block-content stk-inner-blocks stk-0a297a1-inner-blocks\">\n<div class=\"wp-block-stackable-image stk-block-image stk-block stk-e903e76\" data-block-id=\"e903e76\"><style>.stk-e903e76 .stk-img-figcaption{text-align:center !important;font-size:10px !important;}.stk-e903e76 {border-top-left-radius:var(--stk--preset--border-radius--medium, 8px) !important;border-top-right-radius:var(--stk--preset--border-radius--medium, 8px) !important;border-bottom-right-radius:var(--stk--preset--border-radius--medium, 8px) !important;border-bottom-left-radius:var(--stk--preset--border-radius--medium, 8px) !important;overflow:hidden !important;}.stk-e903e76 .stk-img-wrapper{aspect-ratio:1\/1 !important;height:auto !important;}.stk-e903e76 .stk-img-wrapper img{border-radius:8px !important;}@media screen and (max-width:999px){.stk-e903e76 .stk-img-figcaption{font-size:10px !important;}.stk-e903e76 .stk-img-wrapper{height:auto !important;}}@media screen and (max-width:689px){.stk-e903e76 .stk-img-wrapper{height:auto !important;}}<\/style><figure><span class=\"stk-img-wrapper stk-image--shape-stretch stk--has-lightbox\"><img loading=\"lazy\" decoding=\"async\" class=\"stk-img wp-image-239\" src=\"http:\/\/stadt-leipzig.htwk-leipzig.de\/wahren\/wp-content\/uploads\/2025\/07\/Wasserturm-scaled.jpg\" width=\"2560\" height=\"1707\" alt=\"Wasserturm\" srcset=\"https:\/\/stadt-leipzig.htwk-leipzig.de\/wahren\/wp-content\/uploads\/2025\/07\/Wasserturm-scaled.jpg 2560w, https:\/\/stadt-leipzig.htwk-leipzig.de\/wahren\/wp-content\/uploads\/2025\/07\/Wasserturm-300x200.jpg 300w, https:\/\/stadt-leipzig.htwk-leipzig.de\/wahren\/wp-content\/uploads\/2025\/07\/Wasserturm-1024x683.jpg 1024w, https:\/\/stadt-leipzig.htwk-leipzig.de\/wahren\/wp-content\/uploads\/2025\/07\/Wasserturm-768x512.jpg 768w, https:\/\/stadt-leipzig.htwk-leipzig.de\/wahren\/wp-content\/uploads\/2025\/07\/Wasserturm-1536x1024.jpg 1536w, https:\/\/stadt-leipzig.htwk-leipzig.de\/wahren\/wp-content\/uploads\/2025\/07\/Wasserturm-2048x1365.jpg 2048w\" sizes=\"auto, (max-width: 2560px) 100vw, 2560px\" \/><\/span><figcaption class=\"stk-img-figcaption\">Zoe Krug, 2025<\/figcaption><\/figure><\/div>\n<\/div><\/div><\/div>\n<\/div><\/div>\n\n\n\n<div class=\"wp-block-stackable-columns stk-block-columns stk-block stk-de4073c\" id=\"gnadenkirche\" data-block-id=\"de4073c\"><style>.stk-de4073c-column{--stk-columns-spacing:var(--stk--preset--spacing--none, 0px) !important;--stk-column-gap:var(--stk--preset--spacing--30, 0.67rem) !important;}<\/style><div class=\"stk-row stk-inner-blocks stk-block-content stk-content-align stk-de4073c-column\">\n<div class=\"wp-block-stackable-column stk-block-column stk-column stk-block stk-e11a696\" data-v=\"4\" data-block-id=\"e11a696\"><div class=\"stk-column-wrapper stk-block-column__content stk-container stk-e11a696-container stk--no-background stk--no-padding\"><div class=\"stk-block-content stk-inner-blocks stk-e11a696-inner-blocks\">\n<div class=\"wp-block-stackable-image stk-block-image stk-block stk-b043a43\" data-block-id=\"b043a43\"><style>.stk-b043a43 .stk-img-figcaption{text-align:center !important;font-size:10px !important;}.stk-b043a43 {overflow:hidden !important;}.stk-b043a43 .stk-img-wrapper{aspect-ratio:1\/1 !important;height:auto !important;}.stk-b043a43 .stk-img-wrapper img{border-radius:8px !important;}@media screen and (max-width:999px){.stk-b043a43 .stk-img-figcaption{font-size:10px !important;}.stk-b043a43 .stk-img-wrapper{height:auto !important;}}@media screen and (max-width:689px){.stk-b043a43 .stk-img-wrapper{height:auto !important;}}<\/style><figure><span class=\"stk-img-wrapper stk-image--shape-stretch stk--has-lightbox\"><img loading=\"lazy\" decoding=\"async\" class=\"stk-img wp-image-243\" src=\"http:\/\/stadt-leipzig.htwk-leipzig.de\/wahren\/wp-content\/uploads\/2025\/07\/Kirche2-scaled.jpg\" width=\"2560\" height=\"1707\" alt=\"Gnadenkirche\" srcset=\"https:\/\/stadt-leipzig.htwk-leipzig.de\/wahren\/wp-content\/uploads\/2025\/07\/Kirche2-scaled.jpg 2560w, https:\/\/stadt-leipzig.htwk-leipzig.de\/wahren\/wp-content\/uploads\/2025\/07\/Kirche2-300x200.jpg 300w, https:\/\/stadt-leipzig.htwk-leipzig.de\/wahren\/wp-content\/uploads\/2025\/07\/Kirche2-1024x683.jpg 1024w, https:\/\/stadt-leipzig.htwk-leipzig.de\/wahren\/wp-content\/uploads\/2025\/07\/Kirche2-768x512.jpg 768w, https:\/\/stadt-leipzig.htwk-leipzig.de\/wahren\/wp-content\/uploads\/2025\/07\/Kirche2-1536x1024.jpg 1536w, https:\/\/stadt-leipzig.htwk-leipzig.de\/wahren\/wp-content\/uploads\/2025\/07\/Kirche2-2048x1365.jpg 2048w\" sizes=\"auto, (max-width: 2560px) 100vw, 2560px\" \/><\/span><figcaption class=\"stk-img-figcaption\">Zoe Krug, 2025<\/figcaption><\/figure><\/div>\n<\/div><\/div><\/div>\n\n\n\n<div class=\"wp-block-stackable-column stk-block-column stk-column stk-block stk-b3f6999 stk-block-background stk--has-background-overlay\" data-v=\"4\" data-block-id=\"b3f6999\"><style>.stk-b3f6999-inner-blocks{justify-content:center !important;}.stk-b3f6999 {background-color:linear-gradient(to top, #dad4ec 0%, #dad4ec 1%, #f3e7e9 100%) !important;border-top-left-radius:var(--stk--preset--border-radius--medium, 8px) !important;border-top-right-radius:var(--stk--preset--border-radius--medium, 8px) !important;border-bottom-right-radius:var(--stk--preset--border-radius--medium, 8px) !important;border-bottom-left-radius:var(--stk--preset--border-radius--medium, 8px) !important;overflow:hidden !important;box-shadow:0px 2px 20px #99999933 !important;}.stk-b3f6999:before{background-image:linear-gradient(to top, #dad4ec 0%, #dad4ec 1%, #f3e7e9 100%) !important;}<\/style><div class=\"stk-column-wrapper stk-block-column__content stk-container stk-b3f6999-container stk--no-background stk--no-padding\"><div class=\"stk--column-flex stk-block-content stk-inner-blocks stk-b3f6999-inner-blocks\">\n<h4 class=\"wp-block-heading has-text-align-center\">Die Gnadenkirche<\/h4>\n\n\n\n<p>Mit ihrem markanten Turm und der hellen Fassade pr\u00e4gt die Gnadenkirche das Zentrum von Leipzig-Wahren. Sie wurde zwischen 1908 und 1910 im neoromanischen Stil erbaut und z\u00e4hlt heute zu den architektonisch bedeutendsten Kirchenbauten im Leipziger Westen.<br><br>Die Kirche ist nicht nur ein Ort des Glaubens, sondern auch des kulturellen Lebens. Neben Gottesdiensten finden hier regelm\u00e4\u00dfig Konzerte, Vortr\u00e4ge und Veranstaltungen f\u00fcr alle Generationen statt. Besonders eindrucksvoll ist der helle Innenraum mit seiner gro\u00dfen Orgel und den kunstvoll gestalteten Fenstern.<\/p>\n<\/div><\/div><\/div>\n<\/div><\/div>\n","protected":false},"excerpt":{"rendered":"<p>Der Wasserturm Wahren&nbsp; Der Wasserturm z\u00e4hlt zu den markantesten Bauwerken des Stadtteils. Er wurde im Jahr 1911 erbaut und diente urspr\u00fcnglich der Wasserversorgung des nahegelegenen Bahnbetriebswerks sowie des Stadtteils selbst. Mit seiner auff\u00e4lligen, historisierenden Architektur und der beeindruckenden H\u00f6he ist der Turm bis heute ein Blickfang. Auch wenn er heute nicht mehr in Betrieb ist, [&hellip;]<\/p>\n","protected":false},"author":1,"featured_media":0,"parent":0,"menu_order":0,"comment_status":"closed","ping_status":"closed","template":"","meta":{"footnotes":""},"class_list":["post-17","page","type-page","status-publish","hentry"],"blocksy_meta":[],"_links":{"self":[{"href":"https:\/\/stadt-leipzig.htwk-leipzig.de\/wahren\/index.php?rest_route=\/wp\/v2\/pages\/17","targetHints":{"allow":["GET"]}}],"collection":[{"href":"https:\/\/stadt-leipzig.htwk-leipzig.de\/wahren\/index.php?rest_route=\/wp\/v2\/pages"}],"about":[{"href":"https:\/\/stadt-leipzig.htwk-leipzig.de\/wahren\/index.php?rest_route=\/wp\/v2\/types\/page"}],"author":[{"embeddable":true,"href":"https:\/\/stadt-leipzig.htwk-leipzig.de\/wahren\/index.php?rest_route=\/wp\/v2\/users\/1"}],"replies":[{"embeddable":true,"href":"https:\/\/stadt-leipzig.htwk-leipzig.de\/wahren\/index.php?rest_route=%2Fwp%2Fv2%2Fcomments&post=17"}],"version-history":[{"count":24,"href":"https:\/\/stadt-leipzig.htwk-leipzig.de\/wahren\/index.php?rest_route=\/wp\/v2\/pages\/17\/revisions"}],"predecessor-version":[{"id":287,"href":"https:\/\/stadt-leipzig.htwk-leipzig.de\/wahren\/index.php?rest_route=\/wp\/v2\/pages\/17\/revisions\/287"}],"wp:attachment":[{"href":"https:\/\/stadt-leipzig.htwk-leipzig.de\/wahren\/index.php?rest_route=%2Fwp%2Fv2%2Fmedia&parent=17"}],"curies":[{"name":"wp","href":"https:\/\/api.w.org\/{rel}","templated":true}]}}