{"id":13,"date":"2025-05-16T17:16:28","date_gmt":"2025-05-16T15:16:28","guid":{"rendered":"http:\/\/localhost\/Wahren\/?page_id=13"},"modified":"2025-07-06T15:42:09","modified_gmt":"2025-07-06T13:42:09","slug":"fakten","status":"publish","type":"page","link":"https:\/\/stadt-leipzig.htwk-leipzig.de\/wahren\/?page_id=13","title":{"rendered":"Fakten"},"content":{"rendered":"\n<h4 class=\"wp-block-heading\">Allgemeine Fakten<\/h4>\n\n\n\n<ul class=\"wp-block-list\">\n<li>erste Erw\u00e4hnung: 1250<\/li>\n\n\n\n<li>Eingemeindung nach Leipzig: 01. Januar 1922<\/li>\n\n\n\n<li>Stadtbezirk: Nordwest<\/li>\n<\/ul>\n\n\n\n<div class=\"wp-block-stackable-columns stk-block-columns stk-block stk-2b8ca35\" data-block-id=\"2b8ca35\"><style>.stk-2b8ca35 .stk--block-align-2b8ca35{align-items:center !important;}.stk-2b8ca35-column{--stk-columns-spacing:var(--stk--preset--spacing--none, 0px) !important;--stk-column-gap:var(--stk--preset--spacing--50, 1.5rem) !important;}<\/style><div class=\"stk-row stk-inner-blocks stk--block-align-2b8ca35 stk-block-content stk-content-align stk-2b8ca35-column\">\n<div class=\"wp-block-stackable-column stk-block-column stk-column stk-block stk-9ad220f\" data-v=\"4\" data-block-id=\"9ad220f\"><style>@media screen and (min-width:690px){.stk-9ad220f {flex:var(--stk-flex-grow, 1) 1 calc(45% - var(--stk-column-gap, 0px) * 1 \/ 2 ) !important;}}<\/style><div class=\"stk-column-wrapper stk-block-column__content stk-container stk-9ad220f-container stk--no-background stk--no-padding\"><div class=\"stk-block-content stk-inner-blocks stk-9ad220f-inner-blocks\">\n<div class=\"wp-block-stackable-map stk-block-map stk-block stk-16a43f6\" data-block-id=\"16a43f6\"><iframe\n\t\t\t\t\t\ttitle=\"Embedded content from Google Maps Platform.\"\n\t\t\t\t\t\tsrc=\"https:\/\/maps.google.com\/maps?q=leipzig wahren&#038;t=&#038;z=13&#038;ie=UTF8&#038;output=embed\"\n\t\t\t\t\t\tstyle=\"border:0;width:100%;max-width:none;max-height:none;height:100%;\"\n\t\t\t\t\t\taria-hidden=\"false\"\n\t\t\t\t\t\ttabIndex=\"0\"\n\t\t\t\t\t\tallowfullscreen\n\t\t\t\t\t\tloading=\"lazy\"\n\t\t\t\t\t\tframeBorder=\"0\"\n\t\t\t\t\t><\/iframe><\/div>\n<\/div><\/div><\/div>\n\n\n\n<div class=\"wp-block-stackable-column stk-block-column stk-column stk-block stk-9909f0e\" data-v=\"4\" data-block-id=\"9909f0e\"><style>@media screen and (min-width:690px){.stk-9909f0e {flex:var(--stk-flex-grow, 1) 1 calc(55% - var(--stk-column-gap, 0px) * 1 \/ 2 ) !important;}}<\/style><div class=\"stk-column-wrapper stk-block-column__content stk-container stk-9909f0e-container stk--no-background stk--no-padding\"><div class=\"stk-block-content stk-inner-blocks stk-9909f0e-inner-blocks\">\n<div class=\"wp-block-stackable-columns stk-block-columns stk-block stk-4244e9c\" data-block-id=\"4244e9c\"><style>.stk-4244e9c .stk--block-align-4244e9c{align-items:center !important;}.stk-4244e9c-column{--stk-columns-spacing:var(--stk--preset--spacing--none, 0px) !important;}<\/style><div class=\"stk-row stk-inner-blocks stk--block-align-4244e9c stk-block-content stk-content-align stk-4244e9c-column\">\n<div class=\"wp-block-stackable-column stk-block-column stk-column stk-block stk-d909081\" data-v=\"4\" data-block-id=\"d909081\"><style>@media screen and (min-width:690px){.stk-d909081 {flex:var(--stk-flex-grow, 1) 1 calc(10% - var(--stk-column-gap, 0px) * 1 \/ 2 ) !important;}}<\/style><div class=\"stk-column-wrapper stk-block-column__content stk-container stk-d909081-container stk--no-background stk--no-padding\"><div class=\"stk-block-content stk-inner-blocks stk-d909081-inner-blocks\">\n<div class=\"wp-block-stackable-icon stk-block-icon stk-block stk-f3e9872\" data-block-id=\"f3e9872\"><span class=\"stk--svg-wrapper\"><div class=\"stk--inner-svg\"><svg style=\"height:0;width:0\"><defs><linearGradient id=\"linear-gradient-f3e9872\" x1=\"0\" x2=\"100%\" y1=\"0\" y2=\"0\"><stop offset=\"0%\" style=\"stop-opacity:1;stop-color:var(--linear-gradient-f-3-e-9872-color-1)\"><\/stop><stop offset=\"100%\" style=\"stop-opacity:1;stop-color:var(--linear-gradient-f-3-e-9872-color-2)\"><\/stop><\/linearGradient><\/defs><\/svg><svg xmlns=\"http:\/\/www.w3.org\/2000\/svg\" viewBox=\"0 0 640 512\" aria-hidden=\"true\" width=\"32\" height=\"32\"><path d=\"M72 88a56 56 0 1 1 112 0A56 56 0 1 1 72 88zM64 245.7C54 256.9 48 271.8 48 288s6 31.1 16 42.3V245.7zm144.4-49.3C178.7 222.7 160 261.2 160 304c0 34.3 12 65.8 32 90.5V416c0 17.7-14.3 32-32 32H96c-17.7 0-32-14.3-32-32V389.2C26.2 371.2 0 332.7 0 288c0-61.9 50.1-112 112-112h32c24 0 46.2 7.5 64.4 20.3zM448 416V394.5c20-24.7 32-56.2 32-90.5c0-42.8-18.7-81.3-48.4-107.7C449.8 183.5 472 176 496 176h32c61.9 0 112 50.1 112 112c0 44.7-26.2 83.2-64 101.2V416c0 17.7-14.3 32-32 32H480c-17.7 0-32-14.3-32-32zm8-328a56 56 0 1 1 112 0A56 56 0 1 1 456 88zM576 245.7v84.7c10-11.3 16-26.1 16-42.3s-6-31.1-16-42.3zM320 32a64 64 0 1 1 0 128 64 64 0 1 1 0-128zM240 304c0 16.2 6 31 16 42.3V261.7c-10 11.3-16 26.1-16 42.3zm144-42.3v84.7c10-11.3 16-26.1 16-42.3s-6-31.1-16-42.3zM448 304c0 44.7-26.2 83.2-64 101.2V448c0 17.7-14.3 32-32 32H288c-17.7 0-32-14.3-32-32V405.2c-37.8-18-64-56.5-64-101.2c0-61.9 50.1-112 112-112h32c61.9 0 112 50.1 112 112z\"><\/path><\/svg><\/div><\/span><\/div>\n<\/div><\/div><\/div>\n\n\n\n<div class=\"wp-block-stackable-column stk-block-column stk-column stk-block stk-bb9c0aa\" data-v=\"4\" data-block-id=\"bb9c0aa\"><style>@media screen and (min-width:690px){.stk-bb9c0aa {flex:var(--stk-flex-grow, 1) 1 calc(90% - var(--stk-column-gap, 0px) * 1 \/ 2 ) !important;}}<\/style><div class=\"stk-column-wrapper stk-block-column__content stk-container stk-bb9c0aa-container stk--no-background stk--no-padding\"><div class=\"stk-block-content stk-inner-blocks stk-bb9c0aa-inner-blocks\">\n<h4 class=\"wp-block-heading\">Einwohner: 7.733 (Stand: 2024)<\/h4>\n<\/div><\/div><\/div>\n<\/div><\/div>\n\n\n\n<div class=\"wp-block-stackable-columns stk-block-columns stk-block stk-b2d9b96\" data-block-id=\"b2d9b96\"><style>.stk-b2d9b96 .stk--block-align-b2d9b96{align-items:center !important;}.stk-b2d9b96-column{--stk-columns-spacing:var(--stk--preset--spacing--none, 0px) !important;}<\/style><div class=\"stk-row stk-inner-blocks stk--block-align-b2d9b96 stk-block-content stk-content-align stk-b2d9b96-column\">\n<div class=\"wp-block-stackable-column stk-block-column stk-column stk-block stk-8653555\" data-v=\"4\" data-block-id=\"8653555\"><style>@media screen and (min-width:690px){.stk-8653555 {flex:var(--stk-flex-grow, 1) 1 calc(10% - var(--stk-column-gap, 0px) * 1 \/ 2 ) !important;}}<\/style><div class=\"stk-column-wrapper stk-block-column__content stk-container stk-8653555-container stk--no-background stk--no-padding\"><div class=\"stk-block-content stk-inner-blocks stk-8653555-inner-blocks\">\n<div class=\"wp-block-stackable-icon stk-block-icon stk-block stk-ca71f04\" data-block-id=\"ca71f04\"><span class=\"stk--svg-wrapper\"><div class=\"stk--inner-svg\"><svg style=\"height:0;width:0\"><defs><linearGradient id=\"linear-gradient-ca71f04\" x1=\"0\" x2=\"100%\" y1=\"0\" y2=\"0\"><stop offset=\"0%\" style=\"stop-opacity:1;stop-color:var(--linear-gradient-ca-71-f-04-color-1)\"><\/stop><stop offset=\"100%\" style=\"stop-opacity:1;stop-color:var(--linear-gradient-ca-71-f-04-color-2)\"><\/stop><\/linearGradient><\/defs><\/svg><svg xmlns=\"http:\/\/www.w3.org\/2000\/svg\" viewBox=\"0 0 448 512\" aria-hidden=\"true\" width=\"32\" height=\"32\"><path d=\"M32 32C14.3 32 0 46.3 0 64v96c0 17.7 14.3 32 32 32s32-14.3 32-32V96h64c17.7 0 32-14.3 32-32s-14.3-32-32-32H32zM64 352c0-17.7-14.3-32-32-32s-32 14.3-32 32v96c0 17.7 14.3 32 32 32h96c17.7 0 32-14.3 32-32s-14.3-32-32-32H64V352zM320 32c-17.7 0-32 14.3-32 32s14.3 32 32 32h64v64c0 17.7 14.3 32 32 32s32-14.3 32-32V64c0-17.7-14.3-32-32-32H320zM448 352c0-17.7-14.3-32-32-32s-32 14.3-32 32v64H320c-17.7 0-32 14.3-32 32s14.3 32 32 32h96c17.7 0 32-14.3 32-32V352z\"><\/path><\/svg><\/div><\/span><\/div>\n<\/div><\/div><\/div>\n\n\n\n<div class=\"wp-block-stackable-column stk-block-column stk-column stk-block stk-0d7d761\" data-v=\"4\" data-block-id=\"0d7d761\"><style>@media screen and (min-width:690px){.stk-0d7d761 {flex:var(--stk-flex-grow, 1) 1 calc(90% - var(--stk-column-gap, 0px) * 1 \/ 2 ) !important;}}<\/style><div class=\"stk-column-wrapper stk-block-column__content stk-container stk-0d7d761-container stk--no-background stk--no-padding\"><div class=\"stk-block-content stk-inner-blocks stk-0d7d761-inner-blocks\">\n<h4 class=\"wp-block-heading\">Fl\u00e4che: 4,54 km<sup>2<\/sup><\/h4>\n<\/div><\/div><\/div>\n<\/div><\/div>\n<\/div><\/div><\/div>\n<\/div><\/div>\n\n\n\n<h4 class=\"wp-block-heading\">Charakter von Wahren<\/h4>\n\n\n\n<p>&nbsp;Wahren im Leipziger Stadtbezirk Nordwest ist ein Stadtteil von Leipzig, der seit dem 1. Januar 1922 auf eigenen Wunsch zur Gro\u00dfstadt geh\u00f6rt. Mit seiner langen Geschichte z\u00e4hlt Wahren zu den \u00e4ltesten Teilen der Stadt: Erstmals urkundlich erw\u00e4hnt wurde es bereits im Jahr 1004 unter dem Namen \u201eVuarim\u201c. Diese historische Tiefe pr\u00e4gt das Ortsbild bis heute und l\u00e4sst sich vielerorts an der Architektur und dem gesamten Stadtbild ablesen.&nbsp;<\/p>\n\n\n\n<p>Besonders pr\u00e4gend f\u00fcr das Erscheinungsbild Wahrens sind die zahlreichen historischen Geb\u00e4ude, darunter viele liebevoll sanierte Altbauten aus der Gr\u00fcnderzeit sowie Kirchen aus verschiedenen Epochen. Ein herausragendes Beispiel ist die evangelische <a href=\"http:\/\/stadt-leipzig.htwk-leipzig.de\/wahren\/?page_id=17#gnadenkirche\" data-type=\"page\" data-id=\"17\">Gnadenkirche<\/a>, die zu den \u00e4ltesten Kirchen Leipzigs z\u00e4hlt und den historischen Charakter des Stadtteils unterstreicht. Der Architekturstil Wahrens bietet insgesamt eine vielf\u00e4ltige Mischung: Neben den gut erhaltenen Altbauten und einigen traditionellen Einfamilienh\u00e4usern finden sich vor allem gr\u00f6\u00dfere Siedlungen mit Mehrfamilienh\u00e4usern, die das Wohnbild heute klar dominieren. Viele dieser Mehrfamilienh\u00e4user stammen aus der DDR-Zeit und wurden nach der Wiedervereinigung umfassend modernisiert, ohne ihren urspr\u00fcnglichen Charakter g\u00e4nzlich zu verlieren.&nbsp;<\/p>\n\n\n\n<p>Trotz seiner vergleichsweise kleinen Fl\u00e4che von nur 4,54 km\u00b2 besitzt Wahren einen hohen Anteil an Gr\u00fcn- und Erholungsfl\u00e4chen. Der s\u00fcdlich gelegene <a href=\"http:\/\/stadt-leipzig.htwk-leipzig.de\/wahren\/?page_id=19#auenwald\" data-type=\"page\" data-id=\"17\">Auenwald<\/a> z\u00e4hlt zu den bedeutendsten Waldgebieten in ganz Leipzig und bietet den Bewohnern zahlreiche Rad- und Wanderwege entlang der Wei\u00dfen Elster und der <a href=\"http:\/\/stadt-leipzig.htwk-leipzig.de\/wahren\/?page_id=19#neue-luppe\" data-type=\"page\" data-id=\"19\">Neuen Luppe<\/a>, die auch die nat\u00fcrliche Grenze zu den angrenzenden Stadtteilen bilden. Ein weiteres bekanntes Naherholungsgebiet ist der nahegelegene <a href=\"http:\/\/stadt-leipzig.htwk-leipzig.de\/wahren\/?page_id=19#auensee\" data-type=\"page\" data-id=\"17\">Auensee<\/a>, eine ehemalige Kiesgrube, die zu einem idyllischen See umgewandelt wurde. Hier befindet sich auch das \u201e<a href=\"http:\/\/stadt-leipzig.htwk-leipzig.de\/wahren\/?page_id=15#haus-auensee\" data-type=\"page\" data-id=\"15\">Haus Auensee<\/a>\u201c, das regelm\u00e4\u00dfig hochkar\u00e4tige Veranstaltungen und Konzerte ausrichtet und \u00fcberregionale wie internationale Besucher anzieht.\u00a0<\/p>\n\n\n\n<p>Erg\u00e4nzend zur nat\u00fcrlichen Vielfalt bietet Wahren auch mehrere Kleingartenanlagen, die den gr\u00fcnen Charakter des Stadtteils unterstreichen und den Bewohnern zus\u00e4tzliche M\u00f6glichkeiten zur Erholung im Gr\u00fcnen bieten. Trotz der vorwiegend dichteren Bebauung mit Mehrfamilienh\u00e4usern existieren vereinzelt Stra\u00dfenz\u00fcge mit Einfamilienh\u00e4usern, insbesondere im s\u00fcdlichen Bereich des Stadtteils, der seinen d\u00f6rflichen Ursprung stellenweise noch erkennen l\u00e4sst.&nbsp;<\/p>\n\n\n\n<p>Eine Besonderheit Wahrens ist die sp\u00fcrbare Teilung des Stadtbildes entlang der Georg-Schumann-Stra\u00dfe: W\u00e4hrend im S\u00fcden die d\u00f6rflich gepr\u00e4gten Einfamilienhaussiedlungen und Sportanlagen dominieren, bestimmen im n\u00f6rdlichen Teil sanierte Plattenbauten und Gewerbegebiete das Bild.&nbsp;<\/p>\n\n\n\n<p>Insgesamt verbindet Wahren auf harmonische Weise Geschichte, Natur und urbane Wohnkultur. Der Stadtteil bewahrt bis heute seine historische Atmosph\u00e4re und bietet gleichzeitig modernen Wohnraum und vielf\u00e4ltige Freizeitm\u00f6glichkeiten f\u00fcr seine knapp 8.000 Einwohner.&nbsp;<\/p>\n","protected":false},"excerpt":{"rendered":"<p>Allgemeine Fakten Einwohner: 7.733 (Stand: 2024) Fl\u00e4che: 4,54 km2 Charakter von Wahren &nbsp;Wahren im Leipziger Stadtbezirk Nordwest ist ein Stadtteil von Leipzig, der seit dem 1. Januar 1922 auf eigenen Wunsch zur Gro\u00dfstadt geh\u00f6rt. Mit seiner langen Geschichte z\u00e4hlt Wahren zu den \u00e4ltesten Teilen der Stadt: Erstmals urkundlich erw\u00e4hnt wurde es bereits im Jahr 1004 [&hellip;]<\/p>\n","protected":false},"author":1,"featured_media":0,"parent":0,"menu_order":0,"comment_status":"closed","ping_status":"closed","template":"","meta":{"footnotes":""},"class_list":["post-13","page","type-page","status-publish","hentry"],"blocksy_meta":[],"_links":{"self":[{"href":"https:\/\/stadt-leipzig.htwk-leipzig.de\/wahren\/index.php?rest_route=\/wp\/v2\/pages\/13","targetHints":{"allow":["GET"]}}],"collection":[{"href":"https:\/\/stadt-leipzig.htwk-leipzig.de\/wahren\/index.php?rest_route=\/wp\/v2\/pages"}],"about":[{"href":"https:\/\/stadt-leipzig.htwk-leipzig.de\/wahren\/index.php?rest_route=\/wp\/v2\/types\/page"}],"author":[{"embeddable":true,"href":"https:\/\/stadt-leipzig.htwk-leipzig.de\/wahren\/index.php?rest_route=\/wp\/v2\/users\/1"}],"replies":[{"embeddable":true,"href":"https:\/\/stadt-leipzig.htwk-leipzig.de\/wahren\/index.php?rest_route=%2Fwp%2Fv2%2Fcomments&post=13"}],"version-history":[{"count":24,"href":"https:\/\/stadt-leipzig.htwk-leipzig.de\/wahren\/index.php?rest_route=\/wp\/v2\/pages\/13\/revisions"}],"predecessor-version":[{"id":171,"href":"https:\/\/stadt-leipzig.htwk-leipzig.de\/wahren\/index.php?rest_route=\/wp\/v2\/pages\/13\/revisions\/171"}],"wp:attachment":[{"href":"https:\/\/stadt-leipzig.htwk-leipzig.de\/wahren\/index.php?rest_route=%2Fwp%2Fv2%2Fmedia&parent=13"}],"curies":[{"name":"wp","href":"https:\/\/api.w.org\/{rel}","templated":true}]}}