{"id":11,"date":"2025-05-16T17:16:11","date_gmt":"2025-05-16T15:16:11","guid":{"rendered":"http:\/\/localhost\/Wahren\/?page_id=11"},"modified":"2025-07-10T11:23:04","modified_gmt":"2025-07-10T09:23:04","slug":"startseite","status":"publish","type":"page","link":"https:\/\/stadt-leipzig.htwk-leipzig.de\/wahren\/","title":{"rendered":"Startseite"},"content":{"rendered":"\n<p><strong>Willkommen in Leipzig-Wahren<\/strong><\/p>\n\n\n\n<div class=\"wp-block-stackable-columns stk-block-columns stk-block stk-94f90b2\" data-block-id=\"94f90b2\"><style>.stk-94f90b2-column{--stk-columns-spacing:var(--stk--preset--spacing--none, 0px) !important;--stk-column-gap:var(--stk--preset--spacing--40, 1rem) !important;}<\/style><div class=\"stk-row stk-inner-blocks stk-block-content stk-content-align stk-94f90b2-column\">\n<div class=\"wp-block-stackable-column stk-block-column stk-column stk-block stk-6dcc5b7\" data-v=\"4\" data-block-id=\"6dcc5b7\"><style>@media screen and (min-width:690px){.stk-6dcc5b7 {flex:var(--stk-flex-grow, 1) 1 66.7% !important;}}<\/style><div class=\"stk-column-wrapper stk-block-column__content stk-container stk-6dcc5b7-container stk--no-background stk--no-padding\"><div class=\"stk-block-content stk-inner-blocks stk-6dcc5b7-inner-blocks\">\n<p>Sch\u00f6n, dass Sie da sind!<br><br>Wahren \u2013 am westlichen Ufer der Wei\u00dfen Elster gelegen \u2013 geh\u00f6rt zu den geschichtstr\u00e4chtigen und zugleich gr\u00fcnen Stadtteilen Leipzigs. Zwischen alten Villen, modernen Wohnanlagen und gro\u00dfz\u00fcgigen Parklandschaften entfaltet sich ein lebendiger Stadtteil mit Charme und Charakter.<br><br>Auf dieser Seite m\u00f6chten wir Ihnen Wahren n\u00e4herbringen:<br>Erfahren Sie mehr \u00fcber seine Geschichte, entdecken Sie interessante Fakten, lernen Sie kulturelle Sehensw\u00fcrdigkeiten kennen, erkunden Sie die vielf\u00e4ltige Natur rund um das Auwaldgebiet oder lassen Sie sich von lokalen Aktivit\u00e4ten inspirieren.<br><br>Ob Sie hier wohnen, zu Besuch sind oder sich einfach f\u00fcr diesen Teil Leipzigs interessieren \u2013 wir laden Sie herzlich ein, Wahren aus neuen Blickwinkeln zu entdecken!<\/p>\n<\/div><\/div><\/div>\n\n\n\n<div class=\"wp-block-stackable-column stk-block-column stk-column stk-block stk-3a316b8\" data-v=\"4\" data-block-id=\"3a316b8\"><style>@media screen and (min-width:690px){.stk-3a316b8 {flex:var(--stk-flex-grow, 1) 1 33.3% !important;}}<\/style><div class=\"stk-column-wrapper stk-block-column__content stk-container stk-3a316b8-container stk--no-background stk--no-padding\"><div class=\"stk-block-content stk-inner-blocks stk-3a316b8-inner-blocks\">\n<div class=\"wp-block-stackable-image stk-block-image stk-block stk-45bbeb3\" data-block-id=\"45bbeb3\"><style>.stk-45bbeb3 .stk-img-figcaption{text-align:center !important;font-size:10px !important;}.stk-45bbeb3 .stk-img-wrapper{width:80% !important;}@media screen and (max-width:999px){.stk-45bbeb3 .stk-img-figcaption{font-size:10px !important;}}<\/style><figure><span class=\"stk-img-wrapper stk-image--shape-stretch stk--has-lightbox\"><img loading=\"lazy\" decoding=\"async\" class=\"stk-img wp-image-251\" src=\"http:\/\/stadt-leipzig.htwk-leipzig.de\/wahren\/wp-content\/uploads\/2025\/07\/WeisseElster1-scaled.jpg\" width=\"1707\" height=\"2560\" alt=\"Wei\u00dfe Elster\" srcset=\"https:\/\/stadt-leipzig.htwk-leipzig.de\/wahren\/wp-content\/uploads\/2025\/07\/WeisseElster1-scaled.jpg 1707w, https:\/\/stadt-leipzig.htwk-leipzig.de\/wahren\/wp-content\/uploads\/2025\/07\/WeisseElster1-200x300.jpg 200w, https:\/\/stadt-leipzig.htwk-leipzig.de\/wahren\/wp-content\/uploads\/2025\/07\/WeisseElster1-683x1024.jpg 683w, https:\/\/stadt-leipzig.htwk-leipzig.de\/wahren\/wp-content\/uploads\/2025\/07\/WeisseElster1-768x1152.jpg 768w, https:\/\/stadt-leipzig.htwk-leipzig.de\/wahren\/wp-content\/uploads\/2025\/07\/WeisseElster1-1024x1536.jpg 1024w, https:\/\/stadt-leipzig.htwk-leipzig.de\/wahren\/wp-content\/uploads\/2025\/07\/WeisseElster1-1365x2048.jpg 1365w\" sizes=\"auto, (max-width: 1707px) 100vw, 1707px\" \/><\/span><figcaption class=\"stk-img-figcaption\">Zoe Krug, 2025<\/figcaption><\/figure><\/div>\n<\/div><\/div><\/div>\n<\/div><\/div>\n\n\n\n<div class=\"wp-block-stackable-divider stk-block-divider stk-block stk-d6c08f8\" data-block-id=\"d6c08f8\"><style>.stk-d6c08f8 hr.stk-block-divider__hr{height:3px !important;width:90% !important;}<\/style><hr class=\"stk-block-divider__hr\"\/><\/div>\n\n\n\n<div class=\"wp-block-stackable-columns stk-block-columns stk-block stk-e5ca573\" data-block-id=\"e5ca573\"><style>.stk-e5ca573-column{--stk-columns-spacing:var(--stk--preset--spacing--none, 0px) !important;--stk-column-gap:var(--stk--preset--spacing--40, 1rem) !important;}<\/style><div class=\"stk-row stk-inner-blocks stk-block-content stk-content-align stk-e5ca573-column\">\n<div class=\"wp-block-stackable-column stk-block-column stk-column stk-block stk-ff4fcaf\" data-v=\"4\" data-block-id=\"ff4fcaf\"><div class=\"stk-column-wrapper stk-block-column__content stk-container stk-ff4fcaf-container stk--no-background stk--no-padding\"><div class=\"stk-block-content stk-inner-blocks stk-ff4fcaf-inner-blocks\">\n<div class=\"wp-block-stackable-card stk-block-card stk-block stk-b1858c6 is-style-default\" data-v=\"2\" data-block-id=\"b1858c6\"><div class=\"stk--no-padding stk-container stk-b1858c6-container stk-hover-parent\"><div class=\"stk-container-padding stk-block-card__content\"><div class=\"stk-block-content stk-inner-blocks has-text-align-center stk-b1858c6-inner-blocks\">\n<div class=\"wp-block-stackable-icon stk-block-icon stk-block stk-317a61e\" data-block-id=\"317a61e\"><span class=\"stk--svg-wrapper\"><div class=\"stk--inner-svg\"><svg style=\"height:0;width:0\"><defs><linearGradient id=\"linear-gradient-317a61e\" x1=\"0\" x2=\"100%\" y1=\"0\" y2=\"0\"><stop offset=\"0%\" style=\"stop-opacity:1;stop-color:var(--linear-gradient-317-a-61-e-color-1)\"><\/stop><stop offset=\"100%\" style=\"stop-opacity:1;stop-color:var(--linear-gradient-317-a-61-e-color-2)\"><\/stop><\/linearGradient><\/defs><\/svg><svg xmlns=\"http:\/\/www.w3.org\/2000\/svg\" viewBox=\"0 0 512 512\" aria-hidden=\"true\" width=\"32\" height=\"32\"><path d=\"M256 512A256 256 0 1 0 256 0a256 256 0 1 0 0 512zM216 336h24V272H216c-13.3 0-24-10.7-24-24s10.7-24 24-24h48c13.3 0 24 10.7 24 24v88h8c13.3 0 24 10.7 24 24s-10.7 24-24 24H216c-13.3 0-24-10.7-24-24s10.7-24 24-24zm40-208a32 32 0 1 1 0 64 32 32 0 1 1 0-64z\"><\/path><\/svg><\/div><\/span><\/div>\n\n\n\n<h5 class=\"wp-block-heading\">Fakten<\/h5>\n<\/div><\/div><a class=\"stk-link stk-block-link stk--transparent-overlay\" href=\"http:\/\/stadt-leipzig.htwk-leipzig.de\/wahren\/?page_id=13\/\" aria-hidden=\"true\" tabindex=\"-1\"><\/a><\/div><\/div>\n<\/div><\/div><\/div>\n\n\n\n<div class=\"wp-block-stackable-column stk-block-column stk-column stk-block stk-b715ea1\" data-v=\"4\" data-block-id=\"b715ea1\"><div class=\"stk-column-wrapper stk-block-column__content stk-container stk-b715ea1-container stk--no-background stk--no-padding\"><div class=\"stk-block-content stk-inner-blocks stk-b715ea1-inner-blocks\">\n<div class=\"wp-block-stackable-card stk-block-card stk-block stk-1042414 is-style-default\" data-v=\"2\" data-block-id=\"1042414\"><div class=\"stk--no-padding stk-container stk-1042414-container stk-hover-parent\"><div class=\"stk-container-padding stk-block-card__content\"><div class=\"stk-block-content stk-inner-blocks has-text-align-center stk-1042414-inner-blocks\">\n<div class=\"wp-block-stackable-icon stk-block-icon stk-block stk-05f5f6e\" data-block-id=\"05f5f6e\"><span class=\"stk--svg-wrapper\"><div class=\"stk--inner-svg\"><svg style=\"height:0;width:0\"><defs><linearGradient id=\"linear-gradient-05f5f6e\" x1=\"0\" x2=\"100%\" y1=\"0\" y2=\"0\"><stop offset=\"0%\" style=\"stop-opacity:1;stop-color:var(--linear-gradient-05-f-5-f-6-e-color-1)\"><\/stop><stop offset=\"100%\" style=\"stop-opacity:1;stop-color:var(--linear-gradient-05-f-5-f-6-e-color-2)\"><\/stop><\/linearGradient><\/defs><\/svg><svg xmlns=\"http:\/\/www.w3.org\/2000\/svg\" viewBox=\"0 0 512 512\" aria-hidden=\"true\" width=\"32\" height=\"32\"><path d=\"M240.1 4.2c9.8-5.6 21.9-5.6 31.8 0l171.8 98.1L448 104l0 .9 47.9 27.4c12.6 7.2 18.8 22 15.1 36s-16.4 23.8-30.9 23.8H32c-14.5 0-27.2-9.8-30.9-23.8s2.5-28.8 15.1-36L64 104.9V104l4.4-1.6L240.1 4.2zM64 224h64V416h40V224h64V416h48V224h64V416h40V224h64V420.3c.6 .3 1.2 .7 1.8 1.1l48 32c11.7 7.8 17 22.4 12.9 35.9S494.1 512 480 512H32c-14.1 0-26.5-9.2-30.6-22.7s1.1-28.1 12.9-35.9l48-32c.6-.4 1.2-.7 1.8-1.1V224z\"><\/path><\/svg><\/div><\/span><\/div>\n\n\n\n<h5 class=\"wp-block-heading\">Geschichte<\/h5>\n<\/div><\/div><a class=\"stk-link stk-block-link stk--transparent-overlay\" href=\"http:\/\/stadt-leipzig.htwk-leipzig.de\/wahren\/?page_id=15\/\" aria-hidden=\"true\" tabindex=\"-1\"><\/a><\/div><\/div>\n<\/div><\/div><\/div>\n\n\n\n<div class=\"wp-block-stackable-column stk-block-column stk-column stk-block stk-6832892\" data-v=\"4\" data-block-id=\"6832892\"><div class=\"stk-column-wrapper stk-block-column__content stk-container stk-6832892-container stk--no-background stk--no-padding\"><div class=\"stk-block-content stk-inner-blocks stk-6832892-inner-blocks\">\n<div class=\"wp-block-stackable-card stk-block-card stk-block stk-61a476e is-style-default\" data-v=\"2\" data-block-id=\"61a476e\"><div class=\"stk--no-padding stk-container stk-61a476e-container stk-hover-parent\"><div class=\"stk-container-padding stk-block-card__content\"><div class=\"stk-block-content stk-inner-blocks has-text-align-center stk-61a476e-inner-blocks\">\n<div class=\"wp-block-stackable-icon stk-block-icon stk-block stk-7a51cd2\" data-block-id=\"7a51cd2\"><span class=\"stk--svg-wrapper\"><div class=\"stk--inner-svg\"><svg style=\"height:0;width:0\"><defs><linearGradient id=\"linear-gradient-7a51cd2\" x1=\"0\" x2=\"100%\" y1=\"0\" y2=\"0\"><stop offset=\"0%\" style=\"stop-opacity:1;stop-color:var(--linear-gradient-7-a-51-cd-2-color-1)\"><\/stop><stop offset=\"100%\" style=\"stop-opacity:1;stop-color:var(--linear-gradient-7-a-51-cd-2-color-2)\"><\/stop><\/linearGradient><\/defs><\/svg><svg xmlns=\"http:\/\/www.w3.org\/2000\/svg\" viewBox=\"0 0 640 512\" aria-hidden=\"true\" width=\"32\" height=\"32\"><path d=\"M480 48c0-26.5-21.5-48-48-48H336c-26.5 0-48 21.5-48 48V96H224V24c0-13.3-10.7-24-24-24s-24 10.7-24 24V96H112V24c0-13.3-10.7-24-24-24S64 10.7 64 24V96H48C21.5 96 0 117.5 0 144v96V464c0 26.5 21.5 48 48 48H304h32 96H592c26.5 0 48-21.5 48-48V240c0-26.5-21.5-48-48-48H480V48zm96 320v32c0 8.8-7.2 16-16 16H528c-8.8 0-16-7.2-16-16V368c0-8.8 7.2-16 16-16h32c8.8 0 16 7.2 16 16zM240 416H208c-8.8 0-16-7.2-16-16V368c0-8.8 7.2-16 16-16h32c8.8 0 16 7.2 16 16v32c0 8.8-7.2 16-16 16zM128 400c0 8.8-7.2 16-16 16H80c-8.8 0-16-7.2-16-16V368c0-8.8 7.2-16 16-16h32c8.8 0 16 7.2 16 16v32zM560 256c8.8 0 16 7.2 16 16v32c0 8.8-7.2 16-16 16H528c-8.8 0-16-7.2-16-16V272c0-8.8 7.2-16 16-16h32zM256 176v32c0 8.8-7.2 16-16 16H208c-8.8 0-16-7.2-16-16V176c0-8.8 7.2-16 16-16h32c8.8 0 16 7.2 16 16zM112 160c8.8 0 16 7.2 16 16v32c0 8.8-7.2 16-16 16H80c-8.8 0-16-7.2-16-16V176c0-8.8 7.2-16 16-16h32zM256 304c0 8.8-7.2 16-16 16H208c-8.8 0-16-7.2-16-16V272c0-8.8 7.2-16 16-16h32c8.8 0 16 7.2 16 16v32zM112 320H80c-8.8 0-16-7.2-16-16V272c0-8.8 7.2-16 16-16h32c8.8 0 16 7.2 16 16v32c0 8.8-7.2 16-16 16zm304-48v32c0 8.8-7.2 16-16 16H368c-8.8 0-16-7.2-16-16V272c0-8.8 7.2-16 16-16h32c8.8 0 16 7.2 16 16zM400 64c8.8 0 16 7.2 16 16v32c0 8.8-7.2 16-16 16H368c-8.8 0-16-7.2-16-16V80c0-8.8 7.2-16 16-16h32zm16 112v32c0 8.8-7.2 16-16 16H368c-8.8 0-16-7.2-16-16V176c0-8.8 7.2-16 16-16h32c8.8 0 16 7.2 16 16z\"><\/path><\/svg><\/div><\/span><\/div>\n\n\n\n<h5 class=\"wp-block-heading\">Wahrzeichen<\/h5>\n<\/div><\/div><a class=\"stk-link stk-block-link stk--transparent-overlay\" href=\"http:\/\/stadt-leipzig.htwk-leipzig.de\/wahren\/?page_id=17\/\" aria-hidden=\"true\" tabindex=\"-1\"><\/a><\/div><\/div>\n<\/div><\/div><\/div>\n\n\n\n<div class=\"wp-block-stackable-column stk-block-column stk-column stk-block stk-783d392\" data-v=\"4\" data-block-id=\"783d392\"><div class=\"stk-column-wrapper stk-block-column__content stk-container stk-783d392-container stk--no-background stk--no-padding\"><div class=\"stk-block-content stk-inner-blocks stk-783d392-inner-blocks\">\n<div class=\"wp-block-stackable-card stk-block-card stk-block stk-12f312f is-style-default\" data-v=\"2\" data-block-id=\"12f312f\"><div class=\"stk--no-padding stk-container stk-12f312f-container stk-hover-parent\"><div class=\"stk-container-padding stk-block-card__content\"><div class=\"stk-block-content stk-inner-blocks has-text-align-center stk-12f312f-inner-blocks\">\n<div class=\"wp-block-stackable-icon stk-block-icon stk-block stk-056a01c\" data-block-id=\"056a01c\"><span class=\"stk--svg-wrapper\"><div class=\"stk--inner-svg\"><svg style=\"height:0;width:0\"><defs><linearGradient id=\"linear-gradient-056a01c\" x1=\"0\" x2=\"100%\" y1=\"0\" y2=\"0\"><stop offset=\"0%\" style=\"stop-opacity:1;stop-color:var(--linear-gradient-056-a-01-c-color-1)\"><\/stop><stop offset=\"100%\" style=\"stop-opacity:1;stop-color:var(--linear-gradient-056-a-01-c-color-2)\"><\/stop><\/linearGradient><\/defs><\/svg><svg xmlns=\"http:\/\/www.w3.org\/2000\/svg\" viewBox=\"0 0 448 512\" aria-hidden=\"true\" width=\"32\" height=\"32\"><path d=\"M210.6 5.9L62 169.4c-3.9 4.2-6 9.8-6 15.5C56 197.7 66.3 208 79.1 208H104L30.6 281.4c-4.2 4.2-6.6 10-6.6 16C24 309.9 34.1 320 46.6 320H80L5.4 409.5C1.9 413.7 0 419 0 424.5c0 13 10.5 23.5 23.5 23.5H192v32c0 17.7 14.3 32 32 32s32-14.3 32-32V448H424.5c13 0 23.5-10.5 23.5-23.5c0-5.5-1.9-10.8-5.4-15L368 320h33.4c12.5 0 22.6-10.1 22.6-22.6c0-6-2.4-11.8-6.6-16L344 208h24.9c12.7 0 23.1-10.3 23.1-23.1c0-5.7-2.1-11.3-6-15.5L237.4 5.9C234 2.1 229.1 0 224 0s-10 2.1-13.4 5.9z\"><\/path><\/svg><\/div><\/span><\/div>\n\n\n\n<h5 class=\"wp-block-heading\">Natur<\/h5>\n<\/div><\/div><a class=\"stk-link stk-block-link stk--transparent-overlay\" href=\"http:\/\/stadt-leipzig.htwk-leipzig.de\/wahren\/?page_id=19\/\" aria-hidden=\"true\" tabindex=\"-1\"><\/a><\/div><\/div>\n<\/div><\/div><\/div>\n\n\n\n<div class=\"wp-block-stackable-column stk-block-column stk-column stk-block stk-8c2b59f\" data-v=\"4\" data-block-id=\"8c2b59f\"><div class=\"stk-column-wrapper stk-block-column__content stk-container stk-8c2b59f-container stk--no-background stk--no-padding\"><div class=\"stk-block-content stk-inner-blocks stk-8c2b59f-inner-blocks\">\n<div class=\"wp-block-stackable-card stk-block-card stk-block stk-a7efa02 is-style-default\" data-v=\"2\" data-block-id=\"a7efa02\"><div class=\"stk--no-padding stk-container stk-a7efa02-container stk-hover-parent\"><div class=\"stk-container-padding stk-block-card__content\"><div class=\"stk-block-content stk-inner-blocks has-text-align-center stk-a7efa02-inner-blocks\">\n<div class=\"wp-block-stackable-icon stk-block-icon stk-block stk-e633f6b\" data-block-id=\"e633f6b\"><span class=\"stk--svg-wrapper\"><div class=\"stk--inner-svg\"><svg style=\"height:0;width:0\"><defs><linearGradient id=\"linear-gradient-e633f6b\" x1=\"0\" x2=\"100%\" y1=\"0\" y2=\"0\"><stop offset=\"0%\" style=\"stop-opacity:1;stop-color:var(--linear-gradient-e-633-f-6-b-color-1)\"><\/stop><stop offset=\"100%\" style=\"stop-opacity:1;stop-color:var(--linear-gradient-e-633-f-6-b-color-2)\"><\/stop><\/linearGradient><\/defs><\/svg><svg data-prefix=\"fa\" data-icon=\"star\" class=\"svg-inline--fa fa-star fa-w-18\" xmlns=\"http:\/\/www.w3.org\/2000\/svg\" viewBox=\"0 0 576 512\" aria-hidden=\"true\" width=\"32\" height=\"32\"><path fill=\"currentColor\" d=\"M259.3 17.8L194 150.2 47.9 171.5c-26.2 3.8-36.7 36.1-17.7 54.6l105.7 103-25 145.5c-4.5 26.3 23.2 46 46.4 33.7L288 439.6l130.7 68.7c23.2 12.2 50.9-7.4 46.4-33.7l-25-145.5 105.7-103c19-18.5 8.5-50.8-17.7-54.6L382 150.2 316.7 17.8c-11.7-23.6-45.6-23.9-57.4 0z\"><\/path><\/svg><\/div><\/span><\/div>\n\n\n\n<h5 class=\"wp-block-heading\">Aktivit\u00e4ten<\/h5>\n<\/div><\/div><a class=\"stk-link stk-block-link stk--transparent-overlay\" href=\"http:\/\/stadt-leipzig.htwk-leipzig.de\/wahren\/?page_id=21\/\" aria-hidden=\"true\" tabindex=\"-1\"><\/a><\/div><\/div>\n<\/div><\/div><\/div>\n<\/div><\/div>\n","protected":false},"excerpt":{"rendered":"<p>Willkommen in Leipzig-Wahren Sch\u00f6n, dass Sie da sind! Wahren \u2013 am westlichen Ufer der Wei\u00dfen Elster gelegen \u2013 geh\u00f6rt zu den geschichtstr\u00e4chtigen und zugleich gr\u00fcnen Stadtteilen Leipzigs. Zwischen alten Villen, modernen Wohnanlagen und gro\u00dfz\u00fcgigen Parklandschaften entfaltet sich ein lebendiger Stadtteil mit Charme und Charakter. Auf dieser Seite m\u00f6chten wir Ihnen Wahren n\u00e4herbringen:Erfahren Sie mehr \u00fcber [&hellip;]<\/p>\n","protected":false},"author":1,"featured_media":0,"parent":0,"menu_order":0,"comment_status":"closed","ping_status":"closed","template":"","meta":{"footnotes":""},"class_list":["post-11","page","type-page","status-publish","hentry"],"blocksy_meta":[],"_links":{"self":[{"href":"https:\/\/stadt-leipzig.htwk-leipzig.de\/wahren\/index.php?rest_route=\/wp\/v2\/pages\/11","targetHints":{"allow":["GET"]}}],"collection":[{"href":"https:\/\/stadt-leipzig.htwk-leipzig.de\/wahren\/index.php?rest_route=\/wp\/v2\/pages"}],"about":[{"href":"https:\/\/stadt-leipzig.htwk-leipzig.de\/wahren\/index.php?rest_route=\/wp\/v2\/types\/page"}],"author":[{"embeddable":true,"href":"https:\/\/stadt-leipzig.htwk-leipzig.de\/wahren\/index.php?rest_route=\/wp\/v2\/users\/1"}],"replies":[{"embeddable":true,"href":"https:\/\/stadt-leipzig.htwk-leipzig.de\/wahren\/index.php?rest_route=%2Fwp%2Fv2%2Fcomments&post=11"}],"version-history":[{"count":18,"href":"https:\/\/stadt-leipzig.htwk-leipzig.de\/wahren\/index.php?rest_route=\/wp\/v2\/pages\/11\/revisions"}],"predecessor-version":[{"id":290,"href":"https:\/\/stadt-leipzig.htwk-leipzig.de\/wahren\/index.php?rest_route=\/wp\/v2\/pages\/11\/revisions\/290"}],"wp:attachment":[{"href":"https:\/\/stadt-leipzig.htwk-leipzig.de\/wahren\/index.php?rest_route=%2Fwp%2Fv2%2Fmedia&parent=11"}],"curies":[{"name":"wp","href":"https:\/\/api.w.org\/{rel}","templated":true}]}}