{"id":21,"date":"2025-05-16T17:17:59","date_gmt":"2025-05-16T15:17:59","guid":{"rendered":"http:\/\/localhost\/Lindenthal\/?page_id=21"},"modified":"2025-06-27T14:29:21","modified_gmt":"2025-06-27T12:29:21","slug":"aktivitaeten","status":"publish","type":"page","link":"https:\/\/stadt-leipzig.htwk-leipzig.de\/lindenthal\/?page_id=21","title":{"rendered":"Aktivit\u00e4ten"},"content":{"rendered":"\n<div id=\"bella-casa\" class=\"wp-block-group is-layout-constrained wp-container-core-group-is-layout-52009084 wp-block-group-is-layout-constrained\" style=\"border-width:1px;border-radius:10px;padding-top:var(--wp--preset--spacing--40);padding-right:var(--wp--preset--spacing--40);padding-bottom:var(--wp--preset--spacing--40);padding-left:var(--wp--preset--spacing--40);box-shadow:var(--wp--preset--shadow--natural)\">\n<h4 class=\"wp-block-heading\">Bella Casa<\/h4>\n\n\n\n<div class=\"wp-block-stackable-columns stk-block-columns stk-block stk-c3fae6b\" data-block-id=\"c3fae6b\"><style>.stk-c3fae6b .stk--block-align-c3fae6b{align-items:center !important;}.stk-c3fae6b-column{--stk-columns-spacing:var(--stk--preset--spacing--none, 0px) !important;--stk-column-gap:var(--stk--preset--spacing--50, 1.5rem) !important;}<\/style><div class=\"stk-row stk-inner-blocks stk--block-align-c3fae6b stk-block-content stk-content-align stk-c3fae6b-column\">\n<div class=\"wp-block-stackable-column stk-block-column stk-column stk-block stk-4ffa98e\" data-v=\"4\" data-block-id=\"4ffa98e\"><style>@media screen and (min-width:690px){.stk-4ffa98e {flex:var(--stk-flex-grow, 1) 1 calc(40% - var(--stk-column-gap, 0px) * 1 \/ 2 ) !important;}}<\/style><div class=\"stk-column-wrapper stk-block-column__content stk-container stk-4ffa98e-container stk--no-background stk--no-padding\"><div class=\"stk-block-content stk-inner-blocks stk-4ffa98e-inner-blocks\">\n<div class=\"wp-block-stackable-image stk-block-image stk-block stk-882ccb1\" data-block-id=\"882ccb1\"><style>.stk-882ccb1 .stk-img-figcaption{text-align:center !important;font-size:10px !important;}@media screen and (max-width:999px){.stk-882ccb1 .stk-img-figcaption{font-size:10px !important;}}<\/style><figure><span class=\"stk-img-wrapper stk-image--shape-stretch stk--has-lightbox\"><img loading=\"lazy\" decoding=\"async\" class=\"stk-img wp-image-252\" src=\"http:\/\/stadt-leipzig.htwk-leipzig.de\/lindenthal\/wp-content\/uploads\/2025\/06\/DSC_3069-scaled.jpg\" width=\"2560\" height=\"1707\" alt=\"Bella Casa\" srcset=\"https:\/\/stadt-leipzig.htwk-leipzig.de\/lindenthal\/wp-content\/uploads\/2025\/06\/DSC_3069-scaled.jpg 2560w, https:\/\/stadt-leipzig.htwk-leipzig.de\/lindenthal\/wp-content\/uploads\/2025\/06\/DSC_3069-300x200.jpg 300w, https:\/\/stadt-leipzig.htwk-leipzig.de\/lindenthal\/wp-content\/uploads\/2025\/06\/DSC_3069-1024x683.jpg 1024w, https:\/\/stadt-leipzig.htwk-leipzig.de\/lindenthal\/wp-content\/uploads\/2025\/06\/DSC_3069-768x512.jpg 768w, https:\/\/stadt-leipzig.htwk-leipzig.de\/lindenthal\/wp-content\/uploads\/2025\/06\/DSC_3069-1536x1024.jpg 1536w, https:\/\/stadt-leipzig.htwk-leipzig.de\/lindenthal\/wp-content\/uploads\/2025\/06\/DSC_3069-2048x1365.jpg 2048w\" sizes=\"auto, (max-width: 2560px) 100vw, 2560px\" \/><\/span><figcaption class=\"stk-img-figcaption\">Zoe Krug, 2025<\/figcaption><\/figure><\/div>\n<\/div><\/div><\/div>\n\n\n\n<div class=\"wp-block-stackable-column stk-block-column stk-column stk-block stk-59615e8\" data-v=\"4\" data-block-id=\"59615e8\"><style>@media screen and (min-width:690px){.stk-59615e8 {flex:var(--stk-flex-grow, 1) 1 calc(60% - var(--stk-column-gap, 0px) * 1 \/ 2 ) !important;}}<\/style><div class=\"stk-column-wrapper stk-block-column__content stk-container stk-59615e8-container stk--no-background stk--no-padding\"><div class=\"stk-block-content stk-inner-blocks stk-59615e8-inner-blocks\">\n<p>Das&nbsp;Bella Casa&nbsp;in Lindenthal steht f\u00fcr italienische K\u00fcche mit Herz und l\u00e4dt zum Genie\u00dfen in gem\u00fctlicher Atmosph\u00e4re ein. Hier erwarten die G\u00e4ste frisch zubereitete Pasta, knusprige Pizzen und wechselnde Spezialit\u00e4ten, die mit Liebe und hochwertigen Zutaten gekocht werden.<br><br>Ob zum Mittagessen, einem entspannten Abendessen mit Freunden oder einem Familienessen \u2013 das Bella Casa bietet einen angenehmen Ort f\u00fcr eine kleine kulinarische Auszeit im Stadtteil. Im Sommer l\u00e4dt die Terrasse dazu ein, den Tag bei einem Glas Wein ausklingen zu lassen und den d\u00f6rflichen Charme Lindenthals zu genie\u00dfen.<\/p>\n\n\n\n<p>Weitere Infos: <a href=\"https:\/\/bella-casa-leipzig.de\">https:\/\/bella-casa-leipzig.de<\/a><\/p>\n<\/div><\/div><\/div>\n<\/div><\/div>\n<\/div>\n\n\n\n<div id=\"oekobad\" class=\"wp-block-group is-layout-constrained wp-container-core-group-is-layout-52009084 wp-block-group-is-layout-constrained\" style=\"border-width:1px;border-radius:10px;padding-top:var(--wp--preset--spacing--40);padding-right:var(--wp--preset--spacing--40);padding-bottom:var(--wp--preset--spacing--40);padding-left:var(--wp--preset--spacing--40);box-shadow:var(--wp--preset--shadow--natural)\">\n<h4 class=\"wp-block-heading\">\u00d6kobad Lindenthal<\/h4>\n\n\n\n<div class=\"wp-block-stackable-columns stk-block-columns stk-block stk-289ec49\" data-block-id=\"289ec49\"><style>.stk-289ec49 .stk--block-align-289ec49{align-items:center !important;}.stk-289ec49-column{--stk-columns-spacing:var(--stk--preset--spacing--none, 0px) !important;--stk-column-gap:var(--stk--preset--spacing--50, 1.5rem) !important;}<\/style><div class=\"stk-row stk-inner-blocks stk--block-align-289ec49 stk-block-content stk-content-align stk-289ec49-column\">\n<div class=\"wp-block-stackable-column stk-block-column stk-column stk-block stk-feaf055\" data-v=\"4\" data-block-id=\"feaf055\"><style>@media screen and (min-width:690px){.stk-feaf055 {flex:var(--stk-flex-grow, 1) 1 calc(40% - var(--stk-column-gap, 0px) * 1 \/ 2 ) !important;}}<\/style><div class=\"stk-column-wrapper stk-block-column__content stk-container stk-feaf055-container stk--no-background stk--no-padding\"><div class=\"stk-block-content stk-inner-blocks stk-feaf055-inner-blocks\">\n<div class=\"wp-block-stackable-image stk-block-image stk-block stk-654cc16\" data-block-id=\"654cc16\"><style>.stk-654cc16 .stk-img-figcaption{text-align:center !important;font-size:10px !important;}@media screen and (max-width:999px){.stk-654cc16 .stk-img-figcaption{font-size:10px !important;}}<\/style><figure><span class=\"stk-img-wrapper stk-image--shape-stretch stk--has-lightbox\"><img loading=\"lazy\" decoding=\"async\" class=\"stk-img wp-image-258\" src=\"http:\/\/stadt-leipzig.htwk-leipzig.de\/lindenthal\/wp-content\/uploads\/2025\/06\/DSC_3087-scaled.jpg\" width=\"2560\" height=\"1707\" alt=\"\u00d6kobad Lindenthal\" srcset=\"https:\/\/stadt-leipzig.htwk-leipzig.de\/lindenthal\/wp-content\/uploads\/2025\/06\/DSC_3087-scaled.jpg 2560w, https:\/\/stadt-leipzig.htwk-leipzig.de\/lindenthal\/wp-content\/uploads\/2025\/06\/DSC_3087-300x200.jpg 300w, https:\/\/stadt-leipzig.htwk-leipzig.de\/lindenthal\/wp-content\/uploads\/2025\/06\/DSC_3087-1024x683.jpg 1024w, https:\/\/stadt-leipzig.htwk-leipzig.de\/lindenthal\/wp-content\/uploads\/2025\/06\/DSC_3087-768x512.jpg 768w, https:\/\/stadt-leipzig.htwk-leipzig.de\/lindenthal\/wp-content\/uploads\/2025\/06\/DSC_3087-1536x1024.jpg 1536w, https:\/\/stadt-leipzig.htwk-leipzig.de\/lindenthal\/wp-content\/uploads\/2025\/06\/DSC_3087-2048x1365.jpg 2048w\" sizes=\"auto, (max-width: 2560px) 100vw, 2560px\" \/><\/span><figcaption class=\"stk-img-figcaption\">Zoe Krug, 2025<\/figcaption><\/figure><\/div>\n<\/div><\/div><\/div>\n\n\n\n<div class=\"wp-block-stackable-column stk-block-column stk-column stk-block stk-fde2fad\" data-v=\"4\" data-block-id=\"fde2fad\"><style>@media screen and (min-width:690px){.stk-fde2fad {flex:var(--stk-flex-grow, 1) 1 calc(60% - var(--stk-column-gap, 0px) * 1 \/ 2 ) !important;}}<\/style><div class=\"stk-column-wrapper stk-block-column__content stk-container stk-fde2fad-container stk--no-background stk--no-padding\"><div class=\"stk-block-content stk-inner-blocks stk-fde2fad-inner-blocks\">\n<p>Das&nbsp;\u00d6kobad Lindenthal&nbsp;ist ein besonderer Ort f\u00fcr alle, die im Sommer nat\u00fcrliche Abk\u00fchlung in entspannter Atmosph\u00e4re suchen. Statt chemischer Wasseraufbereitung sorgt hier eine Pflanzenfilteranlage f\u00fcr klares Wasser \u2013 umweltfreundlich und hautschonend.<br><br>Das famili\u00e4re Freibad bietet eine gro\u00dfe Liegewiese, ein Schwimmbecken und einen separaten Kinderbereich, sodass sich Familien, Schwimmer und Ruhesuchende gleicherma\u00dfen wohlf\u00fchlen k\u00f6nnen. Umgeben von viel Gr\u00fcn, ist das \u00d6kobad ein beliebter Treffpunkt im Stadtteil und l\u00e4dt zum Verweilen und Genie\u00dfen sonniger Tage ein.<\/p>\n\n\n\n<p>Weitere Infos: <a href=\"https:\/\/www.l.de\/sportbaeder\/freibaeder\/oekobad-lindenthal\/\">https:\/\/www.l.de\/sportbaeder\/freibaeder\/oekobad-lindenthal\/<\/a><\/p>\n<\/div><\/div><\/div>\n<\/div><\/div>\n<\/div>\n\n\n\n<div id=\"pappelschaenke\" class=\"wp-block-group is-layout-constrained wp-container-core-group-is-layout-52009084 wp-block-group-is-layout-constrained\" style=\"border-width:1px;border-radius:10px;padding-top:var(--wp--preset--spacing--40);padding-right:var(--wp--preset--spacing--40);padding-bottom:var(--wp--preset--spacing--40);padding-left:var(--wp--preset--spacing--40);box-shadow:var(--wp--preset--shadow--natural)\">\n<h4 class=\"wp-block-heading\">Pappelsch\u00e4nke<\/h4>\n\n\n\n<div class=\"wp-block-stackable-columns stk-block-columns stk-block stk-9237705\" data-block-id=\"9237705\"><style>.stk-9237705 .stk--block-align-9237705{align-items:center !important;}.stk-9237705-column{--stk-columns-spacing:var(--stk--preset--spacing--none, 0px) !important;--stk-column-gap:var(--stk--preset--spacing--50, 1.5rem) !important;}<\/style><div class=\"stk-row stk-inner-blocks stk--block-align-9237705 stk-block-content stk-content-align stk-9237705-column\">\n<div class=\"wp-block-stackable-column stk-block-column stk-column stk-block stk-7a52403\" data-v=\"4\" data-block-id=\"7a52403\"><style>@media screen and (min-width:690px){.stk-7a52403 {flex:var(--stk-flex-grow, 1) 1 calc(40% - var(--stk-column-gap, 0px) * 1 \/ 2 ) !important;}}<\/style><div class=\"stk-column-wrapper stk-block-column__content stk-container stk-7a52403-container stk--no-background stk--no-padding\"><div class=\"stk-block-content stk-inner-blocks stk-7a52403-inner-blocks\">\n<div class=\"wp-block-stackable-image stk-block-image stk-block stk-0916330\" data-block-id=\"0916330\"><style>.stk-0916330 .stk-img-figcaption{text-align:center !important;font-size:10px !important;}@media screen and (max-width:999px){.stk-0916330 .stk-img-figcaption{font-size:10px !important;}}<\/style><figure><span class=\"stk-img-wrapper stk-image--shape-stretch stk--has-lightbox\"><img loading=\"lazy\" decoding=\"async\" class=\"stk-img wp-image-262\" src=\"http:\/\/stadt-leipzig.htwk-leipzig.de\/lindenthal\/wp-content\/uploads\/2025\/06\/DSC_3129-scaled.jpg\" width=\"2560\" height=\"1707\" alt=\"Pappelsch\u00e4nke\" srcset=\"https:\/\/stadt-leipzig.htwk-leipzig.de\/lindenthal\/wp-content\/uploads\/2025\/06\/DSC_3129-scaled.jpg 2560w, https:\/\/stadt-leipzig.htwk-leipzig.de\/lindenthal\/wp-content\/uploads\/2025\/06\/DSC_3129-300x200.jpg 300w, https:\/\/stadt-leipzig.htwk-leipzig.de\/lindenthal\/wp-content\/uploads\/2025\/06\/DSC_3129-1024x683.jpg 1024w, https:\/\/stadt-leipzig.htwk-leipzig.de\/lindenthal\/wp-content\/uploads\/2025\/06\/DSC_3129-768x512.jpg 768w, https:\/\/stadt-leipzig.htwk-leipzig.de\/lindenthal\/wp-content\/uploads\/2025\/06\/DSC_3129-1536x1024.jpg 1536w, https:\/\/stadt-leipzig.htwk-leipzig.de\/lindenthal\/wp-content\/uploads\/2025\/06\/DSC_3129-2048x1365.jpg 2048w\" sizes=\"auto, (max-width: 2560px) 100vw, 2560px\" \/><\/span><figcaption class=\"stk-img-figcaption\">Zoe Krug, 2025<\/figcaption><\/figure><\/div>\n<\/div><\/div><\/div>\n\n\n\n<div class=\"wp-block-stackable-column stk-block-column stk-column stk-block stk-dd9c8ae\" data-v=\"4\" data-block-id=\"dd9c8ae\"><style>@media screen and (min-width:690px){.stk-dd9c8ae {flex:var(--stk-flex-grow, 1) 1 calc(60% - var(--stk-column-gap, 0px) * 1 \/ 2 ) !important;}}<\/style><div class=\"stk-column-wrapper stk-block-column__content stk-container stk-dd9c8ae-container stk--no-background stk--no-padding\"><div class=\"stk-block-content stk-inner-blocks stk-dd9c8ae-inner-blocks\">\n<p>Die&nbsp;Pappelsch\u00e4nke&nbsp;in Lindenthal ist ein beliebtes Ausflugslokal und bekannt f\u00fcr ihre gem\u00fctliche, famili\u00e4re Atmosph\u00e4re. Umgeben von viel Gr\u00fcn am Rand des Stadtteils l\u00e4dt sie mit ihrem gro\u00dfen Biergarten und der gutb\u00fcrgerlichen K\u00fcche zum Verweilen ein \u2013 ob bei einem k\u00fchlen Getr\u00e4nk nach einer Radtour oder einem entspannten Essen mit Freunden und Familie.<br><br>Hausgemachte Speisen, freundlicher Service und die ruhige Lage machen die Pappelsch\u00e4nke zu einem Ort, an dem man den d\u00f6rflichen Charme Lindenthals genie\u00dfen und eine kleine Auszeit vom Alltag nehmen kann.<\/p>\n\n\n\n<p>Weitere Infos: <a href=\"http:\/\/www.pappelsch\u00e4nke.de\">http:\/\/www.pappelsch\u00e4nke.de<\/a><\/p>\n<\/div><\/div><\/div>\n<\/div><\/div>\n<\/div>\n\n\n\n<div id=\"poseidon\" class=\"wp-block-group is-layout-constrained wp-container-core-group-is-layout-7f816e57 wp-block-group-is-layout-constrained\" style=\"border-width:1px;border-radius:10px;margin-top:0;margin-bottom:0;padding-top:var(--wp--preset--spacing--40);padding-right:var(--wp--preset--spacing--40);padding-bottom:var(--wp--preset--spacing--40);padding-left:var(--wp--preset--spacing--40);box-shadow:var(--wp--preset--shadow--natural)\">\n<h4 class=\"wp-block-heading\">Restaurant Poseidon<\/h4>\n\n\n\n<div class=\"wp-block-stackable-columns stk-block-columns stk-block stk-c3476a8\" data-block-id=\"c3476a8\"><style>.stk-c3476a8 .stk--block-align-c3476a8{align-items:center !important;}.stk-c3476a8-column{--stk-columns-spacing:var(--stk--preset--spacing--none, 0px) !important;--stk-column-gap:var(--stk--preset--spacing--50, 1.5rem) !important;}<\/style><div class=\"stk-row stk-inner-blocks stk--block-align-c3476a8 stk-block-content stk-content-align stk-c3476a8-column\">\n<div class=\"wp-block-stackable-column stk-block-column stk-column stk-block stk-f22c895\" data-v=\"4\" data-block-id=\"f22c895\"><style>@media screen and (min-width:690px){.stk-f22c895 {flex:var(--stk-flex-grow, 1) 1 calc(40% - var(--stk-column-gap, 0px) * 1 \/ 2 ) !important;}}<\/style><div class=\"stk-column-wrapper stk-block-column__content stk-container stk-f22c895-container stk--no-background stk--no-padding\"><div class=\"stk-block-content stk-inner-blocks stk-f22c895-inner-blocks\">\n<div class=\"wp-block-stackable-image stk-block-image stk-block stk-657e85c\" data-block-id=\"657e85c\"><style>.stk-657e85c .stk-img-figcaption{text-align:center !important;font-size:10px !important;}@media screen and (max-width:999px){.stk-657e85c .stk-img-figcaption{font-size:10px !important;}}<\/style><figure><span class=\"stk-img-wrapper stk-image--shape-stretch stk--has-lightbox\"><img loading=\"lazy\" decoding=\"async\" class=\"stk-img wp-image-266\" src=\"http:\/\/stadt-leipzig.htwk-leipzig.de\/lindenthal\/wp-content\/uploads\/2025\/06\/DSC_3085-scaled.jpg\" width=\"2560\" height=\"1707\" alt=\"Restaurant Poseidon\" srcset=\"https:\/\/stadt-leipzig.htwk-leipzig.de\/lindenthal\/wp-content\/uploads\/2025\/06\/DSC_3085-scaled.jpg 2560w, https:\/\/stadt-leipzig.htwk-leipzig.de\/lindenthal\/wp-content\/uploads\/2025\/06\/DSC_3085-300x200.jpg 300w, https:\/\/stadt-leipzig.htwk-leipzig.de\/lindenthal\/wp-content\/uploads\/2025\/06\/DSC_3085-1024x683.jpg 1024w, https:\/\/stadt-leipzig.htwk-leipzig.de\/lindenthal\/wp-content\/uploads\/2025\/06\/DSC_3085-768x512.jpg 768w, https:\/\/stadt-leipzig.htwk-leipzig.de\/lindenthal\/wp-content\/uploads\/2025\/06\/DSC_3085-1536x1024.jpg 1536w, https:\/\/stadt-leipzig.htwk-leipzig.de\/lindenthal\/wp-content\/uploads\/2025\/06\/DSC_3085-2048x1365.jpg 2048w\" sizes=\"auto, (max-width: 2560px) 100vw, 2560px\" \/><\/span><figcaption class=\"stk-img-figcaption\">Zoe Krug, 2025<\/figcaption><\/figure><\/div>\n<\/div><\/div><\/div>\n\n\n\n<div class=\"wp-block-stackable-column stk-block-column stk-column stk-block stk-476748f\" data-v=\"4\" data-block-id=\"476748f\"><style>@media screen and (min-width:690px){.stk-476748f {flex:var(--stk-flex-grow, 1) 1 calc(60% - var(--stk-column-gap, 0px) * 1 \/ 2 ) !important;}}<\/style><div class=\"stk-column-wrapper stk-block-column__content stk-container stk-476748f-container stk--no-background stk--no-padding\"><div class=\"stk-block-content stk-inner-blocks stk-476748f-inner-blocks\">\n<p>Das&nbsp;Restaurant Poseidon bringt ein St\u00fcck Griechenland nach Lindenthal und l\u00e4dt mit mediterraner Herzlichkeit zum Genie\u00dfen ein. Hier erwarten die G\u00e4ste frisch zubereitete griechische Spezialit\u00e4ten, von zarten Fleischgerichten \u00fcber knackige Salate bis hin zu Meeresfr\u00fcchten, begleitet von einem Glas Wein oder Ouzo in gem\u00fctlicher Atmosph\u00e4re.<br><br>Ob Familienessen, Abend mit Freunden oder ein entspanntes Mittagessen \u2013 das Poseidon \u00fcberzeugt mit authentischem Geschmack, freundlichem Service und einem angenehmen Ambiente, das zum Verweilen einl\u00e4dt. Ein St\u00fcck Urlaubsgef\u00fchl, direkt in Lindenthal.<\/p>\n\n\n\n<p>Weitere Infos: <a href=\"https:\/\/www.poseidonleipzig.de\">https:\/\/www.poseidonleipzig.de<\/a><\/p>\n<\/div><\/div><\/div>\n<\/div><\/div>\n<\/div>\n\n\n\n<div id=\"sportplatzanlage\" class=\"wp-block-group is-layout-constrained wp-container-core-group-is-layout-8bd8dac6 wp-block-group-is-layout-constrained\" style=\"border-width:1px;border-radius:10px;margin-top:var(--wp--preset--spacing--50);margin-bottom:var(--wp--preset--spacing--50);padding-top:var(--wp--preset--spacing--40);padding-right:var(--wp--preset--spacing--40);padding-bottom:var(--wp--preset--spacing--40);padding-left:var(--wp--preset--spacing--40);box-shadow:var(--wp--preset--shadow--natural)\">\n<h4 class=\"wp-block-heading\">Sportplatzanlage<\/h4>\n\n\n\n<div class=\"wp-block-stackable-columns stk-block-columns stk-block stk-c489a12\" data-block-id=\"c489a12\"><style>.stk-c489a12 .stk--block-align-c489a12{align-items:center !important;}.stk-c489a12-column{--stk-columns-spacing:var(--stk--preset--spacing--none, 0px) !important;--stk-column-gap:var(--stk--preset--spacing--50, 1.5rem) !important;}<\/style><div class=\"stk-row stk-inner-blocks stk--block-align-c489a12 stk-block-content stk-content-align stk-c489a12-column\">\n<div class=\"wp-block-stackable-column stk-block-column stk-column stk-block stk-71d547f\" data-v=\"4\" data-block-id=\"71d547f\"><style>@media screen and (min-width:690px){.stk-71d547f {flex:var(--stk-flex-grow, 1) 1 calc(40% - var(--stk-column-gap, 0px) * 1 \/ 2 ) !important;}}<\/style><div class=\"stk-column-wrapper stk-block-column__content stk-container stk-71d547f-container stk--no-background stk--no-padding\"><div class=\"stk-block-content stk-inner-blocks stk-71d547f-inner-blocks\">\n<div class=\"wp-block-stackable-image stk-block-image stk-block stk-cdc459f\" data-block-id=\"cdc459f\"><style>.stk-cdc459f .stk-img-figcaption{text-align:center !important;font-size:10px !important;}@media screen and (max-width:999px){.stk-cdc459f .stk-img-figcaption{font-size:10px !important;}}<\/style><figure><span class=\"stk-img-wrapper stk-image--shape-stretch stk--has-lightbox\"><img loading=\"lazy\" decoding=\"async\" class=\"stk-img wp-image-270\" src=\"http:\/\/stadt-leipzig.htwk-leipzig.de\/lindenthal\/wp-content\/uploads\/2025\/06\/DSC_3140-scaled.jpg\" width=\"2560\" height=\"1707\" alt=\"Sportplatzanlage\" srcset=\"https:\/\/stadt-leipzig.htwk-leipzig.de\/lindenthal\/wp-content\/uploads\/2025\/06\/DSC_3140-scaled.jpg 2560w, https:\/\/stadt-leipzig.htwk-leipzig.de\/lindenthal\/wp-content\/uploads\/2025\/06\/DSC_3140-300x200.jpg 300w, https:\/\/stadt-leipzig.htwk-leipzig.de\/lindenthal\/wp-content\/uploads\/2025\/06\/DSC_3140-1024x683.jpg 1024w, https:\/\/stadt-leipzig.htwk-leipzig.de\/lindenthal\/wp-content\/uploads\/2025\/06\/DSC_3140-768x512.jpg 768w, https:\/\/stadt-leipzig.htwk-leipzig.de\/lindenthal\/wp-content\/uploads\/2025\/06\/DSC_3140-1536x1024.jpg 1536w, https:\/\/stadt-leipzig.htwk-leipzig.de\/lindenthal\/wp-content\/uploads\/2025\/06\/DSC_3140-2048x1365.jpg 2048w\" sizes=\"auto, (max-width: 2560px) 100vw, 2560px\" \/><\/span><figcaption class=\"stk-img-figcaption\">Zoe Krug, 2025<\/figcaption><\/figure><\/div>\n<\/div><\/div><\/div>\n\n\n\n<div class=\"wp-block-stackable-column stk-block-column stk-column stk-block stk-55d58ec\" data-v=\"4\" data-block-id=\"55d58ec\"><style>@media screen and (min-width:690px){.stk-55d58ec {flex:var(--stk-flex-grow, 1) 1 calc(60% - var(--stk-column-gap, 0px) * 1 \/ 2 ) !important;}}<\/style><div class=\"stk-column-wrapper stk-block-column__content stk-container stk-55d58ec-container stk--no-background stk--no-padding\"><div class=\"stk-block-content stk-inner-blocks stk-55d58ec-inner-blocks\">\n<p>Die&nbsp;Sportplatzanlage Lindenthal&nbsp;ist ein wichtiger Treffpunkt f\u00fcr Sportbegeisterte im Stadtteil und bietet Raum f\u00fcr Fu\u00dfball, Training und sportliche Begegnungen. Hier trainieren nicht nur lokale Vereine, sondern auch Kinder und Jugendliche, die Freude an Bewegung und Teamgeist haben.<br><br>Mit gepflegten Rasenpl\u00e4tzen und einer famili\u00e4ren Atmosph\u00e4re ist die Anlage ein Ort, an dem Sport, Gemeinschaft und der d\u00f6rfliche Charakter Lindenthals zusammenkommen. Ob bei Trainingseinheiten, Spielen oder lokalen Turnieren \u2013 die Sportplatzanlage ist ein lebendiger Teil des Lindenthaler Gemeinschaftslebens.<\/p>\n\n\n\n<p>Weitere Infos: <a href=\"https:\/\/www.leipzig.de\/freizeit-kultur-und-tourismus\/sport\/sportstaettenbelegung\/detailseite\/detailseite\/sportplatzanlage-lindenthal\">https:\/\/www.leipzig.de\/freizeit-kultur-und-tourismus\/sport\/sportstaettenbelegung\/detailseite\/detailseite\/sportplatzanlage-lindenthal<\/a><\/p>\n<\/div><\/div><\/div>\n<\/div><\/div>\n<\/div>\n","protected":false},"excerpt":{"rendered":"<p>Bella Casa Zoe Krug, 2025 Das&nbsp;Bella Casa&nbsp;in Lindenthal steht f\u00fcr italienische K\u00fcche mit Herz und l\u00e4dt zum Genie\u00dfen in gem\u00fctlicher Atmosph\u00e4re ein. Hier erwarten die G\u00e4ste frisch zubereitete Pasta, knusprige Pizzen und wechselnde Spezialit\u00e4ten, die mit Liebe und hochwertigen Zutaten gekocht werden. Ob zum Mittagessen, einem entspannten Abendessen mit Freunden oder einem Familienessen \u2013 das [&hellip;]<\/p>\n","protected":false},"author":1,"featured_media":0,"parent":0,"menu_order":0,"comment_status":"closed","ping_status":"closed","template":"","meta":{"footnotes":""},"class_list":["post-21","page","type-page","status-publish","hentry"],"blocksy_meta":[],"_links":{"self":[{"href":"https:\/\/stadt-leipzig.htwk-leipzig.de\/lindenthal\/index.php?rest_route=\/wp\/v2\/pages\/21","targetHints":{"allow":["GET"]}}],"collection":[{"href":"https:\/\/stadt-leipzig.htwk-leipzig.de\/lindenthal\/index.php?rest_route=\/wp\/v2\/pages"}],"about":[{"href":"https:\/\/stadt-leipzig.htwk-leipzig.de\/lindenthal\/index.php?rest_route=\/wp\/v2\/types\/page"}],"author":[{"embeddable":true,"href":"https:\/\/stadt-leipzig.htwk-leipzig.de\/lindenthal\/index.php?rest_route=\/wp\/v2\/users\/1"}],"replies":[{"embeddable":true,"href":"https:\/\/stadt-leipzig.htwk-leipzig.de\/lindenthal\/index.php?rest_route=%2Fwp%2Fv2%2Fcomments&post=21"}],"version-history":[{"count":31,"href":"https:\/\/stadt-leipzig.htwk-leipzig.de\/lindenthal\/index.php?rest_route=\/wp\/v2\/pages\/21\/revisions"}],"predecessor-version":[{"id":366,"href":"https:\/\/stadt-leipzig.htwk-leipzig.de\/lindenthal\/index.php?rest_route=\/wp\/v2\/pages\/21\/revisions\/366"}],"wp:attachment":[{"href":"https:\/\/stadt-leipzig.htwk-leipzig.de\/lindenthal\/index.php?rest_route=%2Fwp%2Fv2%2Fmedia&parent=21"}],"curies":[{"name":"wp","href":"https:\/\/api.w.org\/{rel}","templated":true}]}}