{"id":17,"date":"2025-05-16T17:17:37","date_gmt":"2025-05-16T15:17:37","guid":{"rendered":"http:\/\/localhost\/Lindenthal\/?page_id=17"},"modified":"2025-06-27T14:25:19","modified_gmt":"2025-06-27T12:25:19","slug":"sehenswuerdigkeiten","status":"publish","type":"page","link":"https:\/\/stadt-leipzig.htwk-leipzig.de\/lindenthal\/?page_id=17","title":{"rendered":"Wahrzeichen"},"content":{"rendered":"\n<div class=\"wp-block-stackable-columns stk-block-columns stk-block stk-6aaeebb\" id=\"gustav-adolf-kirche\" data-block-id=\"6aaeebb\"><style>.stk-6aaeebb-column{--stk-columns-spacing:var(--stk--preset--spacing--none, 0px) !important;--stk-column-gap:var(--stk--preset--spacing--30, 0.67rem) !important;}<\/style><div class=\"stk-row stk-inner-blocks stk-block-content stk-content-align stk-6aaeebb-column\">\n<div class=\"wp-block-stackable-column stk-block-column stk-column stk-block stk-c27946f stk-block-background stk--has-background-overlay\" data-v=\"4\" data-block-id=\"c27946f\"><style>.stk-c27946f-inner-blocks{justify-content:center !important;}.stk-c27946f {background-color:linear-gradient(to top, #dad4ec 0%, #dad4ec 1%, #f3e7e9 100%) !important;border-top-left-radius:var(--stk--preset--border-radius--medium, 8px) !important;border-top-right-radius:var(--stk--preset--border-radius--medium, 8px) !important;border-bottom-right-radius:var(--stk--preset--border-radius--medium, 8px) !important;border-bottom-left-radius:var(--stk--preset--border-radius--medium, 8px) !important;overflow:hidden !important;box-shadow:0px 2px 20px #99999933 !important;border-top-width:1px !important;border-right-width:1px !important;border-bottom-width:1px !important;border-left-width:1px !important;}.stk-c27946f:before{background-image:linear-gradient(to top, #dad4ec 0%, #dad4ec 1%, #f3e7e9 100%) !important;}<\/style><div class=\"stk-column-wrapper stk-block-column__content stk-container stk-c27946f-container stk--no-background stk--no-padding\"><div class=\"stk--column-flex stk-block-content stk-inner-blocks stk-c27946f-inner-blocks\">\n<h4 class=\"wp-block-heading has-text-align-center\">Gustav-Adolf-Kirche<\/h4>\n\n\n\n<p>Mit ihrem markanten Turm pr\u00e4gt die Gustav-Adolf-Kirche das Ortsbild von Lindenthal und ist ein zentraler Ort des Gemeindelebens. Erbaut im Jahr 1892 im neogotischen Stil, ist sie benannt nach dem schwedischen K\u00f6nig Gustav II. Adolf, der als Symbolfigur des Protestantismus gilt.<br><br>Neben regelm\u00e4\u00dfigen Gottesdiensten finden hier auch Konzerte, Vortr\u00e4ge und kulturelle Veranstaltungen statt \u2013 ein Ort der Begegnung, Besinnung und Offenheit. Umgeben von alten B\u00e4umen und einem kleinen Kirchplatz, l\u00e4dt die Kirche nicht nur Gl\u00e4ubige, sondern auch Architektur- und Geschichtsinteressierte zum Verweilen ein.<\/p>\n<\/div><\/div><\/div>\n\n\n\n<div class=\"wp-block-stackable-column stk-block-column stk-column stk-block stk-b309632\" data-v=\"4\" data-block-id=\"b309632\"><div class=\"stk-column-wrapper stk-block-column__content stk-container stk-b309632-container stk--no-background stk--no-padding\"><div class=\"stk-block-content stk-inner-blocks stk-b309632-inner-blocks\">\n<div class=\"wp-block-stackable-image stk-block-image stk-block stk-b1980d3\" data-block-id=\"b1980d3\"><style>.stk-b1980d3 .stk-img-figcaption{text-align:center !important;font-size:10px !important;}.stk-b1980d3 {overflow:hidden !important;}.stk-b1980d3 .stk-img-wrapper{aspect-ratio:1\/1 !important;width:100% !important;height:auto !important;}.stk-b1980d3 .stk-img-wrapper img{border-radius:8px !important;}@media screen and (max-width:999px){.stk-b1980d3 .stk-img-figcaption{font-size:10px !important;}.stk-b1980d3 .stk-img-wrapper{height:auto !important;}}@media screen and (max-width:689px){.stk-b1980d3 .stk-img-wrapper{height:auto !important;}}<\/style><figure><span class=\"stk-img-wrapper stk-image--shape-stretch stk--has-lightbox\"><img loading=\"lazy\" decoding=\"async\" class=\"stk-img wp-image-290\" src=\"http:\/\/stadt-leipzig.htwk-leipzig.de\/lindenthal\/wp-content\/uploads\/2025\/06\/DSC_3075-scaled.jpg\" width=\"2560\" height=\"1707\" alt=\"Gustav-Adolf-Kirche\" srcset=\"https:\/\/stadt-leipzig.htwk-leipzig.de\/lindenthal\/wp-content\/uploads\/2025\/06\/DSC_3075-scaled.jpg 2560w, https:\/\/stadt-leipzig.htwk-leipzig.de\/lindenthal\/wp-content\/uploads\/2025\/06\/DSC_3075-300x200.jpg 300w, https:\/\/stadt-leipzig.htwk-leipzig.de\/lindenthal\/wp-content\/uploads\/2025\/06\/DSC_3075-1024x683.jpg 1024w, https:\/\/stadt-leipzig.htwk-leipzig.de\/lindenthal\/wp-content\/uploads\/2025\/06\/DSC_3075-768x512.jpg 768w, https:\/\/stadt-leipzig.htwk-leipzig.de\/lindenthal\/wp-content\/uploads\/2025\/06\/DSC_3075-1536x1024.jpg 1536w, https:\/\/stadt-leipzig.htwk-leipzig.de\/lindenthal\/wp-content\/uploads\/2025\/06\/DSC_3075-2048x1365.jpg 2048w\" sizes=\"auto, (max-width: 2560px) 100vw, 2560px\" \/><\/span><figcaption class=\"stk-img-figcaption\">Zoe Krug, 2025<\/figcaption><\/figure><\/div>\n<\/div><\/div><\/div>\n<\/div><\/div>\n\n\n\n<div class=\"wp-block-stackable-columns stk-block-columns stk-block stk-31b0625\" id=\"voelkerschlacht-gedenkstein\" data-block-id=\"31b0625\"><style>.stk-31b0625-column{--stk-columns-spacing:var(--stk--preset--spacing--none, 0px) !important;--stk-column-gap:var(--stk--preset--spacing--30, 0.67rem) !important;}<\/style><div class=\"stk-row stk-inner-blocks stk-block-content stk-content-align stk-31b0625-column\">\n<div class=\"wp-block-stackable-column stk-block-column stk-column stk-block stk-08e9028\" data-v=\"4\" data-block-id=\"08e9028\"><div class=\"stk-column-wrapper stk-block-column__content stk-container stk-08e9028-container stk--no-background stk--no-padding\"><div class=\"stk-block-content stk-inner-blocks stk-08e9028-inner-blocks\">\n<div class=\"wp-block-stackable-image stk-block-image stk-block stk-ebedbf9\" data-block-id=\"ebedbf9\"><style>.stk-ebedbf9 .stk-img-figcaption{text-align:center !important;font-size:10px !important;}.stk-ebedbf9 .stk-img-wrapper{aspect-ratio:1\/1 !important;width:100% !important;height:auto !important;}.stk-ebedbf9 .stk-img-wrapper img{border-radius:8px !important;}@media screen and (max-width:999px){.stk-ebedbf9 .stk-img-figcaption{font-size:10px !important;}.stk-ebedbf9 .stk-img-wrapper{height:auto !important;}}@media screen and (max-width:689px){.stk-ebedbf9 .stk-img-wrapper{height:auto !important;}}<\/style><figure><span class=\"stk-img-wrapper stk-image--shape-stretch stk--has-lightbox\"><img loading=\"lazy\" decoding=\"async\" class=\"stk-img wp-image-225\" src=\"http:\/\/stadt-leipzig.htwk-leipzig.de\/lindenthal\/wp-content\/uploads\/2025\/06\/DSC_3071-scaled.jpg\" width=\"1707\" height=\"2560\" alt=\"V\u00f6lkerschlacht-Gedenkstein\" srcset=\"https:\/\/stadt-leipzig.htwk-leipzig.de\/lindenthal\/wp-content\/uploads\/2025\/06\/DSC_3071-scaled.jpg 1707w, https:\/\/stadt-leipzig.htwk-leipzig.de\/lindenthal\/wp-content\/uploads\/2025\/06\/DSC_3071-200x300.jpg 200w, https:\/\/stadt-leipzig.htwk-leipzig.de\/lindenthal\/wp-content\/uploads\/2025\/06\/DSC_3071-683x1024.jpg 683w, https:\/\/stadt-leipzig.htwk-leipzig.de\/lindenthal\/wp-content\/uploads\/2025\/06\/DSC_3071-768x1152.jpg 768w, https:\/\/stadt-leipzig.htwk-leipzig.de\/lindenthal\/wp-content\/uploads\/2025\/06\/DSC_3071-1024x1536.jpg 1024w, https:\/\/stadt-leipzig.htwk-leipzig.de\/lindenthal\/wp-content\/uploads\/2025\/06\/DSC_3071-1365x2048.jpg 1365w\" sizes=\"auto, (max-width: 1707px) 100vw, 1707px\" \/><\/span><figcaption class=\"stk-img-figcaption\">Zoe Krug, 2025<\/figcaption><\/figure><\/div>\n<\/div><\/div><\/div>\n\n\n\n<div class=\"wp-block-stackable-column stk-block-column stk-column stk-block stk-1f400b9 stk-block-background stk--has-background-overlay\" data-v=\"4\" data-block-id=\"1f400b9\"><style>.stk-1f400b9-inner-blocks{justify-content:center !important;}.stk-1f400b9 {background-color:linear-gradient(to top, #dad4ec 0%, #dad4ec 1%, #f3e7e9 100%) !important;border-top-left-radius:var(--stk--preset--border-radius--medium, 8px) !important;border-top-right-radius:var(--stk--preset--border-radius--medium, 8px) !important;border-bottom-right-radius:var(--stk--preset--border-radius--medium, 8px) !important;border-bottom-left-radius:var(--stk--preset--border-radius--medium, 8px) !important;overflow:hidden !important;box-shadow:0px 2px 20px #99999933 !important;}.stk-1f400b9:before{background-image:linear-gradient(to top, #dad4ec 0%, #dad4ec 1%, #f3e7e9 100%) !important;}<\/style><div class=\"stk-column-wrapper stk-block-column__content stk-container stk-1f400b9-container stk--no-background stk--no-padding\"><div class=\"stk--column-flex stk-block-content stk-inner-blocks stk-1f400b9-inner-blocks\">\n<h4 class=\"wp-block-heading has-text-align-center\">V\u00f6lkerschlacht-Gedenkstein<\/h4>\n\n\n\n<p>Unweit der Gustav-Adolf-Kirche, n\u00f6rdlich gelegen, erinnert ein schlichter Gedenkstein an die Gefallenen der V\u00f6lkerschlacht bei Leipzig im Jahr 1813. In dieser historischen Schlacht standen sich Truppen aus ganz Europa gegen\u00fcber \u2013 auch in und um Lindenthal kam es zu Kampfhandlungen.<br><br>Der Stein w\u00fcrdigt die Opfer dieser entscheidenden Auseinandersetzung der Befreiungskriege und ist ein stiller Ort des Gedenkens. Eingebettet in das Ortsbild erinnert er daran, dass auch Lindenthal ein Teil dieses bedeutenden Kapitels europ\u00e4ischer Geschichte war.<\/p>\n<\/div><\/div><\/div>\n<\/div><\/div>\n\n\n\n<div class=\"wp-block-stackable-columns stk-block-columns stk-block stk-5388fbe\" id=\"denkmal-der-53\" data-block-id=\"5388fbe\"><style>.stk-5388fbe-column{--stk-columns-spacing:var(--stk--preset--spacing--none, 0px) !important;--stk-column-gap:var(--stk--preset--spacing--30, 0.67rem) !important;}<\/style><div class=\"stk-row stk-inner-blocks stk-block-content stk-content-align stk-5388fbe-column\">\n<div class=\"wp-block-stackable-column stk-block-column stk-column stk-block stk-a43f70a stk-block-background stk--has-background-overlay\" data-v=\"4\" data-block-id=\"a43f70a\"><style>.stk-a43f70a-inner-blocks{justify-content:center !important;}.stk-a43f70a {background-color:linear-gradient(to top, #dad4ec 0%, #dad4ec 1%, #f3e7e9 100%) !important;border-top-left-radius:var(--stk--preset--border-radius--medium, 8px) !important;border-top-right-radius:var(--stk--preset--border-radius--medium, 8px) !important;border-bottom-right-radius:var(--stk--preset--border-radius--medium, 8px) !important;border-bottom-left-radius:var(--stk--preset--border-radius--medium, 8px) !important;overflow:hidden !important;box-shadow:0px 2px 20px #99999933 !important;border-top-width:1px !important;border-right-width:1px !important;border-bottom-width:1px !important;border-left-width:1px !important;}.stk-a43f70a:before{background-image:linear-gradient(to top, #dad4ec 0%, #dad4ec 1%, #f3e7e9 100%) !important;}<\/style><div class=\"stk-column-wrapper stk-block-column__content stk-container stk-a43f70a-container stk--no-background stk--no-padding\"><div class=\"stk--column-flex stk-block-content stk-inner-blocks stk-a43f70a-inner-blocks\">\n<h4 class=\"wp-block-heading has-text-align-center\">Denkmal der 53<\/h4>\n\n\n\n<p>Am Rande des Lindenthaler Friedhofs steht das \u201eDenkmal der 53\u201c \u2013 ein Mahnmal, das an 53 namentlich bekannte Opfer des Zweiten Weltkriegs erinnert. Es sind M\u00e4nner, Frauen und Kinder, die zwischen 1939 und 1945 in Folge von Luftangriffen, Zwangsarbeit oder anderen Kriegsereignissen ihr Leben verloren haben.<br><br>Das schlichte, aber eindrucksvolle Denkmal ist ein Ort des stillen Gedenkens und der Mahnung \u2013 gegen das Vergessen und f\u00fcr den Frieden. Es macht deutlich, dass die Schrecken des Krieges auch in kleinen Gemeinden wie Lindenthal tiefe Spuren hinterlassen haben.<\/p>\n<\/div><\/div><\/div>\n\n\n\n<div class=\"wp-block-stackable-column stk-block-column stk-column stk-block stk-ed4b87a\" data-v=\"4\" data-block-id=\"ed4b87a\"><div class=\"stk-column-wrapper stk-block-column__content stk-container stk-ed4b87a-container stk--no-background stk--no-padding\"><div class=\"stk-block-content stk-inner-blocks stk-ed4b87a-inner-blocks\">\n<div class=\"wp-block-stackable-image stk-block-image stk-block stk-b93aeab\" data-block-id=\"b93aeab\"><style>.stk-b93aeab .stk-img-figcaption{text-align:center !important;font-size:10px !important;}.stk-b93aeab .stk-img-wrapper{aspect-ratio:1\/1 !important;width:100% !important;height:auto !important;}.stk-b93aeab .stk-img-wrapper img{border-radius:8px !important;}@media screen and (max-width:999px){.stk-b93aeab .stk-img-figcaption{font-size:10px !important;}.stk-b93aeab .stk-img-wrapper{height:auto !important;}}@media screen and (max-width:689px){.stk-b93aeab .stk-img-wrapper{height:auto !important;}}<\/style><figure><span class=\"stk-img-wrapper stk-image--shape-stretch stk--has-lightbox\"><img loading=\"lazy\" decoding=\"async\" class=\"stk-img wp-image-227\" src=\"http:\/\/stadt-leipzig.htwk-leipzig.de\/lindenthal\/wp-content\/uploads\/2025\/06\/DSC_3122-scaled.jpg\" width=\"1707\" height=\"2560\" alt=\"Denkmal der 53\" srcset=\"https:\/\/stadt-leipzig.htwk-leipzig.de\/lindenthal\/wp-content\/uploads\/2025\/06\/DSC_3122-scaled.jpg 1707w, https:\/\/stadt-leipzig.htwk-leipzig.de\/lindenthal\/wp-content\/uploads\/2025\/06\/DSC_3122-200x300.jpg 200w, https:\/\/stadt-leipzig.htwk-leipzig.de\/lindenthal\/wp-content\/uploads\/2025\/06\/DSC_3122-683x1024.jpg 683w, https:\/\/stadt-leipzig.htwk-leipzig.de\/lindenthal\/wp-content\/uploads\/2025\/06\/DSC_3122-768x1152.jpg 768w, https:\/\/stadt-leipzig.htwk-leipzig.de\/lindenthal\/wp-content\/uploads\/2025\/06\/DSC_3122-1024x1536.jpg 1024w, https:\/\/stadt-leipzig.htwk-leipzig.de\/lindenthal\/wp-content\/uploads\/2025\/06\/DSC_3122-1365x2048.jpg 1365w\" sizes=\"auto, (max-width: 1707px) 100vw, 1707px\" \/><\/span><figcaption class=\"stk-img-figcaption\">Zoe Krug, 2025<\/figcaption><\/figure><\/div>\n<\/div><\/div><\/div>\n<\/div><\/div>\n\n\n\n<div class=\"wp-block-stackable-columns stk-block-columns stk-block stk-e1af061\" id=\"windmuehle\" data-block-id=\"e1af061\"><style>.stk-e1af061-column{--stk-columns-spacing:var(--stk--preset--spacing--none, 0px) !important;--stk-column-gap:var(--stk--preset--spacing--30, 0.67rem) !important;}<\/style><div class=\"stk-row stk-inner-blocks stk-block-content stk-content-align stk-e1af061-column\">\n<div class=\"wp-block-stackable-column stk-block-column stk-column stk-block stk-48f2639\" data-v=\"4\" data-block-id=\"48f2639\"><div class=\"stk-column-wrapper stk-block-column__content stk-container stk-48f2639-container stk--no-background stk--no-padding\"><div class=\"stk-block-content stk-inner-blocks stk-48f2639-inner-blocks\">\n<div class=\"wp-block-stackable-image stk-block-image stk-block stk-4e867eb\" data-block-id=\"4e867eb\"><style>.stk-4e867eb .stk-img-figcaption{text-align:center !important;font-size:10px !important;}.stk-4e867eb .stk-img-wrapper{aspect-ratio:1\/1 !important;width:100% !important;height:auto !important;}.stk-4e867eb .stk-img-wrapper img{border-radius:8px !important;}@media screen and (max-width:999px){.stk-4e867eb .stk-img-figcaption{font-size:10px !important;}.stk-4e867eb .stk-img-wrapper{height:auto !important;}}@media screen and (max-width:689px){.stk-4e867eb .stk-img-wrapper{height:auto !important;}}<\/style><figure><span class=\"stk-img-wrapper stk-image--shape-stretch stk--has-lightbox\"><img loading=\"lazy\" decoding=\"async\" class=\"stk-img wp-image-229\" src=\"http:\/\/stadt-leipzig.htwk-leipzig.de\/lindenthal\/wp-content\/uploads\/2025\/06\/DSC_3058-scaled.jpg\" width=\"1707\" height=\"2560\" alt=\"Historische Windm\u00fchle\" srcset=\"https:\/\/stadt-leipzig.htwk-leipzig.de\/lindenthal\/wp-content\/uploads\/2025\/06\/DSC_3058-scaled.jpg 1707w, https:\/\/stadt-leipzig.htwk-leipzig.de\/lindenthal\/wp-content\/uploads\/2025\/06\/DSC_3058-200x300.jpg 200w, https:\/\/stadt-leipzig.htwk-leipzig.de\/lindenthal\/wp-content\/uploads\/2025\/06\/DSC_3058-683x1024.jpg 683w, https:\/\/stadt-leipzig.htwk-leipzig.de\/lindenthal\/wp-content\/uploads\/2025\/06\/DSC_3058-768x1152.jpg 768w, https:\/\/stadt-leipzig.htwk-leipzig.de\/lindenthal\/wp-content\/uploads\/2025\/06\/DSC_3058-1024x1536.jpg 1024w, https:\/\/stadt-leipzig.htwk-leipzig.de\/lindenthal\/wp-content\/uploads\/2025\/06\/DSC_3058-1365x2048.jpg 1365w\" sizes=\"auto, (max-width: 1707px) 100vw, 1707px\" \/><\/span><figcaption class=\"stk-img-figcaption\">Zoe Krug, 2025<\/figcaption><\/figure><\/div>\n<\/div><\/div><\/div>\n\n\n\n<div class=\"wp-block-stackable-column stk-block-column stk-column stk-block stk-d2d70f8 stk-block-background stk--has-background-overlay\" data-v=\"4\" data-block-id=\"d2d70f8\"><style>.stk-d2d70f8-inner-blocks{justify-content:center !important;}.stk-d2d70f8 {background-color:linear-gradient(to top, #dad4ec 0%, #dad4ec 1%, #f3e7e9 100%) !important;border-top-left-radius:var(--stk--preset--border-radius--medium, 8px) !important;border-top-right-radius:var(--stk--preset--border-radius--medium, 8px) !important;border-bottom-right-radius:var(--stk--preset--border-radius--medium, 8px) !important;border-bottom-left-radius:var(--stk--preset--border-radius--medium, 8px) !important;overflow:hidden !important;box-shadow:0px 2px 20px #99999933 !important;}.stk-d2d70f8:before{background-image:linear-gradient(to top, #dad4ec 0%, #dad4ec 1%, #f3e7e9 100%) !important;}<\/style><div class=\"stk-column-wrapper stk-block-column__content stk-container stk-d2d70f8-container stk--no-background stk--no-padding\"><div class=\"stk--column-flex stk-block-content stk-inner-blocks stk-d2d70f8-inner-blocks\">\n<h4 class=\"wp-block-heading has-text-align-center\">Historische Windm\u00fchle<\/h4>\n\n\n\n<p>Am Rande des Lindenthaler Friedhofs steht das \u201eDenkmal der 53\u201c \u2013 ein Mahnmal, das an 53 namentlich bekannte Opfer des Zweiten Weltkriegs erinnert. Es sind M\u00e4nner, Frauen und Kinder, die zwischen 1939 und 1945 in Folge von Luftangriffen, Zwangsarbeit oder anderen Kriegsereignissen ihr Leben verloren haben.<br><br>Das schlichte, aber eindrucksvolle Denkmal ist ein Ort des stillen Gedenkens und der Mahnung \u2013 gegen das Vergessen und f\u00fcr den Frieden. Es macht deutlich, dass die Schrecken des Krieges auch in kleinen Gemeinden wie Lindenthal tiefe Spuren hinterlassen haben.<\/p>\n<\/div><\/div><\/div>\n<\/div><\/div>\n","protected":false},"excerpt":{"rendered":"<p>Gustav-Adolf-Kirche Mit ihrem markanten Turm pr\u00e4gt die Gustav-Adolf-Kirche das Ortsbild von Lindenthal und ist ein zentraler Ort des Gemeindelebens. Erbaut im Jahr 1892 im neogotischen Stil, ist sie benannt nach dem schwedischen K\u00f6nig Gustav II. Adolf, der als Symbolfigur des Protestantismus gilt. Neben regelm\u00e4\u00dfigen Gottesdiensten finden hier auch Konzerte, Vortr\u00e4ge und kulturelle Veranstaltungen statt \u2013 [&hellip;]<\/p>\n","protected":false},"author":1,"featured_media":0,"parent":0,"menu_order":0,"comment_status":"closed","ping_status":"closed","template":"","meta":{"footnotes":""},"class_list":["post-17","page","type-page","status-publish","hentry"],"blocksy_meta":[],"_links":{"self":[{"href":"https:\/\/stadt-leipzig.htwk-leipzig.de\/lindenthal\/index.php?rest_route=\/wp\/v2\/pages\/17","targetHints":{"allow":["GET"]}}],"collection":[{"href":"https:\/\/stadt-leipzig.htwk-leipzig.de\/lindenthal\/index.php?rest_route=\/wp\/v2\/pages"}],"about":[{"href":"https:\/\/stadt-leipzig.htwk-leipzig.de\/lindenthal\/index.php?rest_route=\/wp\/v2\/types\/page"}],"author":[{"embeddable":true,"href":"https:\/\/stadt-leipzig.htwk-leipzig.de\/lindenthal\/index.php?rest_route=\/wp\/v2\/users\/1"}],"replies":[{"embeddable":true,"href":"https:\/\/stadt-leipzig.htwk-leipzig.de\/lindenthal\/index.php?rest_route=%2Fwp%2Fv2%2Fcomments&post=17"}],"version-history":[{"count":45,"href":"https:\/\/stadt-leipzig.htwk-leipzig.de\/lindenthal\/index.php?rest_route=\/wp\/v2\/pages\/17\/revisions"}],"predecessor-version":[{"id":363,"href":"https:\/\/stadt-leipzig.htwk-leipzig.de\/lindenthal\/index.php?rest_route=\/wp\/v2\/pages\/17\/revisions\/363"}],"wp:attachment":[{"href":"https:\/\/stadt-leipzig.htwk-leipzig.de\/lindenthal\/index.php?rest_route=%2Fwp%2Fv2%2Fmedia&parent=17"}],"curies":[{"name":"wp","href":"https:\/\/api.w.org\/{rel}","templated":true}]}}