{"id":15,"date":"2025-05-16T17:16:40","date_gmt":"2025-05-16T15:16:40","guid":{"rendered":"http:\/\/localhost\/Lindenthal\/?page_id=15"},"modified":"2025-06-27T14:20:40","modified_gmt":"2025-06-27T12:20:40","slug":"geschichte","status":"publish","type":"page","link":"https:\/\/stadt-leipzig.htwk-leipzig.de\/lindenthal\/?page_id=15","title":{"rendered":"Geschichte"},"content":{"rendered":"\r\n<p>Lindenthal blickt auf eine lange und bewegte Geschichte zur\u00fcck. Die erste urkundliche Erw\u00e4hnung des Ortes datiert auf etwa 1350, doch die Urspr\u00fcnge reichen vermutlich noch weiter zur\u00fcck. Als typisches mittelalterliches Stra\u00dfendorf mit einer Kirche \u2013 wahrscheinlich bereits im 12. Jahrhundert erbaut \u2013 war Lindenthal \u00fcber Jahrhunderte landwirtschaftlich gepr\u00e4gt.<br><br>Die Dorfkirche wurde in den Jahren 1720\/21 im barocken Stil umgestaltet und sp\u00e4ter <a href=\"https:\/\/stadt-leipzig.htwk-leipzig.de\/lindenthal\/?page_id=17#gustav-adolf-kirche\" data-type=\"page\" data-id=\"17\">Gustav-Adolf-Kirche<\/a> genannt \u2013 eine Erinnerung an den schwedischen K\u00f6nig Gustav II. Adolf, der 1631 bei Breitenfeld einen bedeutenden Sieg errang.<br><br>Bis 1815 geh\u00f6rte Lindenthal zum Kurf\u00fcrstentum Sachsen. Trotz der politischen Umbr\u00fcche nach dem Wiener Kongress blieb der Ort Teil des K\u00f6nigreichs Sachsen. W\u00e4hrend der Napoleonischen Kriege wurde das Dorf 1806 und erneut 1813 von franz\u00f6sischen Truppen gepl\u00fcndert und war in die Ereignisse rund um die V\u00f6lkerschlacht bei Leipzig involviert. Ein <a href=\"https:\/\/stadt-leipzig.htwk-leipzig.de\/lindenthal\/?page_id=17#voelkerschlacht-gedenkstein\" data-type=\"page\" data-id=\"17\">Gedenkstein<\/a> erinnert noch heute daran.<br><br>Mit der Industrialisierung wandelte sich auch Lindenthal. 1892 wurde eine <a href=\"https:\/\/stadt-leipzig.htwk-leipzig.de\/lindenthal\/?page_id=17\/\" data-type=\"page\" data-id=\"17\">Wind<\/a><a href=\"https:\/\/stadt-leipzig.htwk-leipzig.de\/lindenthal\/?page_id=17#windmuehle\" data-type=\"page\" data-id=\"17\">m\u00fchle<\/a> errichtet, und 1911 entstand am Ortsrand ein Flugplatz. Dort waren zeitweise die S\u00e4chsischen Flugzeug-Werke ans\u00e4ssig \u2013 Lindenthal wurde zum Luftfahrtstandort. In der Zwischenkriegszeit pr\u00e4gten der Bau des Rathauses (1921\/22), das Volks- bzw. \u00d6kobad (1922\u201324) und die Eingemeindung des Nachbarortes Breitenfeld (1923) die Entwicklung des Orts.<br><br>Ein dunkles Kapitel der Ortsgeschichte liegt im Jahr 1945, als kurz vor Kriegsende 53 H\u00e4ftlinge in Lindenthal ermordet wurden. Das <a href=\"https:\/\/stadt-leipzig.htwk-leipzig.de\/lindenthal\/?page_id=17#denkmal-der-53\" data-type=\"page\" data-id=\"17\">Denkmal der 53<\/a> erinnert an dieses Verbrechen.<br><br>Nach dem Zweiten Weltkrieg wurde Lindenthal Teil der DDR und blieb es bis zur Wiedervereinigung. 1999 wurde der Ort schlie\u00dflich nach Leipzig eingemeindet.<br><br>Heute bewahrt Lindenthal trotz seiner Zugeh\u00f6rigkeit zur Gro\u00dfstadt einen d\u00f6rflichen Charakter. Historische Bauten wie die Gustav-Adolf-Kirche oder die Windm\u00fchle sind erhalten geblieben, und wo einst ein Exerzierplatz war, l\u00e4dt heute ein Erholungswald zum Spazieren ein \u2013 Lindenthal verbindet Geschichte, Natur und Lebensqualit\u00e4t auf ganz besondere Weise.<\/p>\r\n\r\n\r\n\r\n<div class=\"wp-block-stackable-columns stk-block-columns stk-block stk-99b2aad\" data-block-id=\"99b2aad\"><style>.stk-99b2aad-column{--stk-columns-spacing:var(--stk--preset--spacing--none, 0px) !important;--stk-column-gap:var(--stk--preset--spacing--50, 1.5rem) !important;}<\/style><div class=\"stk-row stk-inner-blocks stk-block-content stk-content-align stk-99b2aad-column\">\r\n<div class=\"wp-block-stackable-column stk-block-column stk-column stk-block stk-a519809\" data-v=\"4\" data-block-id=\"a519809\"><style>@media screen and (min-width:690px){.stk-a519809 {flex:var(--stk-flex-grow, 1) 1 calc(50% - var(--stk-column-gap, 0px) * 1 \/ 2 ) !important;}}<\/style><div class=\"stk-column-wrapper stk-block-column__content stk-container stk-a519809-container stk--no-background stk--no-padding\"><div class=\"stk-block-content stk-inner-blocks stk-a519809-inner-blocks\">\r\n<div class=\"wp-block-stackable-image stk-block-image stk-block stk-119ff6d\" data-block-id=\"119ff6d\"><style>.stk-119ff6d .stk-img-figcaption{text-align:center !important;font-size:10px !important;}@media screen and (max-width:999px){.stk-119ff6d .stk-img-figcaption{font-size:10px !important;}}<\/style><figure><span class=\"stk-img-wrapper stk-image--shape-stretch stk--has-lightbox\"><img loading=\"lazy\" decoding=\"async\" class=\"stk-img wp-image-349\" src=\"https:\/\/stadt-leipzig.htwk-leipzig.de\/lindenthal\/wp-content\/uploads\/2025\/06\/Topographische_Karte_der_Umgegend_von_Leipzig_1863_-_Lindenthal.jpg\" width=\"1393\" height=\"454\" alt=\"Lindenthal auf einer Karte von 1863\" srcset=\"https:\/\/stadt-leipzig.htwk-leipzig.de\/lindenthal\/wp-content\/uploads\/2025\/06\/Topographische_Karte_der_Umgegend_von_Leipzig_1863_-_Lindenthal.jpg 1393w, https:\/\/stadt-leipzig.htwk-leipzig.de\/lindenthal\/wp-content\/uploads\/2025\/06\/Topographische_Karte_der_Umgegend_von_Leipzig_1863_-_Lindenthal-300x98.jpg 300w, https:\/\/stadt-leipzig.htwk-leipzig.de\/lindenthal\/wp-content\/uploads\/2025\/06\/Topographische_Karte_der_Umgegend_von_Leipzig_1863_-_Lindenthal-1024x334.jpg 1024w, https:\/\/stadt-leipzig.htwk-leipzig.de\/lindenthal\/wp-content\/uploads\/2025\/06\/Topographische_Karte_der_Umgegend_von_Leipzig_1863_-_Lindenthal-768x250.jpg 768w\" sizes=\"auto, (max-width: 1393px) 100vw, 1393px\" \/><\/span><figcaption class=\"stk-img-figcaption\">Lindenthal auf einer Karte von 1863 \/\/ Von H. Kunsch &#8211; S\u00e4chsische Staats- und Landesbibliothek (SLUB) Dresden: http:\/\/digital.slub-dresden.de\/id1889491888, Gemeinfrei, https:\/\/commons.wikimedia.org\/w\/index.php?curid=151828444<\/figcaption><\/figure><\/div>\r\n<\/div><\/div><\/div>\r\n\r\n\r\n\r\n<div class=\"wp-block-stackable-column stk-block-column stk-column stk-block stk-ddd56d0\" data-v=\"4\" data-block-id=\"ddd56d0\"><style>@media screen and (min-width:690px){.stk-ddd56d0 {flex:var(--stk-flex-grow, 1) 1 calc(50% - var(--stk-column-gap, 0px) * 1 \/ 2 ) !important;}}<\/style><div class=\"stk-column-wrapper stk-block-column__content stk-container stk-ddd56d0-container stk--no-background stk--no-padding\"><div class=\"stk-block-content stk-inner-blocks stk-ddd56d0-inner-blocks\">\r\n<div class=\"wp-block-stackable-image stk-block-image stk-block stk-33457be\" data-block-id=\"33457be\"><style>.stk-33457be .stk-img-figcaption{text-align:center !important;font-size:10px !important;}.stk-33457be .stk-img-wrapper{width:100% !important;}@media screen and (max-width:999px){.stk-33457be .stk-img-figcaption{font-size:10px !important;}}<\/style><figure><span class=\"stk-img-wrapper stk-image--shape-stretch stk--has-lightbox\"><img loading=\"lazy\" decoding=\"async\" class=\"stk-img wp-image-191\" src=\"https:\/\/stadt-leipzig.htwk-leipzig.de\/lindenthal\/wp-content\/uploads\/2025\/06\/Lindenthal-Luftaufnahme-scaled.jpg\" width=\"2560\" height=\"1811\" alt=\"Luftbildaufnahme von Lindenthal\" srcset=\"https:\/\/stadt-leipzig.htwk-leipzig.de\/lindenthal\/wp-content\/uploads\/2025\/06\/Lindenthal-Luftaufnahme-scaled.jpg 2560w, https:\/\/stadt-leipzig.htwk-leipzig.de\/lindenthal\/wp-content\/uploads\/2025\/06\/Lindenthal-Luftaufnahme-300x212.jpg 300w, https:\/\/stadt-leipzig.htwk-leipzig.de\/lindenthal\/wp-content\/uploads\/2025\/06\/Lindenthal-Luftaufnahme-1024x724.jpg 1024w, https:\/\/stadt-leipzig.htwk-leipzig.de\/lindenthal\/wp-content\/uploads\/2025\/06\/Lindenthal-Luftaufnahme-768x543.jpg 768w, https:\/\/stadt-leipzig.htwk-leipzig.de\/lindenthal\/wp-content\/uploads\/2025\/06\/Lindenthal-Luftaufnahme-1536x1087.jpg 1536w, https:\/\/stadt-leipzig.htwk-leipzig.de\/lindenthal\/wp-content\/uploads\/2025\/06\/Lindenthal-Luftaufnahme-2048x1449.jpg 2048w\" sizes=\"auto, (max-width: 2560px) 100vw, 2560px\" \/><\/span><figcaption class=\"stk-img-figcaption\">StadtAL, 0522 (Fotosammlung Eberhard Mai), Nr. 7266<\/figcaption><\/figure><\/div>\r\n<\/div><\/div><\/div>\r\n<\/div><\/div>\r\n","protected":false},"excerpt":{"rendered":"<p>Lindenthal blickt auf eine lange und bewegte Geschichte zur\u00fcck. Die erste urkundliche Erw\u00e4hnung des Ortes datiert auf etwa 1350, doch die Urspr\u00fcnge reichen vermutlich noch weiter zur\u00fcck. Als typisches mittelalterliches Stra\u00dfendorf mit einer Kirche \u2013 wahrscheinlich bereits im 12. Jahrhundert erbaut \u2013 war Lindenthal \u00fcber Jahrhunderte landwirtschaftlich gepr\u00e4gt. Die Dorfkirche wurde in den Jahren 1720\/21 [&hellip;]<\/p>\n","protected":false},"author":1,"featured_media":0,"parent":0,"menu_order":0,"comment_status":"closed","ping_status":"closed","template":"","meta":{"footnotes":""},"class_list":["post-15","page","type-page","status-publish","hentry"],"blocksy_meta":[],"_links":{"self":[{"href":"https:\/\/stadt-leipzig.htwk-leipzig.de\/lindenthal\/index.php?rest_route=\/wp\/v2\/pages\/15","targetHints":{"allow":["GET"]}}],"collection":[{"href":"https:\/\/stadt-leipzig.htwk-leipzig.de\/lindenthal\/index.php?rest_route=\/wp\/v2\/pages"}],"about":[{"href":"https:\/\/stadt-leipzig.htwk-leipzig.de\/lindenthal\/index.php?rest_route=\/wp\/v2\/types\/page"}],"author":[{"embeddable":true,"href":"https:\/\/stadt-leipzig.htwk-leipzig.de\/lindenthal\/index.php?rest_route=\/wp\/v2\/users\/1"}],"replies":[{"embeddable":true,"href":"https:\/\/stadt-leipzig.htwk-leipzig.de\/lindenthal\/index.php?rest_route=%2Fwp%2Fv2%2Fcomments&post=15"}],"version-history":[{"count":21,"href":"https:\/\/stadt-leipzig.htwk-leipzig.de\/lindenthal\/index.php?rest_route=\/wp\/v2\/pages\/15\/revisions"}],"predecessor-version":[{"id":356,"href":"https:\/\/stadt-leipzig.htwk-leipzig.de\/lindenthal\/index.php?rest_route=\/wp\/v2\/pages\/15\/revisions\/356"}],"wp:attachment":[{"href":"https:\/\/stadt-leipzig.htwk-leipzig.de\/lindenthal\/index.php?rest_route=%2Fwp%2Fv2%2Fmedia&parent=15"}],"curies":[{"name":"wp","href":"https:\/\/api.w.org\/{rel}","templated":true}]}}