{"id":13,"date":"2025-05-16T17:16:28","date_gmt":"2025-05-16T15:16:28","guid":{"rendered":"http:\/\/localhost\/Lindenthal\/?page_id=13"},"modified":"2025-06-27T14:28:00","modified_gmt":"2025-06-27T12:28:00","slug":"fakten","status":"publish","type":"page","link":"https:\/\/stadt-leipzig.htwk-leipzig.de\/lindenthal\/?page_id=13","title":{"rendered":"Fakten"},"content":{"rendered":"\n<h4 class=\"wp-block-heading\">Allgemeine Fakten<\/h4>\n\n\n\n<ul class=\"wp-block-list\">\n<li>erste Erw\u00e4hnung: 1350<\/li>\n\n\n\n<li>Eingemeindung nach Leipzig: 1999<\/li>\n\n\n\n<li>Stadtbezirk: Nordwest<\/li>\n<\/ul>\n\n\n\n<div class=\"wp-block-stackable-columns stk-block-columns stk-block stk-1490cd4\" data-block-id=\"1490cd4\"><style>.stk-1490cd4 .stk--block-align-1490cd4{align-items:center !important;}.stk-1490cd4-column{--stk-columns-spacing:var(--stk--preset--spacing--none, 0px) !important;--stk-column-gap:var(--stk--preset--spacing--50, 1.5rem) !important;}<\/style><div class=\"stk-row stk-inner-blocks stk--block-align-1490cd4 stk-block-content stk-content-align stk-1490cd4-column\">\n<div class=\"wp-block-stackable-column stk-block-column stk-column stk-block stk-079880e\" data-v=\"4\" data-block-id=\"079880e\"><style>@media screen and (min-width:690px){.stk-079880e {flex:var(--stk-flex-grow, 1) 1 calc(40% - var(--stk-column-gap, 0px) * 1 \/ 2 ) !important;}}<\/style><div class=\"stk-column-wrapper stk-block-column__content stk-container stk-079880e-container stk--no-background stk--no-padding\"><div class=\"stk-block-content stk-inner-blocks stk-079880e-inner-blocks\">\n<div class=\"wp-block-stackable-image stk-block-image stk-block stk-2670349\" data-block-id=\"2670349\"><style>.stk-2670349 .stk-img-figcaption{text-align:center !important;font-size:10px !important;}@media screen and (max-width:999px){.stk-2670349 .stk-img-figcaption{font-size:10px !important;}}<\/style><figure><span class=\"stk-img-wrapper stk-image--shape-stretch stk--has-lightbox\"><img loading=\"lazy\" decoding=\"async\" class=\"stk-img wp-image-159\" src=\"http:\/\/stadt-leipzig.htwk-leipzig.de\/lindenthal\/wp-content\/uploads\/2025\/06\/Bildschirmfoto-2025-06-14-um-15.20.01.png\" width=\"1196\" height=\"660\" alt=\"Stadtkarte von Leipzig mit Markierung f\u00fcr Lindenthal\" srcset=\"https:\/\/stadt-leipzig.htwk-leipzig.de\/lindenthal\/wp-content\/uploads\/2025\/06\/Bildschirmfoto-2025-06-14-um-15.20.01.png 1196w, https:\/\/stadt-leipzig.htwk-leipzig.de\/lindenthal\/wp-content\/uploads\/2025\/06\/Bildschirmfoto-2025-06-14-um-15.20.01-300x166.png 300w, https:\/\/stadt-leipzig.htwk-leipzig.de\/lindenthal\/wp-content\/uploads\/2025\/06\/Bildschirmfoto-2025-06-14-um-15.20.01-1024x565.png 1024w, https:\/\/stadt-leipzig.htwk-leipzig.de\/lindenthal\/wp-content\/uploads\/2025\/06\/Bildschirmfoto-2025-06-14-um-15.20.01-768x424.png 768w\" sizes=\"auto, (max-width: 1196px) 100vw, 1196px\" \/><\/span><figcaption class=\"stk-img-figcaption\">https:\/\/onlinestreet.de\/orte\/leipzig\/karte\/Lindenthal#google_vignette<\/figcaption><\/figure><\/div>\n<\/div><\/div><\/div>\n\n\n\n<div class=\"wp-block-stackable-column stk-block-column stk-column stk-block stk-a113bed\" data-v=\"4\" data-block-id=\"a113bed\"><style>@media screen and (min-width:690px){.stk-a113bed {flex:var(--stk-flex-grow, 1) 1 calc(60% - var(--stk-column-gap, 0px) * 1 \/ 2 ) !important;}}<\/style><div class=\"stk-column-wrapper stk-block-column__content stk-container stk-a113bed-container stk--no-background stk--no-padding\"><div class=\"stk-block-content stk-inner-blocks stk-a113bed-inner-blocks\">\n<div class=\"wp-block-stackable-columns stk-block-columns stk-block stk-b538c09\" data-block-id=\"b538c09\"><div class=\"stk-row stk-inner-blocks stk-block-content stk-content-align stk-b538c09-column\">\n<div class=\"wp-block-stackable-column stk-block-column stk-column stk-block stk-a9135b4\" data-v=\"4\" data-block-id=\"a9135b4\"><style>@media screen and (min-width:690px){.stk-a9135b4 {flex:var(--stk-flex-grow, 1) 1 calc(10% - var(--stk-column-gap, 0px) * 1 \/ 2 ) !important;}}<\/style><div class=\"stk-column-wrapper stk-block-column__content stk-container stk-a9135b4-container stk--no-background stk--no-padding\"><div class=\"stk-block-content stk-inner-blocks stk-a9135b4-inner-blocks\">\n<div class=\"wp-block-stackable-icon stk-block-icon stk-block stk-02d36ba\" data-block-id=\"02d36ba\"><span class=\"stk--svg-wrapper\"><div class=\"stk--inner-svg\"><svg style=\"height:0;width:0\"><defs><linearGradient id=\"linear-gradient-02d36ba\" x1=\"0\" x2=\"100%\" y1=\"0\" y2=\"0\"><stop offset=\"0%\" style=\"stop-opacity:1;stop-color:var(--linear-gradient-02-d-36-ba-color-1)\"><\/stop><stop offset=\"100%\" style=\"stop-opacity:1;stop-color:var(--linear-gradient-02-d-36-ba-color-2)\"><\/stop><\/linearGradient><\/defs><\/svg><svg xmlns=\"http:\/\/www.w3.org\/2000\/svg\" viewBox=\"0 0 640 512\" aria-hidden=\"true\" width=\"32\" height=\"32\"><path d=\"M72 88a56 56 0 1 1 112 0A56 56 0 1 1 72 88zM64 245.7C54 256.9 48 271.8 48 288s6 31.1 16 42.3V245.7zm144.4-49.3C178.7 222.7 160 261.2 160 304c0 34.3 12 65.8 32 90.5V416c0 17.7-14.3 32-32 32H96c-17.7 0-32-14.3-32-32V389.2C26.2 371.2 0 332.7 0 288c0-61.9 50.1-112 112-112h32c24 0 46.2 7.5 64.4 20.3zM448 416V394.5c20-24.7 32-56.2 32-90.5c0-42.8-18.7-81.3-48.4-107.7C449.8 183.5 472 176 496 176h32c61.9 0 112 50.1 112 112c0 44.7-26.2 83.2-64 101.2V416c0 17.7-14.3 32-32 32H480c-17.7 0-32-14.3-32-32zm8-328a56 56 0 1 1 112 0A56 56 0 1 1 456 88zM576 245.7v84.7c10-11.3 16-26.1 16-42.3s-6-31.1-16-42.3zM320 32a64 64 0 1 1 0 128 64 64 0 1 1 0-128zM240 304c0 16.2 6 31 16 42.3V261.7c-10 11.3-16 26.1-16 42.3zm144-42.3v84.7c10-11.3 16-26.1 16-42.3s-6-31.1-16-42.3zM448 304c0 44.7-26.2 83.2-64 101.2V448c0 17.7-14.3 32-32 32H288c-17.7 0-32-14.3-32-32V405.2c-37.8-18-64-56.5-64-101.2c0-61.9 50.1-112 112-112h32c61.9 0 112 50.1 112 112z\"><\/path><\/svg><\/div><\/span><\/div>\n<\/div><\/div><\/div>\n\n\n\n<div class=\"wp-block-stackable-column stk-block-column stk-column stk-block stk-7e4a798\" data-v=\"4\" data-block-id=\"7e4a798\"><style>@media screen and (min-width:690px){.stk-7e4a798 {flex:var(--stk-flex-grow, 1) 1 calc(90% - var(--stk-column-gap, 0px) * 1 \/ 2 ) !important;}}<\/style><div class=\"stk-column-wrapper stk-block-column__content stk-container stk-7e4a798-container stk--no-background stk--no-padding\"><div class=\"stk-block-content stk-inner-blocks stk-7e4a798-inner-blocks\">\n<h4 class=\"wp-block-heading\">Einwohner: 6.753 (Stand: 2024)<\/h4>\n<\/div><\/div><\/div>\n<\/div><\/div>\n\n\n\n<div class=\"wp-block-stackable-columns stk-block-columns stk-block stk-3073210\" data-block-id=\"3073210\"><div class=\"stk-row stk-inner-blocks stk-block-content stk-content-align stk-3073210-column\">\n<div class=\"wp-block-stackable-column stk-block-column stk-column stk-block stk-9654fb3\" data-v=\"4\" data-block-id=\"9654fb3\"><style>@media screen and (min-width:690px){.stk-9654fb3 {flex:var(--stk-flex-grow, 1) 1 calc(10% - var(--stk-column-gap, 0px) * 1 \/ 2 ) !important;}}<\/style><div class=\"stk-column-wrapper stk-block-column__content stk-container stk-9654fb3-container stk--no-background stk--no-padding\"><div class=\"stk-block-content stk-inner-blocks stk-9654fb3-inner-blocks\">\n<div class=\"wp-block-stackable-icon stk-block-icon stk-block stk-a936dd8\" data-block-id=\"a936dd8\"><span class=\"stk--svg-wrapper\"><div class=\"stk--inner-svg\"><svg style=\"height:0;width:0\"><defs><linearGradient id=\"linear-gradient-a936dd8\" x1=\"0\" x2=\"100%\" y1=\"0\" y2=\"0\"><stop offset=\"0%\" style=\"stop-opacity:1;stop-color:var(--linear-gradient-a-936-dd-8-color-1)\"><\/stop><stop offset=\"100%\" style=\"stop-opacity:1;stop-color:var(--linear-gradient-a-936-dd-8-color-2)\"><\/stop><\/linearGradient><\/defs><\/svg><svg xmlns=\"http:\/\/www.w3.org\/2000\/svg\" viewBox=\"0 0 448 512\" aria-hidden=\"true\" width=\"32\" height=\"32\"><path d=\"M32 32C14.3 32 0 46.3 0 64v96c0 17.7 14.3 32 32 32s32-14.3 32-32V96h64c17.7 0 32-14.3 32-32s-14.3-32-32-32H32zM64 352c0-17.7-14.3-32-32-32s-32 14.3-32 32v96c0 17.7 14.3 32 32 32h96c17.7 0 32-14.3 32-32s-14.3-32-32-32H64V352zM320 32c-17.7 0-32 14.3-32 32s14.3 32 32 32h64v64c0 17.7 14.3 32 32 32s32-14.3 32-32V64c0-17.7-14.3-32-32-32H320zM448 352c0-17.7-14.3-32-32-32s-32 14.3-32 32v64H320c-17.7 0-32 14.3-32 32s14.3 32 32 32h96c17.7 0 32-14.3 32-32V352z\"><\/path><\/svg><\/div><\/span><\/div>\n<\/div><\/div><\/div>\n\n\n\n<div class=\"wp-block-stackable-column stk-block-column stk-column stk-block stk-554f1fe\" data-v=\"4\" data-block-id=\"554f1fe\"><style>@media screen and (min-width:690px){.stk-554f1fe {flex:var(--stk-flex-grow, 1) 1 calc(90% - var(--stk-column-gap, 0px) * 1 \/ 2 ) !important;}}<\/style><div class=\"stk-column-wrapper stk-block-column__content stk-container stk-554f1fe-container stk--no-background stk--no-padding\"><div class=\"stk-block-content stk-inner-blocks stk-554f1fe-inner-blocks\">\n<h4 class=\"wp-block-heading\">Fl\u00e4che: 12,83 km<sup>2<\/sup><\/h4>\n<\/div><\/div><\/div>\n<\/div><\/div>\n<\/div><\/div><\/div>\n<\/div><\/div>\n\n\n\n<h4 class=\"wp-block-heading\">Charakter von Lindenthal<\/h4>\n\n\n\n<p>Lindenthal im Leipziger Stadtbezirk Nordwest zeichnet sich durch eine naturnahe Ausstrahlung und eine ruhige, d\u00f6rfliche Atmosph\u00e4re aus. Noch bis 1999 war Lindenthal ein eigenst\u00e4ndiges Dorf in unmittelbarer N\u00e4he zur Gro\u00dfstadt \u2013 dieser Ursprung ist bis heute im Ortsbild erkennbar. Viele der H\u00e4user haben einen l\u00e4ndlichen, traditionellen Charakter, in Form von Einfamilienh\u00e4usern mit gro\u00dfz\u00fcgigen G\u00e4rten und einer durchgr\u00fcnten Umgebung. Dabei mischen sich mittlerweile Siedlungen mit Mehrfamilienh\u00e4usern und Reihenh\u00e4usern in das Gesamtbild, ohne dass eine Wohnform dominiert. Architektonisch bietet Lindenthal eine Mischung aus \u00e4lteren, ortstypischen Geb\u00e4uden mit regionalem Stil und neueren, zur\u00fcckhaltend modernen Bauten, die sich gut in das d\u00f6rflich gepr\u00e4gte Umfeld einf\u00fcgen.&nbsp;<br><br>Charakteristisch f\u00fcr Lindenthal ist eine starke Verbindung zur Natur. Mehrere Park- und Waldgebiete, wie der nahe und beliebte Schladitzer See, laden zu Spazierg\u00e4ngen, Radtouren und Erholung im Gr\u00fcnen ein. N\u00f6rdlich des Stadtteils liegt das als &#8222;<a href=\"http:\/\/stadt-leipzig.htwk-leipzig.de\/lindenthal\/natur#tannenwald\" data-type=\"page\" data-id=\"19\">Tannenwald<\/a>&#8220; bekannte Lindenthaler W\u00e4ldchen \u2013 ein gesch\u00fctztes Fauna-Flora-Habitat, das seltenen Tier- und Pflanzenarten einen Lebensraum bietet. Innerhalb des Stadtgebiets befindet sich zudem das <a href=\"http:\/\/stadt-leipzig.htwk-leipzig.de\/lindenthal\/aktivitaeten#oekobad\" data-type=\"page\" data-id=\"21\">\u00d6kobad Lindenthal<\/a>, ein \u00f6kologisch betriebenes Freibad f\u00fcr Familien, das neben Schwimmbecken auch eine Sauna und ein Restaurant umfasst.&nbsp;<br><br>Zur gr\u00fcnen Identit\u00e4t Lindenthals geh\u00f6ren auch mehrere Kleingartenanlagen. Der gr\u00f6\u00dfte Kleingartenverein, \u201cLindenthal West e.V.\u201d, umfasst ganze 460 G\u00e4rten und zeigt seit seiner Gr\u00fcndung 1952 die tiefe Verankerung von Gartenkultur im Leben der Bewohnerinnen und Bewohner.&nbsp;<br><br>Seit der Eingemeindung in Leipzig im Jahr 1999 wurde die Infrastruktur kontinuierlich verbessert. S-Bahn- und Busverbindungen sorgen heute f\u00fcr eine gute Anbindung an die Leipziger Innenstadt und umliegende Stadtteile. Die rund 7.000 Einwohner Lindenthals profitieren dadurch von der N\u00e4he zur Stadt, ohne auf die Ruhe und Naturverbundenheit verzichten zu m\u00fcssen.&nbsp;<br><br>Der Stadtteil hat sich zu einem harmonischen Wohnort f\u00fcr Jung und Alt entwickelt, in dem das Miteinander im Vordergrund steht. Das Durchschnittsalter lag im Jahr 2024 bei 47 Jahren \u2013 ein Hinweis auf die ausgewogene Altersstruktur. Insgesamt vermittelt Lindenthal den Eindruck einer gr\u00fcnen, entspannten Oase am Rande der Gro\u00dfstadt \u2013 naturnah und freundlich.&nbsp;<\/p>\n","protected":false},"excerpt":{"rendered":"<p>Allgemeine Fakten https:\/\/onlinestreet.de\/orte\/leipzig\/karte\/Lindenthal#google_vignette Einwohner: 6.753 (Stand: 2024) Fl\u00e4che: 12,83 km2 Charakter von Lindenthal Lindenthal im Leipziger Stadtbezirk Nordwest zeichnet sich durch eine naturnahe Ausstrahlung und eine ruhige, d\u00f6rfliche Atmosph\u00e4re aus. Noch bis 1999 war Lindenthal ein eigenst\u00e4ndiges Dorf in unmittelbarer N\u00e4he zur Gro\u00dfstadt \u2013 dieser Ursprung ist bis heute im Ortsbild erkennbar. Viele der H\u00e4user [&hellip;]<\/p>\n","protected":false},"author":1,"featured_media":0,"parent":0,"menu_order":0,"comment_status":"closed","ping_status":"closed","template":"","meta":{"footnotes":""},"class_list":["post-13","page","type-page","status-publish","hentry"],"blocksy_meta":[],"_links":{"self":[{"href":"https:\/\/stadt-leipzig.htwk-leipzig.de\/lindenthal\/index.php?rest_route=\/wp\/v2\/pages\/13","targetHints":{"allow":["GET"]}}],"collection":[{"href":"https:\/\/stadt-leipzig.htwk-leipzig.de\/lindenthal\/index.php?rest_route=\/wp\/v2\/pages"}],"about":[{"href":"https:\/\/stadt-leipzig.htwk-leipzig.de\/lindenthal\/index.php?rest_route=\/wp\/v2\/types\/page"}],"author":[{"embeddable":true,"href":"https:\/\/stadt-leipzig.htwk-leipzig.de\/lindenthal\/index.php?rest_route=\/wp\/v2\/users\/1"}],"replies":[{"embeddable":true,"href":"https:\/\/stadt-leipzig.htwk-leipzig.de\/lindenthal\/index.php?rest_route=%2Fwp%2Fv2%2Fcomments&post=13"}],"version-history":[{"count":38,"href":"https:\/\/stadt-leipzig.htwk-leipzig.de\/lindenthal\/index.php?rest_route=\/wp\/v2\/pages\/13\/revisions"}],"predecessor-version":[{"id":365,"href":"https:\/\/stadt-leipzig.htwk-leipzig.de\/lindenthal\/index.php?rest_route=\/wp\/v2\/pages\/13\/revisions\/365"}],"wp:attachment":[{"href":"https:\/\/stadt-leipzig.htwk-leipzig.de\/lindenthal\/index.php?rest_route=%2Fwp%2Fv2%2Fmedia&parent=13"}],"curies":[{"name":"wp","href":"https:\/\/api.w.org\/{rel}","templated":true}]}}