{"id":11,"date":"2025-05-16T17:16:11","date_gmt":"2025-05-16T15:16:11","guid":{"rendered":"http:\/\/localhost\/Lindenthal\/?page_id=11"},"modified":"2025-06-27T14:22:23","modified_gmt":"2025-06-27T12:22:23","slug":"startseite","status":"publish","type":"page","link":"https:\/\/stadt-leipzig.htwk-leipzig.de\/lindenthal\/","title":{"rendered":"Startseite"},"content":{"rendered":"\n<p class=\"has-text-align-left blocksatz\"><strong>Willkommen in Leipzig-Lindenthal<\/strong><\/p>\n\n\n\n<div class=\"wp-block-stackable-columns stk-block-columns stk-block stk-7f490ab\" data-block-id=\"7f490ab\"><style>.stk-7f490ab-column{--stk-columns-spacing:var(--stk--preset--spacing--none, 0px) !important;--stk-column-gap:var(--stk--preset--spacing--50, 1.5rem) !important;}<\/style><div class=\"stk-row stk-inner-blocks stk-block-content stk-content-align stk-7f490ab-column\">\n<div class=\"wp-block-stackable-column stk-block-column stk-column stk-block stk-6942e4a\" data-v=\"4\" data-block-id=\"6942e4a\"><style>@media screen and (min-width:690px){.stk-6942e4a {flex:var(--stk-flex-grow, 1) 1 calc(70% - var(--stk-column-gap, 0px) * 1 \/ 2 ) !important;}}<\/style><div class=\"stk-column-wrapper stk-block-column__content stk-container stk-6942e4a-container stk--no-background stk--no-padding\"><div class=\"stk-block-content stk-inner-blocks stk-6942e4a-inner-blocks\">\n<p class=\"has-text-align-left blocksatz\">Sch\u00f6n, dass Sie vorbeischauen!<br><br>Lindenthal, im gr\u00fcnen Nordwesten Leipzigs gelegen, vereint Geschichte, Natur und Gemeinschaftsleben. Diese Seite bietet Ihnen einen Einblick in unseren Stadtteil \u2013 von historischen Wurzeln bis zu aktuellen Entwicklungen.<br>Erfahren Sie mehr \u00fcber spannende Fakten, entdecken Sie die bewegte Geschichte Lindenthals, lernen Sie lokale Sehensw\u00fcrdigkeiten kennen, erkunden Sie die umliegende Natur oder informieren Sie sich \u00fcber m\u00f6gliche Aktivit\u00e4ten.<br>Ob neugierig, neu in der Gegend oder schon lange hier \u2013 wir laden Sie herzlich ein, Lindenthal (neu) zu entdecken!<\/p>\n<\/div><\/div><\/div>\n\n\n\n<div class=\"wp-block-stackable-column stk-block-column stk-column stk-block stk-19b907d\" data-v=\"4\" data-block-id=\"19b907d\"><style>@media screen and (min-width:690px){.stk-19b907d {flex:var(--stk-flex-grow, 1) 1 calc(30% - var(--stk-column-gap, 0px) * 1 \/ 2 ) !important;}}<\/style><div class=\"stk-column-wrapper stk-block-column__content stk-container stk-19b907d-container stk--no-background stk--no-padding\"><div class=\"stk-block-content stk-inner-blocks stk-19b907d-inner-blocks\">\n<div class=\"wp-block-stackable-image stk-block-image stk-block stk-3410ec1\" data-block-id=\"3410ec1\"><style>.stk-3410ec1 .stk-img-figcaption{text-align:center !important;font-size:10px !important;}.stk-3410ec1 .stk-img-wrapper{width:70% !important;}@media screen and (max-width:999px){.stk-3410ec1 .stk-img-figcaption{font-size:10px !important;}}<\/style><figure><span class=\"stk-img-wrapper stk-image--shape-stretch stk--has-lightbox\"><img loading=\"lazy\" decoding=\"async\" class=\"stk-img wp-image-305\" src=\"http:\/\/stadt-leipzig.htwk-leipzig.de\/lindenthal\/wp-content\/uploads\/2025\/06\/DSC_3057-scaled.jpg\" width=\"1707\" height=\"2560\" alt=\"Windm\u00fchle\" srcset=\"https:\/\/stadt-leipzig.htwk-leipzig.de\/lindenthal\/wp-content\/uploads\/2025\/06\/DSC_3057-scaled.jpg 1707w, https:\/\/stadt-leipzig.htwk-leipzig.de\/lindenthal\/wp-content\/uploads\/2025\/06\/DSC_3057-200x300.jpg 200w, https:\/\/stadt-leipzig.htwk-leipzig.de\/lindenthal\/wp-content\/uploads\/2025\/06\/DSC_3057-683x1024.jpg 683w, https:\/\/stadt-leipzig.htwk-leipzig.de\/lindenthal\/wp-content\/uploads\/2025\/06\/DSC_3057-768x1152.jpg 768w, https:\/\/stadt-leipzig.htwk-leipzig.de\/lindenthal\/wp-content\/uploads\/2025\/06\/DSC_3057-1024x1536.jpg 1024w, https:\/\/stadt-leipzig.htwk-leipzig.de\/lindenthal\/wp-content\/uploads\/2025\/06\/DSC_3057-1365x2048.jpg 1365w\" sizes=\"auto, (max-width: 1707px) 100vw, 1707px\" \/><\/span><figcaption class=\"stk-img-figcaption\">Zoe Krug, 2025<\/figcaption><\/figure><\/div>\n<\/div><\/div><\/div>\n<\/div><\/div>\n\n\n\n<div class=\"wp-block-stackable-divider stk-block-divider stk-block stk-992b1e1\" data-block-id=\"992b1e1\"><style>.stk-992b1e1 {margin-top:var(--stk--preset--spacing--50, 1.5rem) !important;}<\/style><hr class=\"stk-block-divider__hr\"\/><\/div>\n\n\n\n<div class=\"wp-block-stackable-columns stk-block-columns stk-block stk-a9a86b1\" data-block-id=\"a9a86b1\"><style>.stk-a9a86b1-column{--stk-columns-spacing:var(--stk--preset--spacing--none, 0px) !important;--stk-column-gap:var(--stk--preset--spacing--40, 1rem) !important;}<\/style><div class=\"stk-row stk-inner-blocks stk-block-content stk-content-align stk-a9a86b1-column\">\n<div class=\"wp-block-stackable-column stk-block-column stk-column stk-block stk-28bd725\" data-v=\"4\" data-block-id=\"28bd725\"><div class=\"stk-column-wrapper stk-block-column__content stk-container stk-28bd725-container stk--no-background stk--no-padding\"><div class=\"stk-block-content stk-inner-blocks stk-28bd725-inner-blocks\">\n<div class=\"wp-block-stackable-card stk-block-card stk-block stk-2ff7524 is-style-default\" data-v=\"2\" data-block-id=\"2ff7524\"><div class=\"stk--no-padding stk-container stk-2ff7524-container stk-hover-parent\"><div class=\"stk-container-padding stk-block-card__content\"><div class=\"stk-block-content stk-inner-blocks stk-2ff7524-inner-blocks\">\n<div class=\"wp-block-stackable-icon stk-block-icon has-text-align-center stk-block stk-9db641a\" data-block-id=\"9db641a\"><span class=\"stk--svg-wrapper\"><div class=\"stk--inner-svg\"><svg style=\"height:0;width:0\"><defs><linearGradient id=\"linear-gradient-9db641a\" x1=\"0\" x2=\"100%\" y1=\"0\" y2=\"0\"><stop offset=\"0%\" style=\"stop-opacity:1;stop-color:var(--linear-gradient-9-db-641-a-color-1)\"><\/stop><stop offset=\"100%\" style=\"stop-opacity:1;stop-color:var(--linear-gradient-9-db-641-a-color-2)\"><\/stop><\/linearGradient><\/defs><\/svg><svg xmlns=\"http:\/\/www.w3.org\/2000\/svg\" viewBox=\"0 0 512 512\" aria-hidden=\"true\" width=\"32\" height=\"32\"><path d=\"M256 512A256 256 0 1 0 256 0a256 256 0 1 0 0 512zM216 336h24V272H216c-13.3 0-24-10.7-24-24s10.7-24 24-24h48c13.3 0 24 10.7 24 24v88h8c13.3 0 24 10.7 24 24s-10.7 24-24 24H216c-13.3 0-24-10.7-24-24s10.7-24 24-24zm40-208a32 32 0 1 1 0 64 32 32 0 1 1 0-64z\"><\/path><\/svg><\/div><\/span><\/div>\n\n\n\n<h5 class=\"wp-block-heading has-text-align-center\">Fakten<\/h5>\n<\/div><\/div><\/div><\/div>\n<\/div><a class=\"stk-link stk-block-link stk--transparent-overlay\" href=\"http:\/\/stadt-leipzig.htwk-leipzig.de\/lindenthal\/?page_id=13\" aria-hidden=\"true\" tabindex=\"-1\"><\/a><\/div><\/div>\n\n\n\n<div class=\"wp-block-stackable-column stk-block-column stk-column stk-block stk-a05d4fb\" data-v=\"4\" data-block-id=\"a05d4fb\"><div class=\"stk-column-wrapper stk-block-column__content stk-container stk-a05d4fb-container stk--no-background stk--no-padding\"><div class=\"stk-block-content stk-inner-blocks stk-a05d4fb-inner-blocks\">\n<div class=\"wp-block-stackable-card stk-block-card stk-block stk-5b2c07c is-style-default\" data-v=\"2\" data-block-id=\"5b2c07c\"><div class=\"stk--no-padding stk-container stk-5b2c07c-container stk-hover-parent\"><div class=\"stk-container-padding stk-block-card__content\"><div class=\"stk-block-content stk-inner-blocks stk-5b2c07c-inner-blocks\">\n<div class=\"wp-block-stackable-icon stk-block-icon has-text-align-center stk-block stk-7d6d9e8\" data-block-id=\"7d6d9e8\"><span class=\"stk--svg-wrapper\"><div class=\"stk--inner-svg\"><svg style=\"height:0;width:0\"><defs><linearGradient id=\"linear-gradient-7d6d9e8\" x1=\"0\" x2=\"100%\" y1=\"0\" y2=\"0\"><stop offset=\"0%\" style=\"stop-opacity:1;stop-color:var(--linear-gradient-7-d-6-d-9-e-8-color-1)\"><\/stop><stop offset=\"100%\" style=\"stop-opacity:1;stop-color:var(--linear-gradient-7-d-6-d-9-e-8-color-2)\"><\/stop><\/linearGradient><\/defs><\/svg><svg xmlns=\"http:\/\/www.w3.org\/2000\/svg\" viewBox=\"0 0 512 512\" aria-hidden=\"true\" width=\"32\" height=\"32\"><path d=\"M240.1 4.2c9.8-5.6 21.9-5.6 31.8 0l171.8 98.1L448 104l0 .9 47.9 27.4c12.6 7.2 18.8 22 15.1 36s-16.4 23.8-30.9 23.8H32c-14.5 0-27.2-9.8-30.9-23.8s2.5-28.8 15.1-36L64 104.9V104l4.4-1.6L240.1 4.2zM64 224h64V416h40V224h64V416h48V224h64V416h40V224h64V420.3c.6 .3 1.2 .7 1.8 1.1l48 32c11.7 7.8 17 22.4 12.9 35.9S494.1 512 480 512H32c-14.1 0-26.5-9.2-30.6-22.7s1.1-28.1 12.9-35.9l48-32c.6-.4 1.2-.7 1.8-1.1V224z\"><\/path><\/svg><\/div><\/span><\/div>\n\n\n\n<h5 class=\"wp-block-heading has-text-align-center\">Geschichte<\/h5>\n<\/div><\/div><\/div><\/div>\n<\/div><a class=\"stk-link stk-block-link stk--transparent-overlay\" href=\"http:\/\/stadt-leipzig.htwk-leipzig.de\/lindenthal\/?page_id=15\" aria-hidden=\"true\" tabindex=\"-1\"><\/a><\/div><\/div>\n\n\n\n<div class=\"wp-block-stackable-column stk-block-column stk-column stk-block stk-1da7aed\" data-v=\"4\" data-block-id=\"1da7aed\"><div class=\"stk-column-wrapper stk-block-column__content stk-container stk-1da7aed-container stk--no-background stk--no-padding\"><div class=\"stk-block-content stk-inner-blocks stk-1da7aed-inner-blocks\">\n<div class=\"wp-block-stackable-card stk-block-card stk-block stk-c30e6ef is-style-default\" data-v=\"2\" data-block-id=\"c30e6ef\"><div class=\"stk--no-padding stk-container stk-c30e6ef-container stk-hover-parent\"><div class=\"stk-container-padding stk-block-card__content\"><div class=\"stk-block-content stk-inner-blocks stk-c30e6ef-inner-blocks\">\n<div class=\"wp-block-stackable-icon stk-block-icon has-text-align-center stk-block stk-aa1d0e7\" data-block-id=\"aa1d0e7\"><span class=\"stk--svg-wrapper\"><div class=\"stk--inner-svg\"><svg style=\"height:0;width:0\"><defs><linearGradient id=\"linear-gradient-aa1d0e7\" x1=\"0\" x2=\"100%\" y1=\"0\" y2=\"0\"><stop offset=\"0%\" style=\"stop-opacity:1;stop-color:var(--linear-gradient-aa-1-d-0-e-7-color-1)\"><\/stop><stop offset=\"100%\" style=\"stop-opacity:1;stop-color:var(--linear-gradient-aa-1-d-0-e-7-color-2)\"><\/stop><\/linearGradient><\/defs><\/svg><svg xmlns=\"http:\/\/www.w3.org\/2000\/svg\" viewBox=\"0 0 640 512\" aria-hidden=\"true\" width=\"32\" height=\"32\"><path d=\"M480 48c0-26.5-21.5-48-48-48H336c-26.5 0-48 21.5-48 48V96H224V24c0-13.3-10.7-24-24-24s-24 10.7-24 24V96H112V24c0-13.3-10.7-24-24-24S64 10.7 64 24V96H48C21.5 96 0 117.5 0 144v96V464c0 26.5 21.5 48 48 48H304h32 96H592c26.5 0 48-21.5 48-48V240c0-26.5-21.5-48-48-48H480V48zm96 320v32c0 8.8-7.2 16-16 16H528c-8.8 0-16-7.2-16-16V368c0-8.8 7.2-16 16-16h32c8.8 0 16 7.2 16 16zM240 416H208c-8.8 0-16-7.2-16-16V368c0-8.8 7.2-16 16-16h32c8.8 0 16 7.2 16 16v32c0 8.8-7.2 16-16 16zM128 400c0 8.8-7.2 16-16 16H80c-8.8 0-16-7.2-16-16V368c0-8.8 7.2-16 16-16h32c8.8 0 16 7.2 16 16v32zM560 256c8.8 0 16 7.2 16 16v32c0 8.8-7.2 16-16 16H528c-8.8 0-16-7.2-16-16V272c0-8.8 7.2-16 16-16h32zM256 176v32c0 8.8-7.2 16-16 16H208c-8.8 0-16-7.2-16-16V176c0-8.8 7.2-16 16-16h32c8.8 0 16 7.2 16 16zM112 160c8.8 0 16 7.2 16 16v32c0 8.8-7.2 16-16 16H80c-8.8 0-16-7.2-16-16V176c0-8.8 7.2-16 16-16h32zM256 304c0 8.8-7.2 16-16 16H208c-8.8 0-16-7.2-16-16V272c0-8.8 7.2-16 16-16h32c8.8 0 16 7.2 16 16v32zM112 320H80c-8.8 0-16-7.2-16-16V272c0-8.8 7.2-16 16-16h32c8.8 0 16 7.2 16 16v32c0 8.8-7.2 16-16 16zm304-48v32c0 8.8-7.2 16-16 16H368c-8.8 0-16-7.2-16-16V272c0-8.8 7.2-16 16-16h32c8.8 0 16 7.2 16 16zM400 64c8.8 0 16 7.2 16 16v32c0 8.8-7.2 16-16 16H368c-8.8 0-16-7.2-16-16V80c0-8.8 7.2-16 16-16h32zm16 112v32c0 8.8-7.2 16-16 16H368c-8.8 0-16-7.2-16-16V176c0-8.8 7.2-16 16-16h32c8.8 0 16 7.2 16 16z\"><\/path><\/svg><\/div><\/span><\/div>\n\n\n\n<h5 class=\"wp-block-heading has-text-align-center\">Wahrzeichen<\/h5>\n<\/div><\/div><\/div><\/div>\n<\/div><a class=\"stk-link stk-block-link stk--transparent-overlay\" href=\"http:\/\/stadt-leipzig.htwk-leipzig.de\/lindenthal\/?page_id=17\" aria-hidden=\"true\" tabindex=\"-1\"><\/a><\/div><\/div>\n\n\n\n<div class=\"wp-block-stackable-column stk-block-column stk-column stk-block stk-f06ec88\" data-v=\"4\" data-block-id=\"f06ec88\"><div class=\"stk-column-wrapper stk-block-column__content stk-container stk-f06ec88-container stk--no-background stk--no-padding\"><div class=\"stk-block-content stk-inner-blocks stk-f06ec88-inner-blocks\">\n<div class=\"wp-block-stackable-card stk-block-card stk-block stk-e80a557 is-style-default\" data-v=\"2\" data-block-id=\"e80a557\"><div class=\"stk--no-padding stk-container stk-e80a557-container stk-hover-parent\"><div class=\"stk-container-padding stk-block-card__content\"><div class=\"stk-block-content stk-inner-blocks stk-e80a557-inner-blocks\">\n<div class=\"wp-block-stackable-icon stk-block-icon has-text-align-center stk-block stk-132cd8d\" data-block-id=\"132cd8d\"><span class=\"stk--svg-wrapper\"><div class=\"stk--inner-svg\"><svg style=\"height:0;width:0\"><defs><linearGradient id=\"linear-gradient-132cd8d\" x1=\"0\" x2=\"100%\" y1=\"0\" y2=\"0\"><stop offset=\"0%\" style=\"stop-opacity:1;stop-color:var(--linear-gradient-132-cd-8-d-color-1)\"><\/stop><stop offset=\"100%\" style=\"stop-opacity:1;stop-color:var(--linear-gradient-132-cd-8-d-color-2)\"><\/stop><\/linearGradient><\/defs><\/svg><svg xmlns=\"http:\/\/www.w3.org\/2000\/svg\" viewBox=\"0 0 448 512\" aria-hidden=\"true\" width=\"32\" height=\"32\"><path d=\"M210.6 5.9L62 169.4c-3.9 4.2-6 9.8-6 15.5C56 197.7 66.3 208 79.1 208H104L30.6 281.4c-4.2 4.2-6.6 10-6.6 16C24 309.9 34.1 320 46.6 320H80L5.4 409.5C1.9 413.7 0 419 0 424.5c0 13 10.5 23.5 23.5 23.5H192v32c0 17.7 14.3 32 32 32s32-14.3 32-32V448H424.5c13 0 23.5-10.5 23.5-23.5c0-5.5-1.9-10.8-5.4-15L368 320h33.4c12.5 0 22.6-10.1 22.6-22.6c0-6-2.4-11.8-6.6-16L344 208h24.9c12.7 0 23.1-10.3 23.1-23.1c0-5.7-2.1-11.3-6-15.5L237.4 5.9C234 2.1 229.1 0 224 0s-10 2.1-13.4 5.9z\"><\/path><\/svg><\/div><\/span><\/div>\n\n\n\n<h5 class=\"wp-block-heading has-text-align-center\">Natur<\/h5>\n<\/div><\/div><\/div><\/div>\n<\/div><a class=\"stk-link stk-block-link stk--transparent-overlay\" href=\"http:\/\/stadt-leipzig.htwk-leipzig.de\/lindenthal\/?page_id=19\" aria-hidden=\"true\" tabindex=\"-1\"><\/a><\/div><\/div>\n\n\n\n<div class=\"wp-block-stackable-column stk-block-column stk-column stk-block stk-323ac54\" data-v=\"4\" data-block-id=\"323ac54\"><div class=\"stk-column-wrapper stk-block-column__content stk-container stk-323ac54-container stk--no-background stk--no-padding\"><div class=\"stk-block-content stk-inner-blocks stk-323ac54-inner-blocks\">\n<div class=\"wp-block-stackable-card stk-block-card stk-block stk-e41ccb7 is-style-default\" data-v=\"2\" data-block-id=\"e41ccb7\"><div class=\"stk--no-padding stk-container stk-e41ccb7-container stk-hover-parent\"><div class=\"stk-container-padding stk-block-card__content\"><div class=\"stk-block-content stk-inner-blocks stk-e41ccb7-inner-blocks\">\n<div class=\"wp-block-stackable-icon stk-block-icon has-text-align-center stk-block stk-ad89b6d\" data-block-id=\"ad89b6d\"><span class=\"stk--svg-wrapper\"><div class=\"stk--inner-svg\"><svg style=\"height:0;width:0\"><defs><linearGradient id=\"linear-gradient-ad89b6d\" x1=\"0\" x2=\"100%\" y1=\"0\" y2=\"0\"><stop offset=\"0%\" style=\"stop-opacity:1;stop-color:var(--linear-gradient-ad-89-b-6-d-color-1)\"><\/stop><stop offset=\"100%\" style=\"stop-opacity:1;stop-color:var(--linear-gradient-ad-89-b-6-d-color-2)\"><\/stop><\/linearGradient><\/defs><\/svg><svg xmlns=\"http:\/\/www.w3.org\/2000\/svg\" viewBox=\"0 0 384 512\" aria-hidden=\"true\" width=\"32\" height=\"32\"><path d=\"M256 64A64 64 0 1 0 128 64a64 64 0 1 0 128 0zM152.9 169.3c-23.7-8.4-44.5-24.3-58.8-45.8L74.6 94.2C64.8 79.5 45 75.6 30.2 85.4s-18.7 29.7-8.9 44.4L40.9 159c18.1 27.1 42.8 48.4 71.1 62.4V480c0 17.7 14.3 32 32 32s32-14.3 32-32V384h32v96c0 17.7 14.3 32 32 32s32-14.3 32-32V221.6c29.1-14.2 54.4-36.2 72.7-64.2l18.2-27.9c9.6-14.8 5.4-34.6-9.4-44.3s-34.6-5.5-44.3 9.4L291 122.4c-21.8 33.4-58.9 53.6-98.8 53.6c-12.6 0-24.9-2-36.6-5.8c-.9-.3-1.8-.7-2.7-.9z\"><\/path><\/svg><\/div><\/span><\/div>\n\n\n\n<h5 class=\"wp-block-heading has-text-align-center\">Aktivit\u00e4ten<\/h5>\n<\/div><\/div><\/div><\/div>\n<\/div><a class=\"stk-link stk-block-link stk--transparent-overlay\" href=\"http:\/\/stadt-leipzig.htwk-leipzig.de\/lindenthal\/?page_id=21\" aria-hidden=\"true\" tabindex=\"-1\"><\/a><\/div><\/div>\n<\/div><\/div>\n","protected":false},"excerpt":{"rendered":"<p>Willkommen in Leipzig-Lindenthal Sch\u00f6n, dass Sie vorbeischauen! Lindenthal, im gr\u00fcnen Nordwesten Leipzigs gelegen, vereint Geschichte, Natur und Gemeinschaftsleben. Diese Seite bietet Ihnen einen Einblick in unseren Stadtteil \u2013 von historischen Wurzeln bis zu aktuellen Entwicklungen.Erfahren Sie mehr \u00fcber spannende Fakten, entdecken Sie die bewegte Geschichte Lindenthals, lernen Sie lokale Sehensw\u00fcrdigkeiten kennen, erkunden Sie die umliegende [&hellip;]<\/p>\n","protected":false},"author":1,"featured_media":0,"parent":0,"menu_order":0,"comment_status":"closed","ping_status":"closed","template":"","meta":{"footnotes":""},"class_list":["post-11","page","type-page","status-publish","hentry"],"blocksy_meta":[],"_links":{"self":[{"href":"https:\/\/stadt-leipzig.htwk-leipzig.de\/lindenthal\/index.php?rest_route=\/wp\/v2\/pages\/11","targetHints":{"allow":["GET"]}}],"collection":[{"href":"https:\/\/stadt-leipzig.htwk-leipzig.de\/lindenthal\/index.php?rest_route=\/wp\/v2\/pages"}],"about":[{"href":"https:\/\/stadt-leipzig.htwk-leipzig.de\/lindenthal\/index.php?rest_route=\/wp\/v2\/types\/page"}],"author":[{"embeddable":true,"href":"https:\/\/stadt-leipzig.htwk-leipzig.de\/lindenthal\/index.php?rest_route=\/wp\/v2\/users\/1"}],"replies":[{"embeddable":true,"href":"https:\/\/stadt-leipzig.htwk-leipzig.de\/lindenthal\/index.php?rest_route=%2Fwp%2Fv2%2Fcomments&post=11"}],"version-history":[{"count":33,"href":"https:\/\/stadt-leipzig.htwk-leipzig.de\/lindenthal\/index.php?rest_route=\/wp\/v2\/pages\/11\/revisions"}],"predecessor-version":[{"id":358,"href":"https:\/\/stadt-leipzig.htwk-leipzig.de\/lindenthal\/index.php?rest_route=\/wp\/v2\/pages\/11\/revisions\/358"}],"wp:attachment":[{"href":"https:\/\/stadt-leipzig.htwk-leipzig.de\/lindenthal\/index.php?rest_route=%2Fwp%2Fv2%2Fmedia&parent=11"}],"curies":[{"name":"wp","href":"https:\/\/api.w.org\/{rel}","templated":true}]}}